{"id":134,"date":"2024-03-16T17:06:17","date_gmt":"2024-03-16T16:06:17","guid":{"rendered":"http:\/\/test.meble-vikola.pl\/?page_id=134"},"modified":"2024-03-30T10:54:06","modified_gmt":"2024-03-30T09:54:06","slug":"kuchnie","status":"publish","type":"page","link":"https:\/\/vikola.pl\/?page_id=134","title":{"rendered":"Kuchnie"},"content":{"rendered":"\n<figure class=\"wp-block-gallery has-nested-images columns-default is-cropped wp-block-gallery-1 is-layout-flex wp-block-gallery-is-layout-flex\">\n<figure class=\"wp-block-image size-medium is-style-default\"><a href=\"https:\/\/vikola.pl\/?page_id=153\"><img fetchpriority=\"high\" decoding=\"async\" width=\"300\" height=\"201\" data-id=\"135\" src=\"https:\/\/vikola.pl\/wp-content\/uploads\/2024\/03\/1_big-2-300x201.jpg\" alt=\"\" class=\"wp-image-135\" srcset=\"https:\/\/vikola.pl\/wp-content\/uploads\/2024\/03\/1_big-2-300x201.jpg 300w, https:\/\/vikola.pl\/wp-content\/uploads\/2024\/03\/1_big-2-1024x685.jpg 1024w, https:\/\/vikola.pl\/wp-content\/uploads\/2024\/03\/1_big-2-768x514.jpg 768w, https:\/\/vikola.pl\/wp-content\/uploads\/2024\/03\/1_big-2.jpg 1046w\" sizes=\"(max-width: 300px) 100vw, 300px\" \/><\/a><figcaption class=\"wp-element-caption\">SONY DSC<\/figcaption><\/figure>\n\n\n\n<figure class=\"wp-block-image size-medium\"><a href=\"https:\/\/vikola.pl\/?page_id=181\"><img decoding=\"async\" width=\"300\" height=\"192\" data-id=\"128\" src=\"https:\/\/vikola.pl\/wp-content\/uploads\/2024\/03\/1_big-1-300x192.jpg\" alt=\"\" class=\"wp-image-128\" srcset=\"https:\/\/vikola.pl\/wp-content\/uploads\/2024\/03\/1_big-1-300x192.jpg 300w, https:\/\/vikola.pl\/wp-content\/uploads\/2024\/03\/1_big-1.jpg 700w\" sizes=\"(max-width: 300px) 100vw, 300px\" \/><\/a><\/figure>\n\n\n\n<figure class=\"wp-block-image size-medium\"><a href=\"https:\/\/vikola.pl\/?page_id=209\"><img decoding=\"async\" width=\"300\" height=\"201\" data-id=\"218\" src=\"https:\/\/vikola.pl\/wp-content\/uploads\/2024\/03\/1_big-28-300x201.jpg\" alt=\"\" class=\"wp-image-218\" srcset=\"https:\/\/vikola.pl\/wp-content\/uploads\/2024\/03\/1_big-28-300x201.jpg 300w, https:\/\/vikola.pl\/wp-content\/uploads\/2024\/03\/1_big-28-1024x685.jpg 1024w, https:\/\/vikola.pl\/wp-content\/uploads\/2024\/03\/1_big-28-768x514.jpg 768w, https:\/\/vikola.pl\/wp-content\/uploads\/2024\/03\/1_big-28.jpg 1046w\" sizes=\"(max-width: 300px) 100vw, 300px\" \/><\/a><figcaption class=\"wp-element-caption\">SONY DSC<\/figcaption><\/figure>\n\n\n\n<figure class=\"wp-block-image size-medium\"><a href=\"https:\/\/vikola.pl\/?page_id=221\"><img loading=\"lazy\" decoding=\"async\" width=\"300\" height=\"201\" data-id=\"229\" src=\"https:\/\/vikola.pl\/wp-content\/uploads\/2024\/03\/1_big-30-300x201.jpg\" alt=\"\" class=\"wp-image-229\" srcset=\"https:\/\/vikola.pl\/wp-content\/uploads\/2024\/03\/1_big-30-300x201.jpg 300w, https:\/\/vikola.pl\/wp-content\/uploads\/2024\/03\/1_big-30.jpg 700w\" sizes=\"(max-width: 300px) 100vw, 300px\" \/><\/a><figcaption class=\"wp-element-caption\">SONY DSC<\/figcaption><\/figure>\n\n\n\n<figure class=\"wp-block-image size-medium\"><a href=\"https:\/\/vikola.pl\/?page_id=232\"><img loading=\"lazy\" decoding=\"async\" width=\"300\" height=\"201\" data-id=\"138\" src=\"https:\/\/vikola.pl\/wp-content\/uploads\/2024\/03\/1_big-5-300x201.jpg\" alt=\"\" class=\"wp-image-138\" srcset=\"https:\/\/vikola.pl\/wp-content\/uploads\/2024\/03\/1_big-5-300x201.jpg 300w, https:\/\/vikola.pl\/wp-content\/uploads\/2024\/03\/1_big-5-1024x685.jpg 1024w, https:\/\/vikola.pl\/wp-content\/uploads\/2024\/03\/1_big-5-768x514.jpg 768w, https:\/\/vikola.pl\/wp-content\/uploads\/2024\/03\/1_big-5.jpg 1046w\" sizes=\"(max-width: 300px) 100vw, 300px\" \/><\/a><figcaption class=\"wp-element-caption\">SONY DSC<\/figcaption><\/figure>\n\n\n\n<figure class=\"wp-block-image size-medium\"><a href=\"https:\/\/vikola.pl\/?page_id=244\"><img loading=\"lazy\" decoding=\"async\" width=\"300\" height=\"208\" data-id=\"139\" src=\"https:\/\/vikola.pl\/wp-content\/uploads\/2024\/03\/1_big-6-300x208.jpg\" alt=\"\" class=\"wp-image-139\" srcset=\"https:\/\/vikola.pl\/wp-content\/uploads\/2024\/03\/1_big-6-300x208.jpg 300w, https:\/\/vikola.pl\/wp-content\/uploads\/2024\/03\/1_big-6.jpg 670w\" sizes=\"(max-width: 300px) 100vw, 300px\" \/><\/a><\/figure>\n\n\n\n<figure class=\"wp-block-image size-medium\"><a href=\"https:\/\/vikola.pl\/?page_id=251\"><img loading=\"lazy\" decoding=\"async\" width=\"300\" height=\"201\" data-id=\"140\" src=\"https:\/\/vikola.pl\/wp-content\/uploads\/2024\/03\/1_big-7-300x201.jpg\" alt=\"\" class=\"wp-image-140\" srcset=\"https:\/\/vikola.pl\/wp-content\/uploads\/2024\/03\/1_big-7-300x201.jpg 300w, https:\/\/vikola.pl\/wp-content\/uploads\/2024\/03\/1_big-7-1024x685.jpg 1024w, https:\/\/vikola.pl\/wp-content\/uploads\/2024\/03\/1_big-7-768x514.jpg 768w, https:\/\/vikola.pl\/wp-content\/uploads\/2024\/03\/1_big-7.jpg 1046w\" sizes=\"(max-width: 300px) 100vw, 300px\" \/><\/a><figcaption class=\"wp-element-caption\">SONY DSC<\/figcaption><\/figure>\n\n\n\n<figure class=\"wp-block-image size-medium\"><a href=\"https:\/\/vikola.pl\/?page_id=260\"><img loading=\"lazy\" decoding=\"async\" width=\"300\" height=\"201\" data-id=\"141\" src=\"https:\/\/vikola.pl\/wp-content\/uploads\/2024\/03\/1_big-8-300x201.jpg\" alt=\"\" class=\"wp-image-141\" srcset=\"https:\/\/vikola.pl\/wp-content\/uploads\/2024\/03\/1_big-8-300x201.jpg 300w, https:\/\/vikola.pl\/wp-content\/uploads\/2024\/03\/1_big-8-1024x685.jpg 1024w, https:\/\/vikola.pl\/wp-content\/uploads\/2024\/03\/1_big-8-768x514.jpg 768w, https:\/\/vikola.pl\/wp-content\/uploads\/2024\/03\/1_big-8.jpg 1046w\" sizes=\"(max-width: 300px) 100vw, 300px\" \/><\/a><figcaption class=\"wp-element-caption\">SONY DSC<\/figcaption><\/figure>\n\n\n\n<figure class=\"wp-block-image size-medium\"><a href=\"https:\/\/vikola.pl\/?page_id=276\"><img loading=\"lazy\" decoding=\"async\" width=\"300\" height=\"201\" data-id=\"142\" src=\"https:\/\/vikola.pl\/wp-content\/uploads\/2024\/03\/1_BIG-9-300x201.jpg\" alt=\"\" class=\"wp-image-142\" srcset=\"https:\/\/vikola.pl\/wp-content\/uploads\/2024\/03\/1_BIG-9-300x201.jpg 300w, https:\/\/vikola.pl\/wp-content\/uploads\/2024\/03\/1_BIG-9-1024x685.jpg 1024w, https:\/\/vikola.pl\/wp-content\/uploads\/2024\/03\/1_BIG-9-768x514.jpg 768w, https:\/\/vikola.pl\/wp-content\/uploads\/2024\/03\/1_BIG-9.jpg 1046w\" sizes=\"(max-width: 300px) 100vw, 300px\" \/><\/a><figcaption class=\"wp-element-caption\">SONY DSC<\/figcaption><\/figure>\n\n\n\n<figure class=\"wp-block-image size-medium\"><a href=\"https:\/\/vikola.pl\/?page_id=286\"><img loading=\"lazy\" decoding=\"async\" width=\"300\" height=\"201\" data-id=\"297\" src=\"https:\/\/vikola.pl\/wp-content\/uploads\/2024\/03\/1_BIG-37-300x201.jpg\" alt=\"\" class=\"wp-image-297\" srcset=\"https:\/\/vikola.pl\/wp-content\/uploads\/2024\/03\/1_BIG-37-300x201.jpg 300w, https:\/\/vikola.pl\/wp-content\/uploads\/2024\/03\/1_BIG-37-1024x685.jpg 1024w, https:\/\/vikola.pl\/wp-content\/uploads\/2024\/03\/1_BIG-37-768x514.jpg 768w, https:\/\/vikola.pl\/wp-content\/uploads\/2024\/03\/1_BIG-37.jpg 1046w\" sizes=\"(max-width: 300px) 100vw, 300px\" \/><\/a><figcaption class=\"wp-element-caption\">SONY DSC<\/figcaption><\/figure>\n\n\n\n<figure class=\"wp-block-image size-medium\"><a href=\"https:\/\/vikola.pl\/?page_id=299\"><img loading=\"lazy\" decoding=\"async\" width=\"214\" height=\"300\" data-id=\"144\" src=\"https:\/\/vikola.pl\/wp-content\/uploads\/2024\/03\/1_big-11-214x300.jpg\" alt=\"\" class=\"wp-image-144\" srcset=\"https:\/\/vikola.pl\/wp-content\/uploads\/2024\/03\/1_big-11-214x300.jpg 214w, https:\/\/vikola.pl\/wp-content\/uploads\/2024\/03\/1_big-11.jpg 500w\" sizes=\"(max-width: 214px) 100vw, 214px\" \/><\/a><figcaption class=\"wp-element-caption\">SONY DSC<\/figcaption><\/figure>\n\n\n\n<figure class=\"wp-block-image size-medium\"><a href=\"https:\/\/vikola.pl\/?page_id=308\"><img loading=\"lazy\" decoding=\"async\" width=\"300\" height=\"201\" data-id=\"145\" src=\"https:\/\/vikola.pl\/wp-content\/uploads\/2024\/03\/1_big-12-300x201.jpg\" alt=\"\" class=\"wp-image-145\" srcset=\"https:\/\/vikola.pl\/wp-content\/uploads\/2024\/03\/1_big-12-300x201.jpg 300w, https:\/\/vikola.pl\/wp-content\/uploads\/2024\/03\/1_big-12-1024x685.jpg 1024w, https:\/\/vikola.pl\/wp-content\/uploads\/2024\/03\/1_big-12-768x514.jpg 768w, https:\/\/vikola.pl\/wp-content\/uploads\/2024\/03\/1_big-12.jpg 1046w\" sizes=\"(max-width: 300px) 100vw, 300px\" \/><\/a><figcaption class=\"wp-element-caption\">SONY DSC<\/figcaption><\/figure>\n\n\n\n<figure class=\"wp-block-image size-medium\"><a href=\"https:\/\/vikola.pl\/?page_id=319\"><img loading=\"lazy\" decoding=\"async\" width=\"300\" height=\"200\" data-id=\"146\" src=\"https:\/\/vikola.pl\/wp-content\/uploads\/2024\/03\/1_big-13-300x200.jpg\" alt=\"\" class=\"wp-image-146\" srcset=\"https:\/\/vikola.pl\/wp-content\/uploads\/2024\/03\/1_big-13-300x200.jpg 300w, https:\/\/vikola.pl\/wp-content\/uploads\/2024\/03\/1_big-13-1024x682.jpg 1024w, https:\/\/vikola.pl\/wp-content\/uploads\/2024\/03\/1_big-13-768x512.jpg 768w, https:\/\/vikola.pl\/wp-content\/uploads\/2024\/03\/1_big-13.jpg 1051w\" sizes=\"(max-width: 300px) 100vw, 300px\" \/><\/a><figcaption class=\"wp-element-caption\">SONY DSC<\/figcaption><\/figure>\n\n\n\n<figure class=\"wp-block-image size-medium\"><a href=\"https:\/\/vikola.pl\/?page_id=329\"><img loading=\"lazy\" decoding=\"async\" width=\"300\" height=\"199\" data-id=\"147\" src=\"https:\/\/vikola.pl\/wp-content\/uploads\/2024\/03\/1_big-14-300x199.jpg\" alt=\"\" class=\"wp-image-147\" srcset=\"https:\/\/vikola.pl\/wp-content\/uploads\/2024\/03\/1_big-14-300x199.jpg 300w, https:\/\/vikola.pl\/wp-content\/uploads\/2024\/03\/1_big-14.jpg 700w\" sizes=\"(max-width: 300px) 100vw, 300px\" \/><\/a><\/figure>\n\n\n\n<figure class=\"wp-block-image size-medium\"><a href=\"https:\/\/vikola.pl\/?page_id=334\"><img loading=\"lazy\" decoding=\"async\" width=\"201\" height=\"300\" data-id=\"148\" src=\"https:\/\/vikola.pl\/wp-content\/uploads\/2024\/03\/1_big-15-201x300.jpg\" alt=\"\" class=\"wp-image-148\" srcset=\"https:\/\/vikola.pl\/wp-content\/uploads\/2024\/03\/1_big-15-201x300.jpg 201w, https:\/\/vikola.pl\/wp-content\/uploads\/2024\/03\/1_big-15.jpg 500w\" sizes=\"(max-width: 201px) 100vw, 201px\" \/><\/a><figcaption class=\"wp-element-caption\">SONY DSC<\/figcaption><\/figure>\n\n\n\n<figure class=\"wp-block-image size-medium\"><a href=\"https:\/\/vikola.pl\/?page_id=349\"><img loading=\"lazy\" decoding=\"async\" width=\"214\" height=\"300\" data-id=\"149\" src=\"https:\/\/vikola.pl\/wp-content\/uploads\/2024\/03\/1_big-16-214x300.jpg\" alt=\"\" class=\"wp-image-149\" srcset=\"https:\/\/vikola.pl\/wp-content\/uploads\/2024\/03\/1_big-16-214x300.jpg 214w, https:\/\/vikola.pl\/wp-content\/uploads\/2024\/03\/1_big-16.jpg 500w\" sizes=\"(max-width: 214px) 100vw, 214px\" \/><\/a><figcaption class=\"wp-element-caption\">SONY DSC<\/figcaption><\/figure>\n\n\n\n<figure class=\"wp-block-image size-medium\"><a href=\"https:\/\/vikola.pl\/?page_id=366\"><img loading=\"lazy\" decoding=\"async\" width=\"300\" height=\"225\" data-id=\"363\" src=\"https:\/\/vikola.pl\/wp-content\/uploads\/2024\/03\/1_big-44-300x225.jpg\" alt=\"\" class=\"wp-image-363\" srcset=\"https:\/\/vikola.pl\/wp-content\/uploads\/2024\/03\/1_big-44-300x225.jpg 300w, https:\/\/vikola.pl\/wp-content\/uploads\/2024\/03\/1_big-44-768x576.jpg 768w, https:\/\/vikola.pl\/wp-content\/uploads\/2024\/03\/1_big-44.jpg 933w\" sizes=\"(max-width: 300px) 100vw, 300px\" \/><\/a><\/figure>\n\n\n\n<figure class=\"wp-block-image size-medium\"><a href=\"https:\/\/vikola.pl\/?page_id=372\"><img loading=\"lazy\" decoding=\"async\" width=\"300\" height=\"199\" data-id=\"364\" src=\"https:\/\/vikola.pl\/wp-content\/uploads\/2024\/03\/1_big-45-300x199.jpg\" alt=\"\" class=\"wp-image-364\" srcset=\"https:\/\/vikola.pl\/wp-content\/uploads\/2024\/03\/1_big-45-300x199.jpg 300w, https:\/\/vikola.pl\/wp-content\/uploads\/2024\/03\/1_big-45-1024x681.jpg 1024w, https:\/\/vikola.pl\/wp-content\/uploads\/2024\/03\/1_big-45-768x511.jpg 768w, https:\/\/vikola.pl\/wp-content\/uploads\/2024\/03\/1_big-45.jpg 1053w\" sizes=\"(max-width: 300px) 100vw, 300px\" \/><\/a><\/figure>\n<\/figure>\n","protected":false},"excerpt":{"rendered":"","protected":false},"author":1,"featured_media":0,"parent":0,"menu_order":0,"comment_status":"closed","ping_status":"closed","template":"","meta":{"footnotes":""},"class_list":["post-134","page","type-page","status-publish","hentry"],"yoast_head":"<!-- This site is optimized with the Yoast SEO plugin v22.2 - https:\/\/yoast.com\/wordpress\/plugins\/seo\/ -->\n<title>Kuchnie - meble-vikola<\/title>\n<meta name=\"robots\" content=\"index, follow, max-snippet:-1, max-image-preview:large, max-video-preview:-1\" \/>\n<link rel=\"canonical\" href=\"https:\/\/vikola.pl\/?page_id=134\" \/>\n<meta property=\"og:locale\" content=\"en_US\" \/>\n<meta property=\"og:type\" content=\"article\" \/>\n<meta property=\"og:title\" content=\"Kuchnie - meble-vikola\" \/>\n<meta property=\"og:url\" content=\"https:\/\/vikola.pl\/?page_id=134\" \/>\n<meta property=\"og:site_name\" content=\"meble-vikola\" \/>\n<meta property=\"article:modified_time\" content=\"2024-03-30T09:54:06+00:00\" \/>\n<meta property=\"og:image\" content=\"https:\/\/vikola.pl\/wp-content\/uploads\/2024\/03\/1_big-2-300x201.jpg\" \/>\n<meta name=\"twitter:card\" content=\"summary_large_image\" \/>\n<meta name=\"twitter:label1\" content=\"Est. reading time\" \/>\n\t<meta name=\"twitter:data1\" content=\"4 minutes\" \/>\n<script type=\"application\/ld+json\" class=\"yoast-schema-graph\">{\"@context\":\"https:\/\/schema.org\",\"@graph\":[{\"@type\":\"WebPage\",\"@id\":\"https:\/\/vikola.pl\/?page_id=134\",\"url\":\"https:\/\/vikola.pl\/?page_id=134\",\"name\":\"Kuchnie - meble-vikola\",\"isPartOf\":{\"@id\":\"https:\/\/vikola.pl\/#website\"},\"primaryImageOfPage\":{\"@id\":\"https:\/\/vikola.pl\/?page_id=134#primaryimage\"},\"image\":{\"@id\":\"https:\/\/vikola.pl\/?page_id=134#primaryimage\"},\"thumbnailUrl\":\"https:\/\/vikola.pl\/wp-content\/uploads\/2024\/03\/1_big-2-300x201.jpg\",\"datePublished\":\"2024-03-16T16:06:17+00:00\",\"dateModified\":\"2024-03-30T09:54:06+00:00\",\"breadcrumb\":{\"@id\":\"https:\/\/vikola.pl\/?page_id=134#breadcrumb\"},\"inLanguage\":\"en-US\",\"potentialAction\":[{\"@type\":\"ReadAction\",\"target\":[\"https:\/\/vikola.pl\/?page_id=134\"]}]},{\"@type\":\"ImageObject\",\"inLanguage\":\"en-US\",\"@id\":\"https:\/\/vikola.pl\/?page_id=134#primaryimage\",\"url\":\"https:\/\/vikola.pl\/wp-content\/uploads\/2024\/03\/1_big-2.jpg\",\"contentUrl\":\"https:\/\/vikola.pl\/wp-content\/uploads\/2024\/03\/1_big-2.jpg\",\"width\":1046,\"height\":700,\"caption\":\"SONY DSC\"},{\"@type\":\"BreadcrumbList\",\"@id\":\"https:\/\/vikola.pl\/?page_id=134#breadcrumb\",\"itemListElement\":[{\"@type\":\"ListItem\",\"position\":1,\"name\":\"Home\",\"item\":\"https:\/\/vikola.pl\/\"},{\"@type\":\"ListItem\",\"position\":2,\"name\":\"Kuchnie\"}]},{\"@type\":\"WebSite\",\"@id\":\"https:\/\/vikola.pl\/#website\",\"url\":\"https:\/\/vikola.pl\/\",\"name\":\"meble-vikola\",\"description\":\"Rozwijamy si\u0119 w\u0142a\u015bnie dla was\",\"publisher\":{\"@id\":\"https:\/\/vikola.pl\/#organization\"},\"potentialAction\":[{\"@type\":\"SearchAction\",\"target\":{\"@type\":\"EntryPoint\",\"urlTemplate\":\"https:\/\/vikola.pl\/?s={search_term_string}\"},\"query-input\":\"required name=search_term_string\"}],\"inLanguage\":\"en-US\"},{\"@type\":\"Organization\",\"@id\":\"https:\/\/vikola.pl\/#organization\",\"name\":\"meble-vikola\",\"url\":\"https:\/\/vikola.pl\/\",\"logo\":{\"@type\":\"ImageObject\",\"inLanguage\":\"en-US\",\"@id\":\"https:\/\/vikola.pl\/#\/schema\/logo\/image\/\",\"url\":\"https:\/\/vikola.pl\/wp-content\/uploads\/2024\/03\/vikola-logo-bez.jpg\",\"contentUrl\":\"https:\/\/vikola.pl\/wp-content\/uploads\/2024\/03\/vikola-logo-bez.jpg\",\"width\":152,\"height\":129,\"caption\":\"meble-vikola\"},\"image\":{\"@id\":\"https:\/\/vikola.pl\/#\/schema\/logo\/image\/\"}}]}<\/script>\n<!-- \/ Yoast SEO plugin. -->","yoast_head_json":{"title":"Kuchnie - meble-vikola","robots":{"index":"index","follow":"follow","max-snippet":"max-snippet:-1","max-image-preview":"max-image-preview:large","max-video-preview":"max-video-preview:-1"},"canonical":"https:\/\/vikola.pl\/?page_id=134","og_locale":"en_US","og_type":"article","og_title":"Kuchnie - meble-vikola","og_url":"https:\/\/vikola.pl\/?page_id=134","og_site_name":"meble-vikola","article_modified_time":"2024-03-30T09:54:06+00:00","og_image":[{"url":"https:\/\/vikola.pl\/wp-content\/uploads\/2024\/03\/1_big-2-300x201.jpg"}],"twitter_card":"summary_large_image","twitter_misc":{"Est. reading time":"4 minutes"},"schema":{"@context":"https:\/\/schema.org","@graph":[{"@type":"WebPage","@id":"https:\/\/vikola.pl\/?page_id=134","url":"https:\/\/vikola.pl\/?page_id=134","name":"Kuchnie - meble-vikola","isPartOf":{"@id":"https:\/\/vikola.pl\/#website"},"primaryImageOfPage":{"@id":"https:\/\/vikola.pl\/?page_id=134#primaryimage"},"image":{"@id":"https:\/\/vikola.pl\/?page_id=134#primaryimage"},"thumbnailUrl":"https:\/\/vikola.pl\/wp-content\/uploads\/2024\/03\/1_big-2-300x201.jpg","datePublished":"2024-03-16T16:06:17+00:00","dateModified":"2024-03-30T09:54:06+00:00","breadcrumb":{"@id":"https:\/\/vikola.pl\/?page_id=134#breadcrumb"},"inLanguage":"en-US","potentialAction":[{"@type":"ReadAction","target":["https:\/\/vikola.pl\/?page_id=134"]}]},{"@type":"ImageObject","inLanguage":"en-US","@id":"https:\/\/vikola.pl\/?page_id=134#primaryimage","url":"https:\/\/vikola.pl\/wp-content\/uploads\/2024\/03\/1_big-2.jpg","contentUrl":"https:\/\/vikola.pl\/wp-content\/uploads\/2024\/03\/1_big-2.jpg","width":1046,"height":700,"caption":"SONY DSC"},{"@type":"BreadcrumbList","@id":"https:\/\/vikola.pl\/?page_id=134#breadcrumb","itemListElement":[{"@type":"ListItem","position":1,"name":"Home","item":"https:\/\/vikola.pl\/"},{"@type":"ListItem","position":2,"name":"Kuchnie"}]},{"@type":"WebSite","@id":"https:\/\/vikola.pl\/#website","url":"https:\/\/vikola.pl\/","name":"meble-vikola","description":"Rozwijamy si\u0119 w\u0142a\u015bnie dla was","publisher":{"@id":"https:\/\/vikola.pl\/#organization"},"potentialAction":[{"@type":"SearchAction","target":{"@type":"EntryPoint","urlTemplate":"https:\/\/vikola.pl\/?s={search_term_string}"},"query-input":"required name=search_term_string"}],"inLanguage":"en-US"},{"@type":"Organization","@id":"https:\/\/vikola.pl\/#organization","name":"meble-vikola","url":"https:\/\/vikola.pl\/","logo":{"@type":"ImageObject","inLanguage":"en-US","@id":"https:\/\/vikola.pl\/#\/schema\/logo\/image\/","url":"https:\/\/vikola.pl\/wp-content\/uploads\/2024\/03\/vikola-logo-bez.jpg","contentUrl":"https:\/\/vikola.pl\/wp-content\/uploads\/2024\/03\/vikola-logo-bez.jpg","width":152,"height":129,"caption":"meble-vikola"},"image":{"@id":"https:\/\/vikola.pl\/#\/schema\/logo\/image\/"}}]}},"_links":{"self":[{"href":"https:\/\/vikola.pl\/index.php?rest_route=\/wp\/v2\/pages\/134","targetHints":{"allow":["GET"]}}],"collection":[{"href":"https:\/\/vikola.pl\/index.php?rest_route=\/wp\/v2\/pages"}],"about":[{"href":"https:\/\/vikola.pl\/index.php?rest_route=\/wp\/v2\/types\/page"}],"author":[{"embeddable":true,"href":"https:\/\/vikola.pl\/index.php?rest_route=\/wp\/v2\/users\/1"}],"replies":[{"embeddable":true,"href":"https:\/\/vikola.pl\/index.php?rest_route=%2Fwp%2Fv2%2Fcomments&post=134"}],"version-history":[{"count":22,"href":"https:\/\/vikola.pl\/index.php?rest_route=\/wp\/v2\/pages\/134\/revisions"}],"predecessor-version":[{"id":592,"href":"https:\/\/vikola.pl\/index.php?rest_route=\/wp\/v2\/pages\/134\/revisions\/592"}],"wp:attachment":[{"href":"https:\/\/vikola.pl\/index.php?rest_route=%2Fwp%2Fv2%2Fmedia&parent=134"}],"curies":[{"name":"wp","href":"https:\/\/api.w.org\/{rel}","templated":true}]}}