{"id":181,"date":"2024-03-16T17:57:55","date_gmt":"2024-03-16T16:57:55","guid":{"rendered":"http:\/\/test.meble-vikola.pl\/?page_id=181"},"modified":"2024-03-30T10:42:52","modified_gmt":"2024-03-30T09:42:52","slug":"kuchnia-2","status":"publish","type":"page","link":"https:\/\/vikola.pl\/?page_id=181","title":{"rendered":"kuchnia 2"},"content":{"rendered":"\n<p>Ta kuchnia to dow\u00f3d na to, \u017ce moda na bia\u0142y front nigdy nie przeminie-po prostu biel jest ponad czasowa. Bia\u0142y lakier polerowany doskonale komponuje si\u0119 z aluminiowym uchwytem liniowym i aluminiowym coko\u0142em. Czarny, kamienny blat jest przepi\u0119knym dope\u0142nieniem tego zestawu.<\/p>\n\n\n\n<figure class=\"wp-block-gallery has-nested-images columns-default is-cropped wp-block-gallery-1 is-layout-flex wp-block-gallery-is-layout-flex\">\n<figure class=\"wp-block-image size-large\"><img fetchpriority=\"high\" decoding=\"async\" width=\"700\" height=\"449\" data-id=\"183\" src=\"https:\/\/vikola.pl\/wp-content\/uploads\/2024\/03\/1_big-19.jpg\" alt=\"\" class=\"wp-image-183\" srcset=\"https:\/\/vikola.pl\/wp-content\/uploads\/2024\/03\/1_big-19.jpg 700w, https:\/\/vikola.pl\/wp-content\/uploads\/2024\/03\/1_big-19-300x192.jpg 300w\" sizes=\"(max-width: 700px) 100vw, 700px\" \/><\/figure>\n\n\n\n<figure class=\"wp-block-image size-large\"><img decoding=\"async\" width=\"858\" height=\"500\" data-id=\"184\" src=\"https:\/\/vikola.pl\/wp-content\/uploads\/2024\/03\/2_big-1.jpg\" alt=\"\" class=\"wp-image-184\" srcset=\"https:\/\/vikola.pl\/wp-content\/uploads\/2024\/03\/2_big-1.jpg 858w, https:\/\/vikola.pl\/wp-content\/uploads\/2024\/03\/2_big-1-300x175.jpg 300w, https:\/\/vikola.pl\/wp-content\/uploads\/2024\/03\/2_big-1-768x448.jpg 768w\" sizes=\"(max-width: 858px) 100vw, 858px\" \/><\/figure>\n\n\n\n<figure class=\"wp-block-image size-large\"><img decoding=\"async\" width=\"810\" height=\"500\" data-id=\"185\" src=\"https:\/\/vikola.pl\/wp-content\/uploads\/2024\/03\/3_big-1.jpg\" alt=\"\" class=\"wp-image-185\" srcset=\"https:\/\/vikola.pl\/wp-content\/uploads\/2024\/03\/3_big-1.jpg 810w, https:\/\/vikola.pl\/wp-content\/uploads\/2024\/03\/3_big-1-300x185.jpg 300w, https:\/\/vikola.pl\/wp-content\/uploads\/2024\/03\/3_big-1-768x474.jpg 768w\" sizes=\"(max-width: 810px) 100vw, 810px\" \/><\/figure>\n\n\n\n<figure class=\"wp-block-image size-large\"><img loading=\"lazy\" decoding=\"async\" width=\"800\" height=\"500\" data-id=\"186\" src=\"https:\/\/vikola.pl\/wp-content\/uploads\/2024\/03\/4_big-1.jpg\" alt=\"\" class=\"wp-image-186\" srcset=\"https:\/\/vikola.pl\/wp-content\/uploads\/2024\/03\/4_big-1.jpg 800w, https:\/\/vikola.pl\/wp-content\/uploads\/2024\/03\/4_big-1-300x188.jpg 300w, https:\/\/vikola.pl\/wp-content\/uploads\/2024\/03\/4_big-1-768x480.jpg 768w\" sizes=\"(max-width: 800px) 100vw, 800px\" \/><\/figure>\n\n\n\n<figure class=\"wp-block-image size-large\"><img loading=\"lazy\" decoding=\"async\" width=\"1024\" height=\"441\" data-id=\"182\" src=\"https:\/\/vikola.pl\/wp-content\/uploads\/2024\/03\/5_big-1-1024x441.jpg\" alt=\"\" class=\"wp-image-182\" srcset=\"https:\/\/vikola.pl\/wp-content\/uploads\/2024\/03\/5_big-1-1024x441.jpg 1024w, https:\/\/vikola.pl\/wp-content\/uploads\/2024\/03\/5_big-1-300x129.jpg 300w, https:\/\/vikola.pl\/wp-content\/uploads\/2024\/03\/5_big-1-768x331.jpg 768w, https:\/\/vikola.pl\/wp-content\/uploads\/2024\/03\/5_big-1.jpg 1161w\" sizes=\"(max-width: 1024px) 100vw, 1024px\" \/><\/figure>\n\n\n\n<figure class=\"wp-block-image size-large\"><img loading=\"lazy\" decoding=\"async\" width=\"451\" height=\"500\" data-id=\"187\" src=\"https:\/\/vikola.pl\/wp-content\/uploads\/2024\/03\/6_big-1.jpg\" alt=\"\" class=\"wp-image-187\" srcset=\"https:\/\/vikola.pl\/wp-content\/uploads\/2024\/03\/6_big-1.jpg 451w, https:\/\/vikola.pl\/wp-content\/uploads\/2024\/03\/6_big-1-271x300.jpg 271w\" sizes=\"(max-width: 451px) 100vw, 451px\" \/><\/figure>\n\n\n\n<figure class=\"wp-block-image size-large\"><img loading=\"lazy\" decoding=\"async\" width=\"871\" height=\"500\" data-id=\"188\" src=\"https:\/\/vikola.pl\/wp-content\/uploads\/2024\/03\/7_big-1.jpg\" alt=\"\" class=\"wp-image-188\" srcset=\"https:\/\/vikola.pl\/wp-content\/uploads\/2024\/03\/7_big-1.jpg 871w, https:\/\/vikola.pl\/wp-content\/uploads\/2024\/03\/7_big-1-300x172.jpg 300w, https:\/\/vikola.pl\/wp-content\/uploads\/2024\/03\/7_big-1-768x441.jpg 768w\" sizes=\"(max-width: 871px) 100vw, 871px\" \/><\/figure>\n<\/figure>\n","protected":false},"excerpt":{"rendered":"<p>Ta kuchnia to dow\u00f3d na to, \u017ce moda na bia\u0142y front nigdy nie przeminie-po prostu biel jest ponad czasowa. Bia\u0142y lakier polerowany doskonale komponuje si\u0119 z aluminiowym uchwytem liniowym i aluminiowym coko\u0142em. Czarny, kamienny blat jest przepi\u0119knym dope\u0142nieniem tego zestawu.<\/p>\n","protected":false},"author":1,"featured_media":0,"parent":0,"menu_order":0,"comment_status":"closed","ping_status":"closed","template":"","meta":{"footnotes":""},"class_list":["post-181","page","type-page","status-publish","hentry"],"yoast_head":"<!-- This site is optimized with the Yoast SEO plugin v22.2 - https:\/\/yoast.com\/wordpress\/plugins\/seo\/ -->\n<title>kuchnia 2 - meble-vikola<\/title>\n<meta name=\"robots\" content=\"index, follow, max-snippet:-1, max-image-preview:large, max-video-preview:-1\" \/>\n<link rel=\"canonical\" href=\"https:\/\/vikola.pl\/?page_id=181\" \/>\n<meta property=\"og:locale\" content=\"en_US\" \/>\n<meta property=\"og:type\" content=\"article\" \/>\n<meta property=\"og:title\" content=\"kuchnia 2 - meble-vikola\" \/>\n<meta property=\"og:description\" content=\"Ta kuchnia to dow\u00f3d na to, \u017ce moda na bia\u0142y front nigdy nie przeminie-po prostu biel jest ponad czasowa. Bia\u0142y lakier polerowany doskonale komponuje si\u0119 z aluminiowym uchwytem liniowym i aluminiowym coko\u0142em. Czarny, kamienny blat jest przepi\u0119knym dope\u0142nieniem tego zestawu.\" \/>\n<meta property=\"og:url\" content=\"https:\/\/vikola.pl\/?page_id=181\" \/>\n<meta property=\"og:site_name\" content=\"meble-vikola\" \/>\n<meta property=\"article:modified_time\" content=\"2024-03-30T09:42:52+00:00\" \/>\n<meta property=\"og:image\" content=\"https:\/\/vikola.pl\/wp-content\/uploads\/2024\/03\/1_big-19.jpg\" \/>\n<meta name=\"twitter:card\" content=\"summary_large_image\" \/>\n<meta name=\"twitter:label1\" content=\"Est. reading time\" \/>\n\t<meta name=\"twitter:data1\" content=\"2 minutes\" \/>\n<script type=\"application\/ld+json\" class=\"yoast-schema-graph\">{\"@context\":\"https:\/\/schema.org\",\"@graph\":[{\"@type\":\"WebPage\",\"@id\":\"https:\/\/vikola.pl\/?page_id=181\",\"url\":\"https:\/\/vikola.pl\/?page_id=181\",\"name\":\"kuchnia 2 - meble-vikola\",\"isPartOf\":{\"@id\":\"https:\/\/vikola.pl\/#website\"},\"primaryImageOfPage\":{\"@id\":\"https:\/\/vikola.pl\/?page_id=181#primaryimage\"},\"image\":{\"@id\":\"https:\/\/vikola.pl\/?page_id=181#primaryimage\"},\"thumbnailUrl\":\"https:\/\/vikola.pl\/wp-content\/uploads\/2024\/03\/1_big-19.jpg\",\"datePublished\":\"2024-03-16T16:57:55+00:00\",\"dateModified\":\"2024-03-30T09:42:52+00:00\",\"breadcrumb\":{\"@id\":\"https:\/\/vikola.pl\/?page_id=181#breadcrumb\"},\"inLanguage\":\"en-US\",\"potentialAction\":[{\"@type\":\"ReadAction\",\"target\":[\"https:\/\/vikola.pl\/?page_id=181\"]}]},{\"@type\":\"ImageObject\",\"inLanguage\":\"en-US\",\"@id\":\"https:\/\/vikola.pl\/?page_id=181#primaryimage\",\"url\":\"https:\/\/vikola.pl\/wp-content\/uploads\/2024\/03\/1_big-19.jpg\",\"contentUrl\":\"https:\/\/vikola.pl\/wp-content\/uploads\/2024\/03\/1_big-19.jpg\",\"width\":700,\"height\":449},{\"@type\":\"BreadcrumbList\",\"@id\":\"https:\/\/vikola.pl\/?page_id=181#breadcrumb\",\"itemListElement\":[{\"@type\":\"ListItem\",\"position\":1,\"name\":\"Home\",\"item\":\"https:\/\/vikola.pl\/\"},{\"@type\":\"ListItem\",\"position\":2,\"name\":\"kuchnia 2\"}]},{\"@type\":\"WebSite\",\"@id\":\"https:\/\/vikola.pl\/#website\",\"url\":\"https:\/\/vikola.pl\/\",\"name\":\"meble-vikola\",\"description\":\"Rozwijamy si\u0119 w\u0142a\u015bnie dla was\",\"publisher\":{\"@id\":\"https:\/\/vikola.pl\/#organization\"},\"potentialAction\":[{\"@type\":\"SearchAction\",\"target\":{\"@type\":\"EntryPoint\",\"urlTemplate\":\"https:\/\/vikola.pl\/?s={search_term_string}\"},\"query-input\":\"required name=search_term_string\"}],\"inLanguage\":\"en-US\"},{\"@type\":\"Organization\",\"@id\":\"https:\/\/vikola.pl\/#organization\",\"name\":\"meble-vikola\",\"url\":\"https:\/\/vikola.pl\/\",\"logo\":{\"@type\":\"ImageObject\",\"inLanguage\":\"en-US\",\"@id\":\"https:\/\/vikola.pl\/#\/schema\/logo\/image\/\",\"url\":\"https:\/\/vikola.pl\/wp-content\/uploads\/2024\/03\/vikola-logo-bez.jpg\",\"contentUrl\":\"https:\/\/vikola.pl\/wp-content\/uploads\/2024\/03\/vikola-logo-bez.jpg\",\"width\":152,\"height\":129,\"caption\":\"meble-vikola\"},\"image\":{\"@id\":\"https:\/\/vikola.pl\/#\/schema\/logo\/image\/\"}}]}<\/script>\n<!-- \/ Yoast SEO plugin. -->","yoast_head_json":{"title":"kuchnia 2 - meble-vikola","robots":{"index":"index","follow":"follow","max-snippet":"max-snippet:-1","max-image-preview":"max-image-preview:large","max-video-preview":"max-video-preview:-1"},"canonical":"https:\/\/vikola.pl\/?page_id=181","og_locale":"en_US","og_type":"article","og_title":"kuchnia 2 - meble-vikola","og_description":"Ta kuchnia to dow\u00f3d na to, \u017ce moda na bia\u0142y front nigdy nie przeminie-po prostu biel jest ponad czasowa. Bia\u0142y lakier polerowany doskonale komponuje si\u0119 z aluminiowym uchwytem liniowym i aluminiowym coko\u0142em. Czarny, kamienny blat jest przepi\u0119knym dope\u0142nieniem tego zestawu.","og_url":"https:\/\/vikola.pl\/?page_id=181","og_site_name":"meble-vikola","article_modified_time":"2024-03-30T09:42:52+00:00","og_image":[{"url":"https:\/\/vikola.pl\/wp-content\/uploads\/2024\/03\/1_big-19.jpg"}],"twitter_card":"summary_large_image","twitter_misc":{"Est. reading time":"2 minutes"},"schema":{"@context":"https:\/\/schema.org","@graph":[{"@type":"WebPage","@id":"https:\/\/vikola.pl\/?page_id=181","url":"https:\/\/vikola.pl\/?page_id=181","name":"kuchnia 2 - meble-vikola","isPartOf":{"@id":"https:\/\/vikola.pl\/#website"},"primaryImageOfPage":{"@id":"https:\/\/vikola.pl\/?page_id=181#primaryimage"},"image":{"@id":"https:\/\/vikola.pl\/?page_id=181#primaryimage"},"thumbnailUrl":"https:\/\/vikola.pl\/wp-content\/uploads\/2024\/03\/1_big-19.jpg","datePublished":"2024-03-16T16:57:55+00:00","dateModified":"2024-03-30T09:42:52+00:00","breadcrumb":{"@id":"https:\/\/vikola.pl\/?page_id=181#breadcrumb"},"inLanguage":"en-US","potentialAction":[{"@type":"ReadAction","target":["https:\/\/vikola.pl\/?page_id=181"]}]},{"@type":"ImageObject","inLanguage":"en-US","@id":"https:\/\/vikola.pl\/?page_id=181#primaryimage","url":"https:\/\/vikola.pl\/wp-content\/uploads\/2024\/03\/1_big-19.jpg","contentUrl":"https:\/\/vikola.pl\/wp-content\/uploads\/2024\/03\/1_big-19.jpg","width":700,"height":449},{"@type":"BreadcrumbList","@id":"https:\/\/vikola.pl\/?page_id=181#breadcrumb","itemListElement":[{"@type":"ListItem","position":1,"name":"Home","item":"https:\/\/vikola.pl\/"},{"@type":"ListItem","position":2,"name":"kuchnia 2"}]},{"@type":"WebSite","@id":"https:\/\/vikola.pl\/#website","url":"https:\/\/vikola.pl\/","name":"meble-vikola","description":"Rozwijamy si\u0119 w\u0142a\u015bnie dla was","publisher":{"@id":"https:\/\/vikola.pl\/#organization"},"potentialAction":[{"@type":"SearchAction","target":{"@type":"EntryPoint","urlTemplate":"https:\/\/vikola.pl\/?s={search_term_string}"},"query-input":"required name=search_term_string"}],"inLanguage":"en-US"},{"@type":"Organization","@id":"https:\/\/vikola.pl\/#organization","name":"meble-vikola","url":"https:\/\/vikola.pl\/","logo":{"@type":"ImageObject","inLanguage":"en-US","@id":"https:\/\/vikola.pl\/#\/schema\/logo\/image\/","url":"https:\/\/vikola.pl\/wp-content\/uploads\/2024\/03\/vikola-logo-bez.jpg","contentUrl":"https:\/\/vikola.pl\/wp-content\/uploads\/2024\/03\/vikola-logo-bez.jpg","width":152,"height":129,"caption":"meble-vikola"},"image":{"@id":"https:\/\/vikola.pl\/#\/schema\/logo\/image\/"}}]}},"_links":{"self":[{"href":"https:\/\/vikola.pl\/index.php?rest_route=\/wp\/v2\/pages\/181","targetHints":{"allow":["GET"]}}],"collection":[{"href":"https:\/\/vikola.pl\/index.php?rest_route=\/wp\/v2\/pages"}],"about":[{"href":"https:\/\/vikola.pl\/index.php?rest_route=\/wp\/v2\/types\/page"}],"author":[{"embeddable":true,"href":"https:\/\/vikola.pl\/index.php?rest_route=\/wp\/v2\/users\/1"}],"replies":[{"embeddable":true,"href":"https:\/\/vikola.pl\/index.php?rest_route=%2Fwp%2Fv2%2Fcomments&post=181"}],"version-history":[{"count":2,"href":"https:\/\/vikola.pl\/index.php?rest_route=\/wp\/v2\/pages\/181\/revisions"}],"predecessor-version":[{"id":580,"href":"https:\/\/vikola.pl\/index.php?rest_route=\/wp\/v2\/pages\/181\/revisions\/580"}],"wp:attachment":[{"href":"https:\/\/vikola.pl\/index.php?rest_route=%2Fwp%2Fv2%2Fmedia&parent=181"}],"curies":[{"name":"wp","href":"https:\/\/api.w.org\/{rel}","templated":true}]}}