{"id":232,"date":"2024-03-16T18:19:15","date_gmt":"2024-03-16T17:19:15","guid":{"rendered":"http:\/\/test.meble-vikola.pl\/?page_id=232"},"modified":"2024-03-30T10:45:08","modified_gmt":"2024-03-30T09:45:08","slug":"kuchnia-5","status":"publish","type":"page","link":"https:\/\/vikola.pl\/?page_id=232","title":{"rendered":"kuchnia 5"},"content":{"rendered":"\n<p>Kolejny przyk\u0142ad kuchni dedykowanej osobom, dla kt\u00f3rych linia prosta jest wyznacznikiem dobrego smaku. Zabudowa podblatowa pozbawiona jest uchwyt\u00f3w a front jest z ty\u0142u sko\u015bnie frezowany co u\u0142atwia otwieranie. Przestrzenie na palce wype\u0142nione s\u0105 frontem, takim jak w wysokiej zabudowie. Na uwag\u0119 zas\u0142uguje wysuwny, dodatkowy blat roboczy, kt\u00f3ry w tym przypadku znacznie u\u0142atwia korzystanie z kuchni osobie niepe\u0142nosprawnej poruszaj\u0105cej si\u0119 na w\u00f3zku. Granitowy blat nawi\u0105zuje swoj\u0105 kolorystyk\u0105 do br\u0105zowo-kremowego frontu.<\/p>\n\n\n\n<figure class=\"wp-block-gallery has-nested-images columns-default is-cropped wp-block-gallery-1 is-layout-flex wp-block-gallery-is-layout-flex\">\n<figure class=\"wp-block-image size-large\"><img fetchpriority=\"high\" decoding=\"async\" width=\"1024\" height=\"685\" data-id=\"234\" src=\"https:\/\/vikola.pl\/wp-content\/uploads\/2024\/03\/1_big-31-1024x685.jpg\" alt=\"\" class=\"wp-image-234\" srcset=\"https:\/\/vikola.pl\/wp-content\/uploads\/2024\/03\/1_big-31-1024x685.jpg 1024w, https:\/\/vikola.pl\/wp-content\/uploads\/2024\/03\/1_big-31-300x201.jpg 300w, https:\/\/vikola.pl\/wp-content\/uploads\/2024\/03\/1_big-31-768x514.jpg 768w, https:\/\/vikola.pl\/wp-content\/uploads\/2024\/03\/1_big-31.jpg 1046w\" sizes=\"(max-width: 1024px) 100vw, 1024px\" \/><figcaption class=\"wp-element-caption\">SONY DSC<\/figcaption><\/figure>\n\n\n\n<figure class=\"wp-block-image size-large\"><img decoding=\"async\" width=\"1024\" height=\"685\" data-id=\"235\" src=\"https:\/\/vikola.pl\/wp-content\/uploads\/2024\/03\/2_big-4-1024x685.jpg\" alt=\"\" class=\"wp-image-235\" srcset=\"https:\/\/vikola.pl\/wp-content\/uploads\/2024\/03\/2_big-4-1024x685.jpg 1024w, https:\/\/vikola.pl\/wp-content\/uploads\/2024\/03\/2_big-4-300x201.jpg 300w, https:\/\/vikola.pl\/wp-content\/uploads\/2024\/03\/2_big-4-768x514.jpg 768w, https:\/\/vikola.pl\/wp-content\/uploads\/2024\/03\/2_big-4.jpg 1046w\" sizes=\"(max-width: 1024px) 100vw, 1024px\" \/><figcaption class=\"wp-element-caption\">SONY DSC<\/figcaption><\/figure>\n\n\n\n<figure class=\"wp-block-image size-large\"><img decoding=\"async\" width=\"1024\" height=\"685\" data-id=\"236\" src=\"https:\/\/vikola.pl\/wp-content\/uploads\/2024\/03\/3_big-4-1024x685.jpg\" alt=\"\" class=\"wp-image-236\" srcset=\"https:\/\/vikola.pl\/wp-content\/uploads\/2024\/03\/3_big-4-1024x685.jpg 1024w, https:\/\/vikola.pl\/wp-content\/uploads\/2024\/03\/3_big-4-300x201.jpg 300w, https:\/\/vikola.pl\/wp-content\/uploads\/2024\/03\/3_big-4-768x514.jpg 768w, https:\/\/vikola.pl\/wp-content\/uploads\/2024\/03\/3_big-4.jpg 1046w\" sizes=\"(max-width: 1024px) 100vw, 1024px\" \/><figcaption class=\"wp-element-caption\">SONY DSC<\/figcaption><\/figure>\n\n\n\n<figure class=\"wp-block-image size-large\"><img loading=\"lazy\" decoding=\"async\" width=\"500\" height=\"747\" data-id=\"233\" src=\"https:\/\/vikola.pl\/wp-content\/uploads\/2024\/03\/4_big-4.jpg\" alt=\"\" class=\"wp-image-233\" srcset=\"https:\/\/vikola.pl\/wp-content\/uploads\/2024\/03\/4_big-4.jpg 500w, https:\/\/vikola.pl\/wp-content\/uploads\/2024\/03\/4_big-4-201x300.jpg 201w\" sizes=\"(max-width: 500px) 100vw, 500px\" \/><figcaption class=\"wp-element-caption\">SONY DSC<\/figcaption><\/figure>\n\n\n\n<figure class=\"wp-block-image size-large\"><img loading=\"lazy\" decoding=\"async\" width=\"1024\" height=\"685\" data-id=\"237\" src=\"https:\/\/vikola.pl\/wp-content\/uploads\/2024\/03\/5_big-4-1024x685.jpg\" alt=\"\" class=\"wp-image-237\" srcset=\"https:\/\/vikola.pl\/wp-content\/uploads\/2024\/03\/5_big-4-1024x685.jpg 1024w, https:\/\/vikola.pl\/wp-content\/uploads\/2024\/03\/5_big-4-300x201.jpg 300w, https:\/\/vikola.pl\/wp-content\/uploads\/2024\/03\/5_big-4-768x514.jpg 768w, https:\/\/vikola.pl\/wp-content\/uploads\/2024\/03\/5_big-4.jpg 1046w\" sizes=\"(max-width: 1024px) 100vw, 1024px\" \/><figcaption class=\"wp-element-caption\">SONY DSC<\/figcaption><\/figure>\n\n\n\n<figure class=\"wp-block-image size-large\"><img loading=\"lazy\" decoding=\"async\" width=\"1024\" height=\"685\" data-id=\"239\" src=\"https:\/\/vikola.pl\/wp-content\/uploads\/2024\/03\/6_big-4-1024x685.jpg\" alt=\"\" class=\"wp-image-239\" srcset=\"https:\/\/vikola.pl\/wp-content\/uploads\/2024\/03\/6_big-4-1024x685.jpg 1024w, https:\/\/vikola.pl\/wp-content\/uploads\/2024\/03\/6_big-4-300x201.jpg 300w, https:\/\/vikola.pl\/wp-content\/uploads\/2024\/03\/6_big-4-768x514.jpg 768w, https:\/\/vikola.pl\/wp-content\/uploads\/2024\/03\/6_big-4.jpg 1046w\" sizes=\"(max-width: 1024px) 100vw, 1024px\" \/><figcaption class=\"wp-element-caption\">SONY DSC<\/figcaption><\/figure>\n\n\n\n<figure class=\"wp-block-image size-large\"><img loading=\"lazy\" decoding=\"async\" width=\"1024\" height=\"685\" data-id=\"238\" src=\"https:\/\/vikola.pl\/wp-content\/uploads\/2024\/03\/7_big-3-1024x685.jpg\" alt=\"\" class=\"wp-image-238\" srcset=\"https:\/\/vikola.pl\/wp-content\/uploads\/2024\/03\/7_big-3-1024x685.jpg 1024w, https:\/\/vikola.pl\/wp-content\/uploads\/2024\/03\/7_big-3-300x201.jpg 300w, https:\/\/vikola.pl\/wp-content\/uploads\/2024\/03\/7_big-3-768x514.jpg 768w, https:\/\/vikola.pl\/wp-content\/uploads\/2024\/03\/7_big-3.jpg 1046w\" sizes=\"(max-width: 1024px) 100vw, 1024px\" \/><figcaption class=\"wp-element-caption\">SONY DSC<\/figcaption><\/figure>\n\n\n\n<figure class=\"wp-block-image size-large\"><img loading=\"lazy\" decoding=\"async\" width=\"1024\" height=\"685\" data-id=\"240\" src=\"https:\/\/vikola.pl\/wp-content\/uploads\/2024\/03\/8_big-1-1024x685.jpg\" alt=\"\" class=\"wp-image-240\" srcset=\"https:\/\/vikola.pl\/wp-content\/uploads\/2024\/03\/8_big-1-1024x685.jpg 1024w, https:\/\/vikola.pl\/wp-content\/uploads\/2024\/03\/8_big-1-300x201.jpg 300w, https:\/\/vikola.pl\/wp-content\/uploads\/2024\/03\/8_big-1-768x514.jpg 768w, https:\/\/vikola.pl\/wp-content\/uploads\/2024\/03\/8_big-1.jpg 1046w\" sizes=\"(max-width: 1024px) 100vw, 1024px\" \/><figcaption class=\"wp-element-caption\">SONY DSC<\/figcaption><\/figure>\n<\/figure>\n","protected":false},"excerpt":{"rendered":"<p>Kolejny przyk\u0142ad kuchni dedykowanej osobom, dla kt\u00f3rych linia prosta jest wyznacznikiem dobrego smaku. Zabudowa podblatowa pozbawiona jest uchwyt\u00f3w a front jest z ty\u0142u sko\u015bnie frezowany co u\u0142atwia otwieranie. Przestrzenie na palce wype\u0142nione s\u0105 frontem, takim jak w wysokiej zabudowie. Na uwag\u0119 zas\u0142uguje wysuwny, dodatkowy blat roboczy, kt\u00f3ry w tym przypadku znacznie u\u0142atwia korzystanie z kuchni [&hellip;]<\/p>\n","protected":false},"author":1,"featured_media":0,"parent":0,"menu_order":0,"comment_status":"closed","ping_status":"closed","template":"","meta":{"footnotes":""},"class_list":["post-232","page","type-page","status-publish","hentry"],"yoast_head":"<!-- This site is optimized with the Yoast SEO plugin v22.2 - https:\/\/yoast.com\/wordpress\/plugins\/seo\/ -->\n<title>kuchnia 5 - meble-vikola<\/title>\n<meta name=\"robots\" content=\"index, follow, max-snippet:-1, max-image-preview:large, max-video-preview:-1\" \/>\n<link rel=\"canonical\" href=\"https:\/\/vikola.pl\/?page_id=232\" \/>\n<meta property=\"og:locale\" content=\"en_US\" \/>\n<meta property=\"og:type\" content=\"article\" \/>\n<meta property=\"og:title\" content=\"kuchnia 5 - meble-vikola\" \/>\n<meta property=\"og:description\" content=\"Kolejny przyk\u0142ad kuchni dedykowanej osobom, dla kt\u00f3rych linia prosta jest wyznacznikiem dobrego smaku. Zabudowa podblatowa pozbawiona jest uchwyt\u00f3w a front jest z ty\u0142u sko\u015bnie frezowany co u\u0142atwia otwieranie. Przestrzenie na palce wype\u0142nione s\u0105 frontem, takim jak w wysokiej zabudowie. Na uwag\u0119 zas\u0142uguje wysuwny, dodatkowy blat roboczy, kt\u00f3ry w tym przypadku znacznie u\u0142atwia korzystanie z kuchni [&hellip;]\" \/>\n<meta property=\"og:url\" content=\"https:\/\/vikola.pl\/?page_id=232\" \/>\n<meta property=\"og:site_name\" content=\"meble-vikola\" \/>\n<meta property=\"article:modified_time\" content=\"2024-03-30T09:45:08+00:00\" \/>\n<meta property=\"og:image\" content=\"https:\/\/vikola.pl\/wp-content\/uploads\/2024\/03\/1_big-31-1024x685.jpg\" \/>\n<meta name=\"twitter:card\" content=\"summary_large_image\" \/>\n<meta name=\"twitter:label1\" content=\"Est. reading time\" \/>\n\t<meta name=\"twitter:data1\" content=\"3 minutes\" \/>\n<script type=\"application\/ld+json\" class=\"yoast-schema-graph\">{\"@context\":\"https:\/\/schema.org\",\"@graph\":[{\"@type\":\"WebPage\",\"@id\":\"https:\/\/vikola.pl\/?page_id=232\",\"url\":\"https:\/\/vikola.pl\/?page_id=232\",\"name\":\"kuchnia 5 - meble-vikola\",\"isPartOf\":{\"@id\":\"https:\/\/vikola.pl\/#website\"},\"primaryImageOfPage\":{\"@id\":\"https:\/\/vikola.pl\/?page_id=232#primaryimage\"},\"image\":{\"@id\":\"https:\/\/vikola.pl\/?page_id=232#primaryimage\"},\"thumbnailUrl\":\"https:\/\/vikola.pl\/wp-content\/uploads\/2024\/03\/1_big-31-1024x685.jpg\",\"datePublished\":\"2024-03-16T17:19:15+00:00\",\"dateModified\":\"2024-03-30T09:45:08+00:00\",\"breadcrumb\":{\"@id\":\"https:\/\/vikola.pl\/?page_id=232#breadcrumb\"},\"inLanguage\":\"en-US\",\"potentialAction\":[{\"@type\":\"ReadAction\",\"target\":[\"https:\/\/vikola.pl\/?page_id=232\"]}]},{\"@type\":\"ImageObject\",\"inLanguage\":\"en-US\",\"@id\":\"https:\/\/vikola.pl\/?page_id=232#primaryimage\",\"url\":\"https:\/\/vikola.pl\/wp-content\/uploads\/2024\/03\/1_big-31.jpg\",\"contentUrl\":\"https:\/\/vikola.pl\/wp-content\/uploads\/2024\/03\/1_big-31.jpg\",\"width\":1046,\"height\":700,\"caption\":\"SONY DSC\"},{\"@type\":\"BreadcrumbList\",\"@id\":\"https:\/\/vikola.pl\/?page_id=232#breadcrumb\",\"itemListElement\":[{\"@type\":\"ListItem\",\"position\":1,\"name\":\"Home\",\"item\":\"https:\/\/vikola.pl\/\"},{\"@type\":\"ListItem\",\"position\":2,\"name\":\"kuchnia 5\"}]},{\"@type\":\"WebSite\",\"@id\":\"https:\/\/vikola.pl\/#website\",\"url\":\"https:\/\/vikola.pl\/\",\"name\":\"meble-vikola\",\"description\":\"Rozwijamy si\u0119 w\u0142a\u015bnie dla was\",\"publisher\":{\"@id\":\"https:\/\/vikola.pl\/#organization\"},\"potentialAction\":[{\"@type\":\"SearchAction\",\"target\":{\"@type\":\"EntryPoint\",\"urlTemplate\":\"https:\/\/vikola.pl\/?s={search_term_string}\"},\"query-input\":\"required name=search_term_string\"}],\"inLanguage\":\"en-US\"},{\"@type\":\"Organization\",\"@id\":\"https:\/\/vikola.pl\/#organization\",\"name\":\"meble-vikola\",\"url\":\"https:\/\/vikola.pl\/\",\"logo\":{\"@type\":\"ImageObject\",\"inLanguage\":\"en-US\",\"@id\":\"https:\/\/vikola.pl\/#\/schema\/logo\/image\/\",\"url\":\"https:\/\/vikola.pl\/wp-content\/uploads\/2024\/03\/vikola-logo-bez.jpg\",\"contentUrl\":\"https:\/\/vikola.pl\/wp-content\/uploads\/2024\/03\/vikola-logo-bez.jpg\",\"width\":152,\"height\":129,\"caption\":\"meble-vikola\"},\"image\":{\"@id\":\"https:\/\/vikola.pl\/#\/schema\/logo\/image\/\"}}]}<\/script>\n<!-- \/ Yoast SEO plugin. -->","yoast_head_json":{"title":"kuchnia 5 - meble-vikola","robots":{"index":"index","follow":"follow","max-snippet":"max-snippet:-1","max-image-preview":"max-image-preview:large","max-video-preview":"max-video-preview:-1"},"canonical":"https:\/\/vikola.pl\/?page_id=232","og_locale":"en_US","og_type":"article","og_title":"kuchnia 5 - meble-vikola","og_description":"Kolejny przyk\u0142ad kuchni dedykowanej osobom, dla kt\u00f3rych linia prosta jest wyznacznikiem dobrego smaku. Zabudowa podblatowa pozbawiona jest uchwyt\u00f3w a front jest z ty\u0142u sko\u015bnie frezowany co u\u0142atwia otwieranie. Przestrzenie na palce wype\u0142nione s\u0105 frontem, takim jak w wysokiej zabudowie. Na uwag\u0119 zas\u0142uguje wysuwny, dodatkowy blat roboczy, kt\u00f3ry w tym przypadku znacznie u\u0142atwia korzystanie z kuchni [&hellip;]","og_url":"https:\/\/vikola.pl\/?page_id=232","og_site_name":"meble-vikola","article_modified_time":"2024-03-30T09:45:08+00:00","og_image":[{"url":"https:\/\/vikola.pl\/wp-content\/uploads\/2024\/03\/1_big-31-1024x685.jpg"}],"twitter_card":"summary_large_image","twitter_misc":{"Est. reading time":"3 minutes"},"schema":{"@context":"https:\/\/schema.org","@graph":[{"@type":"WebPage","@id":"https:\/\/vikola.pl\/?page_id=232","url":"https:\/\/vikola.pl\/?page_id=232","name":"kuchnia 5 - meble-vikola","isPartOf":{"@id":"https:\/\/vikola.pl\/#website"},"primaryImageOfPage":{"@id":"https:\/\/vikola.pl\/?page_id=232#primaryimage"},"image":{"@id":"https:\/\/vikola.pl\/?page_id=232#primaryimage"},"thumbnailUrl":"https:\/\/vikola.pl\/wp-content\/uploads\/2024\/03\/1_big-31-1024x685.jpg","datePublished":"2024-03-16T17:19:15+00:00","dateModified":"2024-03-30T09:45:08+00:00","breadcrumb":{"@id":"https:\/\/vikola.pl\/?page_id=232#breadcrumb"},"inLanguage":"en-US","potentialAction":[{"@type":"ReadAction","target":["https:\/\/vikola.pl\/?page_id=232"]}]},{"@type":"ImageObject","inLanguage":"en-US","@id":"https:\/\/vikola.pl\/?page_id=232#primaryimage","url":"https:\/\/vikola.pl\/wp-content\/uploads\/2024\/03\/1_big-31.jpg","contentUrl":"https:\/\/vikola.pl\/wp-content\/uploads\/2024\/03\/1_big-31.jpg","width":1046,"height":700,"caption":"SONY DSC"},{"@type":"BreadcrumbList","@id":"https:\/\/vikola.pl\/?page_id=232#breadcrumb","itemListElement":[{"@type":"ListItem","position":1,"name":"Home","item":"https:\/\/vikola.pl\/"},{"@type":"ListItem","position":2,"name":"kuchnia 5"}]},{"@type":"WebSite","@id":"https:\/\/vikola.pl\/#website","url":"https:\/\/vikola.pl\/","name":"meble-vikola","description":"Rozwijamy si\u0119 w\u0142a\u015bnie dla was","publisher":{"@id":"https:\/\/vikola.pl\/#organization"},"potentialAction":[{"@type":"SearchAction","target":{"@type":"EntryPoint","urlTemplate":"https:\/\/vikola.pl\/?s={search_term_string}"},"query-input":"required name=search_term_string"}],"inLanguage":"en-US"},{"@type":"Organization","@id":"https:\/\/vikola.pl\/#organization","name":"meble-vikola","url":"https:\/\/vikola.pl\/","logo":{"@type":"ImageObject","inLanguage":"en-US","@id":"https:\/\/vikola.pl\/#\/schema\/logo\/image\/","url":"https:\/\/vikola.pl\/wp-content\/uploads\/2024\/03\/vikola-logo-bez.jpg","contentUrl":"https:\/\/vikola.pl\/wp-content\/uploads\/2024\/03\/vikola-logo-bez.jpg","width":152,"height":129,"caption":"meble-vikola"},"image":{"@id":"https:\/\/vikola.pl\/#\/schema\/logo\/image\/"}}]}},"_links":{"self":[{"href":"https:\/\/vikola.pl\/index.php?rest_route=\/wp\/v2\/pages\/232","targetHints":{"allow":["GET"]}}],"collection":[{"href":"https:\/\/vikola.pl\/index.php?rest_route=\/wp\/v2\/pages"}],"about":[{"href":"https:\/\/vikola.pl\/index.php?rest_route=\/wp\/v2\/types\/page"}],"author":[{"embeddable":true,"href":"https:\/\/vikola.pl\/index.php?rest_route=\/wp\/v2\/users\/1"}],"replies":[{"embeddable":true,"href":"https:\/\/vikola.pl\/index.php?rest_route=%2Fwp%2Fv2%2Fcomments&post=232"}],"version-history":[{"count":2,"href":"https:\/\/vikola.pl\/index.php?rest_route=\/wp\/v2\/pages\/232\/revisions"}],"predecessor-version":[{"id":583,"href":"https:\/\/vikola.pl\/index.php?rest_route=\/wp\/v2\/pages\/232\/revisions\/583"}],"wp:attachment":[{"href":"https:\/\/vikola.pl\/index.php?rest_route=%2Fwp%2Fv2%2Fmedia&parent=232"}],"curies":[{"name":"wp","href":"https:\/\/api.w.org\/{rel}","templated":true}]}}