{"id":251,"date":"2024-03-16T18:25:11","date_gmt":"2024-03-16T17:25:11","guid":{"rendered":"http:\/\/test.meble-vikola.pl\/?page_id=251"},"modified":"2024-03-30T10:46:10","modified_gmt":"2024-03-30T09:46:10","slug":"kuchnia-7","status":"publish","type":"page","link":"https:\/\/vikola.pl\/?page_id=251","title":{"rendered":"kuchnia 7"},"content":{"rendered":"\n<p>Patrz\u0105c na t\u0105 kuchni\u0119 znowu dochodzimy do wniosku, \u017ce bia\u0142e meble nigdy si\u0119 nie znudz\u0105. Opr\u00f3cz front\u00f3w typu ramiak lakierowanych matowo mamy jeszcze bia\u0142y sprz\u0119t AGD (z wyj\u0105tkiem stylowej lod\u00f3wki). Fronty zosta\u0142y wyposa\u017cone w masywne uchwyty ze stali szlachetnej a blat jest wykonany z litego d\u0119bu i olejowany. Ciekawym rozwi\u0105zaniem jest porcelanowy zlewozmywak, kt\u00f3rego prz\u00f3d wystaje ponad lini\u0119 front\u00f3w. Jest to kuchnia dla ludzi ceni\u0105cych sobie po\u0142\u0105czenie klasyki z nowoczesno\u015bci\u0105.<\/p>\n\n\n\n<figure class=\"wp-block-gallery has-nested-images columns-default is-cropped wp-block-gallery-1 is-layout-flex wp-block-gallery-is-layout-flex\">\n<figure class=\"wp-block-image size-large\"><img fetchpriority=\"high\" decoding=\"async\" width=\"1024\" height=\"685\" data-id=\"256\" src=\"https:\/\/vikola.pl\/wp-content\/uploads\/2024\/03\/1_big-33-1024x685.jpg\" alt=\"\" class=\"wp-image-256\" srcset=\"https:\/\/vikola.pl\/wp-content\/uploads\/2024\/03\/1_big-33-1024x685.jpg 1024w, https:\/\/vikola.pl\/wp-content\/uploads\/2024\/03\/1_big-33-300x201.jpg 300w, https:\/\/vikola.pl\/wp-content\/uploads\/2024\/03\/1_big-33-768x514.jpg 768w, https:\/\/vikola.pl\/wp-content\/uploads\/2024\/03\/1_big-33.jpg 1046w\" sizes=\"(max-width: 1024px) 100vw, 1024px\" \/><figcaption class=\"wp-element-caption\">SONY DSC<\/figcaption><\/figure>\n\n\n\n<figure class=\"wp-block-image size-large\"><img decoding=\"async\" width=\"1024\" height=\"685\" data-id=\"253\" src=\"https:\/\/vikola.pl\/wp-content\/uploads\/2024\/03\/2_big-6-1024x685.jpg\" alt=\"\" class=\"wp-image-253\" srcset=\"https:\/\/vikola.pl\/wp-content\/uploads\/2024\/03\/2_big-6-1024x685.jpg 1024w, https:\/\/vikola.pl\/wp-content\/uploads\/2024\/03\/2_big-6-300x201.jpg 300w, https:\/\/vikola.pl\/wp-content\/uploads\/2024\/03\/2_big-6-768x514.jpg 768w, https:\/\/vikola.pl\/wp-content\/uploads\/2024\/03\/2_big-6.jpg 1046w\" sizes=\"(max-width: 1024px) 100vw, 1024px\" \/><figcaption class=\"wp-element-caption\">SONY DSC<\/figcaption><\/figure>\n\n\n\n<figure class=\"wp-block-image size-large\"><img decoding=\"async\" width=\"1024\" height=\"685\" data-id=\"254\" src=\"https:\/\/vikola.pl\/wp-content\/uploads\/2024\/03\/3_big-6-1024x685.jpg\" alt=\"\" class=\"wp-image-254\" srcset=\"https:\/\/vikola.pl\/wp-content\/uploads\/2024\/03\/3_big-6-1024x685.jpg 1024w, https:\/\/vikola.pl\/wp-content\/uploads\/2024\/03\/3_big-6-300x201.jpg 300w, https:\/\/vikola.pl\/wp-content\/uploads\/2024\/03\/3_big-6-768x514.jpg 768w, https:\/\/vikola.pl\/wp-content\/uploads\/2024\/03\/3_big-6.jpg 1046w\" sizes=\"(max-width: 1024px) 100vw, 1024px\" \/><figcaption class=\"wp-element-caption\">SONY DSC<\/figcaption><\/figure>\n\n\n\n<figure class=\"wp-block-image size-large\"><img loading=\"lazy\" decoding=\"async\" width=\"1024\" height=\"685\" data-id=\"252\" src=\"https:\/\/vikola.pl\/wp-content\/uploads\/2024\/03\/4_big-6-1024x685.jpg\" alt=\"\" class=\"wp-image-252\" srcset=\"https:\/\/vikola.pl\/wp-content\/uploads\/2024\/03\/4_big-6-1024x685.jpg 1024w, https:\/\/vikola.pl\/wp-content\/uploads\/2024\/03\/4_big-6-300x201.jpg 300w, https:\/\/vikola.pl\/wp-content\/uploads\/2024\/03\/4_big-6-768x514.jpg 768w, https:\/\/vikola.pl\/wp-content\/uploads\/2024\/03\/4_big-6.jpg 1046w\" sizes=\"(max-width: 1024px) 100vw, 1024px\" \/><figcaption class=\"wp-element-caption\">SONY DSC<\/figcaption><\/figure>\n\n\n\n<figure class=\"wp-block-image size-large\"><img loading=\"lazy\" decoding=\"async\" width=\"1024\" height=\"685\" data-id=\"255\" src=\"https:\/\/vikola.pl\/wp-content\/uploads\/2024\/03\/5_big-5-1024x685.jpg\" alt=\"\" class=\"wp-image-255\" srcset=\"https:\/\/vikola.pl\/wp-content\/uploads\/2024\/03\/5_big-5-1024x685.jpg 1024w, https:\/\/vikola.pl\/wp-content\/uploads\/2024\/03\/5_big-5-300x201.jpg 300w, https:\/\/vikola.pl\/wp-content\/uploads\/2024\/03\/5_big-5-768x514.jpg 768w, https:\/\/vikola.pl\/wp-content\/uploads\/2024\/03\/5_big-5.jpg 1046w\" sizes=\"(max-width: 1024px) 100vw, 1024px\" \/><figcaption class=\"wp-element-caption\">SONY DSC<\/figcaption><\/figure>\n<\/figure>\n","protected":false},"excerpt":{"rendered":"<p>Patrz\u0105c na t\u0105 kuchni\u0119 znowu dochodzimy do wniosku, \u017ce bia\u0142e meble nigdy si\u0119 nie znudz\u0105. Opr\u00f3cz front\u00f3w typu ramiak lakierowanych matowo mamy jeszcze bia\u0142y sprz\u0119t AGD (z wyj\u0105tkiem stylowej lod\u00f3wki). Fronty zosta\u0142y wyposa\u017cone w masywne uchwyty ze stali szlachetnej a blat jest wykonany z litego d\u0119bu i olejowany. Ciekawym rozwi\u0105zaniem jest porcelanowy zlewozmywak, kt\u00f3rego prz\u00f3d [&hellip;]<\/p>\n","protected":false},"author":1,"featured_media":0,"parent":0,"menu_order":0,"comment_status":"closed","ping_status":"closed","template":"","meta":{"footnotes":""},"class_list":["post-251","page","type-page","status-publish","hentry"],"yoast_head":"<!-- This site is optimized with the Yoast SEO plugin v22.2 - https:\/\/yoast.com\/wordpress\/plugins\/seo\/ -->\n<title>kuchnia 7 - meble-vikola<\/title>\n<meta name=\"robots\" content=\"index, follow, max-snippet:-1, max-image-preview:large, max-video-preview:-1\" \/>\n<link rel=\"canonical\" href=\"https:\/\/vikola.pl\/?page_id=251\" \/>\n<meta property=\"og:locale\" content=\"en_US\" \/>\n<meta property=\"og:type\" content=\"article\" \/>\n<meta property=\"og:title\" content=\"kuchnia 7 - meble-vikola\" \/>\n<meta property=\"og:description\" content=\"Patrz\u0105c na t\u0105 kuchni\u0119 znowu dochodzimy do wniosku, \u017ce bia\u0142e meble nigdy si\u0119 nie znudz\u0105. Opr\u00f3cz front\u00f3w typu ramiak lakierowanych matowo mamy jeszcze bia\u0142y sprz\u0119t AGD (z wyj\u0105tkiem stylowej lod\u00f3wki). Fronty zosta\u0142y wyposa\u017cone w masywne uchwyty ze stali szlachetnej a blat jest wykonany z litego d\u0119bu i olejowany. Ciekawym rozwi\u0105zaniem jest porcelanowy zlewozmywak, kt\u00f3rego prz\u00f3d [&hellip;]\" \/>\n<meta property=\"og:url\" content=\"https:\/\/vikola.pl\/?page_id=251\" \/>\n<meta property=\"og:site_name\" content=\"meble-vikola\" \/>\n<meta property=\"article:modified_time\" content=\"2024-03-30T09:46:10+00:00\" \/>\n<meta property=\"og:image\" content=\"https:\/\/vikola.pl\/wp-content\/uploads\/2024\/03\/1_big-33-1024x685.jpg\" \/>\n<meta name=\"twitter:card\" content=\"summary_large_image\" \/>\n<meta name=\"twitter:label1\" content=\"Est. reading time\" \/>\n\t<meta name=\"twitter:data1\" content=\"2 minutes\" \/>\n<script type=\"application\/ld+json\" class=\"yoast-schema-graph\">{\"@context\":\"https:\/\/schema.org\",\"@graph\":[{\"@type\":\"WebPage\",\"@id\":\"https:\/\/vikola.pl\/?page_id=251\",\"url\":\"https:\/\/vikola.pl\/?page_id=251\",\"name\":\"kuchnia 7 - meble-vikola\",\"isPartOf\":{\"@id\":\"https:\/\/vikola.pl\/#website\"},\"primaryImageOfPage\":{\"@id\":\"https:\/\/vikola.pl\/?page_id=251#primaryimage\"},\"image\":{\"@id\":\"https:\/\/vikola.pl\/?page_id=251#primaryimage\"},\"thumbnailUrl\":\"https:\/\/vikola.pl\/wp-content\/uploads\/2024\/03\/1_big-33-1024x685.jpg\",\"datePublished\":\"2024-03-16T17:25:11+00:00\",\"dateModified\":\"2024-03-30T09:46:10+00:00\",\"breadcrumb\":{\"@id\":\"https:\/\/vikola.pl\/?page_id=251#breadcrumb\"},\"inLanguage\":\"en-US\",\"potentialAction\":[{\"@type\":\"ReadAction\",\"target\":[\"https:\/\/vikola.pl\/?page_id=251\"]}]},{\"@type\":\"ImageObject\",\"inLanguage\":\"en-US\",\"@id\":\"https:\/\/vikola.pl\/?page_id=251#primaryimage\",\"url\":\"https:\/\/vikola.pl\/wp-content\/uploads\/2024\/03\/1_big-33.jpg\",\"contentUrl\":\"https:\/\/vikola.pl\/wp-content\/uploads\/2024\/03\/1_big-33.jpg\",\"width\":1046,\"height\":700,\"caption\":\"SONY DSC\"},{\"@type\":\"BreadcrumbList\",\"@id\":\"https:\/\/vikola.pl\/?page_id=251#breadcrumb\",\"itemListElement\":[{\"@type\":\"ListItem\",\"position\":1,\"name\":\"Home\",\"item\":\"https:\/\/vikola.pl\/\"},{\"@type\":\"ListItem\",\"position\":2,\"name\":\"kuchnia 7\"}]},{\"@type\":\"WebSite\",\"@id\":\"https:\/\/vikola.pl\/#website\",\"url\":\"https:\/\/vikola.pl\/\",\"name\":\"meble-vikola\",\"description\":\"Rozwijamy si\u0119 w\u0142a\u015bnie dla was\",\"publisher\":{\"@id\":\"https:\/\/vikola.pl\/#organization\"},\"potentialAction\":[{\"@type\":\"SearchAction\",\"target\":{\"@type\":\"EntryPoint\",\"urlTemplate\":\"https:\/\/vikola.pl\/?s={search_term_string}\"},\"query-input\":\"required name=search_term_string\"}],\"inLanguage\":\"en-US\"},{\"@type\":\"Organization\",\"@id\":\"https:\/\/vikola.pl\/#organization\",\"name\":\"meble-vikola\",\"url\":\"https:\/\/vikola.pl\/\",\"logo\":{\"@type\":\"ImageObject\",\"inLanguage\":\"en-US\",\"@id\":\"https:\/\/vikola.pl\/#\/schema\/logo\/image\/\",\"url\":\"https:\/\/vikola.pl\/wp-content\/uploads\/2024\/03\/vikola-logo-bez.jpg\",\"contentUrl\":\"https:\/\/vikola.pl\/wp-content\/uploads\/2024\/03\/vikola-logo-bez.jpg\",\"width\":152,\"height\":129,\"caption\":\"meble-vikola\"},\"image\":{\"@id\":\"https:\/\/vikola.pl\/#\/schema\/logo\/image\/\"}}]}<\/script>\n<!-- \/ Yoast SEO plugin. -->","yoast_head_json":{"title":"kuchnia 7 - meble-vikola","robots":{"index":"index","follow":"follow","max-snippet":"max-snippet:-1","max-image-preview":"max-image-preview:large","max-video-preview":"max-video-preview:-1"},"canonical":"https:\/\/vikola.pl\/?page_id=251","og_locale":"en_US","og_type":"article","og_title":"kuchnia 7 - meble-vikola","og_description":"Patrz\u0105c na t\u0105 kuchni\u0119 znowu dochodzimy do wniosku, \u017ce bia\u0142e meble nigdy si\u0119 nie znudz\u0105. Opr\u00f3cz front\u00f3w typu ramiak lakierowanych matowo mamy jeszcze bia\u0142y sprz\u0119t AGD (z wyj\u0105tkiem stylowej lod\u00f3wki). Fronty zosta\u0142y wyposa\u017cone w masywne uchwyty ze stali szlachetnej a blat jest wykonany z litego d\u0119bu i olejowany. Ciekawym rozwi\u0105zaniem jest porcelanowy zlewozmywak, kt\u00f3rego prz\u00f3d [&hellip;]","og_url":"https:\/\/vikola.pl\/?page_id=251","og_site_name":"meble-vikola","article_modified_time":"2024-03-30T09:46:10+00:00","og_image":[{"url":"https:\/\/vikola.pl\/wp-content\/uploads\/2024\/03\/1_big-33-1024x685.jpg"}],"twitter_card":"summary_large_image","twitter_misc":{"Est. reading time":"2 minutes"},"schema":{"@context":"https:\/\/schema.org","@graph":[{"@type":"WebPage","@id":"https:\/\/vikola.pl\/?page_id=251","url":"https:\/\/vikola.pl\/?page_id=251","name":"kuchnia 7 - meble-vikola","isPartOf":{"@id":"https:\/\/vikola.pl\/#website"},"primaryImageOfPage":{"@id":"https:\/\/vikola.pl\/?page_id=251#primaryimage"},"image":{"@id":"https:\/\/vikola.pl\/?page_id=251#primaryimage"},"thumbnailUrl":"https:\/\/vikola.pl\/wp-content\/uploads\/2024\/03\/1_big-33-1024x685.jpg","datePublished":"2024-03-16T17:25:11+00:00","dateModified":"2024-03-30T09:46:10+00:00","breadcrumb":{"@id":"https:\/\/vikola.pl\/?page_id=251#breadcrumb"},"inLanguage":"en-US","potentialAction":[{"@type":"ReadAction","target":["https:\/\/vikola.pl\/?page_id=251"]}]},{"@type":"ImageObject","inLanguage":"en-US","@id":"https:\/\/vikola.pl\/?page_id=251#primaryimage","url":"https:\/\/vikola.pl\/wp-content\/uploads\/2024\/03\/1_big-33.jpg","contentUrl":"https:\/\/vikola.pl\/wp-content\/uploads\/2024\/03\/1_big-33.jpg","width":1046,"height":700,"caption":"SONY DSC"},{"@type":"BreadcrumbList","@id":"https:\/\/vikola.pl\/?page_id=251#breadcrumb","itemListElement":[{"@type":"ListItem","position":1,"name":"Home","item":"https:\/\/vikola.pl\/"},{"@type":"ListItem","position":2,"name":"kuchnia 7"}]},{"@type":"WebSite","@id":"https:\/\/vikola.pl\/#website","url":"https:\/\/vikola.pl\/","name":"meble-vikola","description":"Rozwijamy si\u0119 w\u0142a\u015bnie dla was","publisher":{"@id":"https:\/\/vikola.pl\/#organization"},"potentialAction":[{"@type":"SearchAction","target":{"@type":"EntryPoint","urlTemplate":"https:\/\/vikola.pl\/?s={search_term_string}"},"query-input":"required name=search_term_string"}],"inLanguage":"en-US"},{"@type":"Organization","@id":"https:\/\/vikola.pl\/#organization","name":"meble-vikola","url":"https:\/\/vikola.pl\/","logo":{"@type":"ImageObject","inLanguage":"en-US","@id":"https:\/\/vikola.pl\/#\/schema\/logo\/image\/","url":"https:\/\/vikola.pl\/wp-content\/uploads\/2024\/03\/vikola-logo-bez.jpg","contentUrl":"https:\/\/vikola.pl\/wp-content\/uploads\/2024\/03\/vikola-logo-bez.jpg","width":152,"height":129,"caption":"meble-vikola"},"image":{"@id":"https:\/\/vikola.pl\/#\/schema\/logo\/image\/"}}]}},"_links":{"self":[{"href":"https:\/\/vikola.pl\/index.php?rest_route=\/wp\/v2\/pages\/251","targetHints":{"allow":["GET"]}}],"collection":[{"href":"https:\/\/vikola.pl\/index.php?rest_route=\/wp\/v2\/pages"}],"about":[{"href":"https:\/\/vikola.pl\/index.php?rest_route=\/wp\/v2\/types\/page"}],"author":[{"embeddable":true,"href":"https:\/\/vikola.pl\/index.php?rest_route=\/wp\/v2\/users\/1"}],"replies":[{"embeddable":true,"href":"https:\/\/vikola.pl\/index.php?rest_route=%2Fwp%2Fv2%2Fcomments&post=251"}],"version-history":[{"count":2,"href":"https:\/\/vikola.pl\/index.php?rest_route=\/wp\/v2\/pages\/251\/revisions"}],"predecessor-version":[{"id":585,"href":"https:\/\/vikola.pl\/index.php?rest_route=\/wp\/v2\/pages\/251\/revisions\/585"}],"wp:attachment":[{"href":"https:\/\/vikola.pl\/index.php?rest_route=%2Fwp%2Fv2%2Fmedia&parent=251"}],"curies":[{"name":"wp","href":"https:\/\/api.w.org\/{rel}","templated":true}]}}