{"id":286,"date":"2024-03-16T18:30:15","date_gmt":"2024-03-16T17:30:15","guid":{"rendered":"http:\/\/test.meble-vikola.pl\/?page_id=286"},"modified":"2024-03-30T10:35:49","modified_gmt":"2024-03-30T09:35:49","slug":"kuchnia-10","status":"publish","type":"page","link":"https:\/\/vikola.pl\/?page_id=286","title":{"rendered":"kuchnia 10"},"content":{"rendered":"\n<p>Mamy tu kolejn\u0105 kuchni\u0119 \u0142\u0105cz\u0105c\u0105 ze sob\u0105 dwa skrajnie r\u00f3\u017cne materia\u0142y-bia\u0142y lakierowany front wyko\u0144czony\u00a0 w po\u0142ysku i\u00a0 dodatki wykonane z forniru ,,jab\u0142o\u0144 indyjska\u201d lakierowane matowo. Walory estetyczne\u00a0 podnosi czarny, granitowy blat a o walory praktyczne zadba\u0142y firmy \u00a0HETTICH i PEKA<\/p>\n\n\n\n<figure class=\"wp-block-gallery has-nested-images columns-default is-cropped wp-block-gallery-1 is-layout-flex wp-block-gallery-is-layout-flex\">\n<figure class=\"wp-block-image size-large\"><img fetchpriority=\"high\" decoding=\"async\" width=\"1024\" height=\"685\" data-id=\"287\" src=\"https:\/\/vikola.pl\/wp-content\/uploads\/2024\/03\/1_BIG-36-1024x685.jpg\" alt=\"\" class=\"wp-image-287\" srcset=\"https:\/\/vikola.pl\/wp-content\/uploads\/2024\/03\/1_BIG-36-1024x685.jpg 1024w, https:\/\/vikola.pl\/wp-content\/uploads\/2024\/03\/1_BIG-36-300x201.jpg 300w, https:\/\/vikola.pl\/wp-content\/uploads\/2024\/03\/1_BIG-36-768x514.jpg 768w, https:\/\/vikola.pl\/wp-content\/uploads\/2024\/03\/1_BIG-36.jpg 1046w\" sizes=\"(max-width: 1024px) 100vw, 1024px\" \/><figcaption class=\"wp-element-caption\">SONY DSC<\/figcaption><\/figure>\n\n\n\n<figure class=\"wp-block-image size-large\"><img decoding=\"async\" width=\"990\" height=\"700\" data-id=\"288\" src=\"https:\/\/vikola.pl\/wp-content\/uploads\/2024\/03\/2_big-9.jpg\" alt=\"\" class=\"wp-image-288\" srcset=\"https:\/\/vikola.pl\/wp-content\/uploads\/2024\/03\/2_big-9.jpg 990w, https:\/\/vikola.pl\/wp-content\/uploads\/2024\/03\/2_big-9-300x212.jpg 300w, https:\/\/vikola.pl\/wp-content\/uploads\/2024\/03\/2_big-9-768x543.jpg 768w\" sizes=\"(max-width: 990px) 100vw, 990px\" \/><figcaption class=\"wp-element-caption\">SONY DSC<\/figcaption><\/figure>\n\n\n\n<figure class=\"wp-block-image size-large\"><img decoding=\"async\" width=\"1024\" height=\"685\" data-id=\"292\" src=\"https:\/\/vikola.pl\/wp-content\/uploads\/2024\/03\/3_big-9-1024x685.jpg\" alt=\"\" class=\"wp-image-292\" srcset=\"https:\/\/vikola.pl\/wp-content\/uploads\/2024\/03\/3_big-9-1024x685.jpg 1024w, https:\/\/vikola.pl\/wp-content\/uploads\/2024\/03\/3_big-9-300x201.jpg 300w, https:\/\/vikola.pl\/wp-content\/uploads\/2024\/03\/3_big-9-768x514.jpg 768w, https:\/\/vikola.pl\/wp-content\/uploads\/2024\/03\/3_big-9.jpg 1046w\" sizes=\"(max-width: 1024px) 100vw, 1024px\" \/><figcaption class=\"wp-element-caption\">SONY DSC<\/figcaption><\/figure>\n\n\n\n<figure class=\"wp-block-image size-large\"><img loading=\"lazy\" decoding=\"async\" width=\"1024\" height=\"685\" data-id=\"289\" src=\"https:\/\/vikola.pl\/wp-content\/uploads\/2024\/03\/4_big-9-1024x685.jpg\" alt=\"\" class=\"wp-image-289\" srcset=\"https:\/\/vikola.pl\/wp-content\/uploads\/2024\/03\/4_big-9-1024x685.jpg 1024w, https:\/\/vikola.pl\/wp-content\/uploads\/2024\/03\/4_big-9-300x201.jpg 300w, https:\/\/vikola.pl\/wp-content\/uploads\/2024\/03\/4_big-9-768x514.jpg 768w, https:\/\/vikola.pl\/wp-content\/uploads\/2024\/03\/4_big-9.jpg 1046w\" sizes=\"(max-width: 1024px) 100vw, 1024px\" \/><figcaption class=\"wp-element-caption\">SONY DSC<\/figcaption><\/figure>\n\n\n\n<figure class=\"wp-block-image size-large\"><img loading=\"lazy\" decoding=\"async\" width=\"500\" height=\"747\" data-id=\"290\" src=\"https:\/\/vikola.pl\/wp-content\/uploads\/2024\/03\/5_big-8.jpg\" alt=\"\" class=\"wp-image-290\" srcset=\"https:\/\/vikola.pl\/wp-content\/uploads\/2024\/03\/5_big-8.jpg 500w, https:\/\/vikola.pl\/wp-content\/uploads\/2024\/03\/5_big-8-201x300.jpg 201w\" sizes=\"(max-width: 500px) 100vw, 500px\" \/><figcaption class=\"wp-element-caption\">SONY DSC<\/figcaption><\/figure>\n\n\n\n<figure class=\"wp-block-image size-large\"><img loading=\"lazy\" decoding=\"async\" width=\"1024\" height=\"685\" data-id=\"293\" src=\"https:\/\/vikola.pl\/wp-content\/uploads\/2024\/03\/6_big-7-1024x685.jpg\" alt=\"\" class=\"wp-image-293\" srcset=\"https:\/\/vikola.pl\/wp-content\/uploads\/2024\/03\/6_big-7-1024x685.jpg 1024w, https:\/\/vikola.pl\/wp-content\/uploads\/2024\/03\/6_big-7-300x201.jpg 300w, https:\/\/vikola.pl\/wp-content\/uploads\/2024\/03\/6_big-7-768x514.jpg 768w, https:\/\/vikola.pl\/wp-content\/uploads\/2024\/03\/6_big-7.jpg 1046w\" sizes=\"(max-width: 1024px) 100vw, 1024px\" \/><figcaption class=\"wp-element-caption\">SONY DSC<\/figcaption><\/figure>\n\n\n\n<figure class=\"wp-block-image size-large\"><img loading=\"lazy\" decoding=\"async\" width=\"500\" height=\"747\" data-id=\"294\" src=\"https:\/\/vikola.pl\/wp-content\/uploads\/2024\/03\/7_big-6.jpg\" alt=\"\" class=\"wp-image-294\" srcset=\"https:\/\/vikola.pl\/wp-content\/uploads\/2024\/03\/7_big-6.jpg 500w, https:\/\/vikola.pl\/wp-content\/uploads\/2024\/03\/7_big-6-201x300.jpg 201w\" sizes=\"(max-width: 500px) 100vw, 500px\" \/><figcaption class=\"wp-element-caption\">SONY DSC<\/figcaption><\/figure>\n\n\n\n<figure class=\"wp-block-image size-large\"><img loading=\"lazy\" decoding=\"async\" width=\"500\" height=\"747\" data-id=\"295\" src=\"https:\/\/vikola.pl\/wp-content\/uploads\/2024\/03\/8_big-3.jpg\" alt=\"\" class=\"wp-image-295\" srcset=\"https:\/\/vikola.pl\/wp-content\/uploads\/2024\/03\/8_big-3.jpg 500w, https:\/\/vikola.pl\/wp-content\/uploads\/2024\/03\/8_big-3-201x300.jpg 201w\" sizes=\"(max-width: 500px) 100vw, 500px\" \/><figcaption class=\"wp-element-caption\">SONY DSC<\/figcaption><\/figure>\n\n\n\n<figure class=\"wp-block-image size-large\"><img loading=\"lazy\" decoding=\"async\" width=\"500\" height=\"747\" data-id=\"291\" src=\"https:\/\/vikola.pl\/wp-content\/uploads\/2024\/03\/9_big-1.jpg\" alt=\"\" class=\"wp-image-291\" srcset=\"https:\/\/vikola.pl\/wp-content\/uploads\/2024\/03\/9_big-1.jpg 500w, https:\/\/vikola.pl\/wp-content\/uploads\/2024\/03\/9_big-1-201x300.jpg 201w\" sizes=\"(max-width: 500px) 100vw, 500px\" \/><figcaption class=\"wp-element-caption\">SONY DSC<\/figcaption><\/figure>\n<\/figure>\n","protected":false},"excerpt":{"rendered":"<p>Mamy tu kolejn\u0105 kuchni\u0119 \u0142\u0105cz\u0105c\u0105 ze sob\u0105 dwa skrajnie r\u00f3\u017cne materia\u0142y-bia\u0142y lakierowany front wyko\u0144czony\u00a0 w po\u0142ysku i\u00a0 dodatki wykonane z forniru ,,jab\u0142o\u0144 indyjska\u201d lakierowane matowo. Walory estetyczne\u00a0 podnosi czarny, granitowy blat a o walory praktyczne zadba\u0142y firmy \u00a0HETTICH i PEKA<\/p>\n","protected":false},"author":1,"featured_media":0,"parent":0,"menu_order":0,"comment_status":"closed","ping_status":"closed","template":"","meta":{"footnotes":""},"class_list":["post-286","page","type-page","status-publish","hentry"],"yoast_head":"<!-- This site is optimized with the Yoast SEO plugin v22.2 - https:\/\/yoast.com\/wordpress\/plugins\/seo\/ -->\n<title>kuchnia 10 - meble-vikola<\/title>\n<meta name=\"robots\" content=\"index, follow, max-snippet:-1, max-image-preview:large, max-video-preview:-1\" \/>\n<link rel=\"canonical\" href=\"https:\/\/vikola.pl\/?page_id=286\" \/>\n<meta property=\"og:locale\" content=\"en_US\" \/>\n<meta property=\"og:type\" content=\"article\" \/>\n<meta property=\"og:title\" content=\"kuchnia 10 - meble-vikola\" \/>\n<meta property=\"og:description\" content=\"Mamy tu kolejn\u0105 kuchni\u0119 \u0142\u0105cz\u0105c\u0105 ze sob\u0105 dwa skrajnie r\u00f3\u017cne materia\u0142y-bia\u0142y lakierowany front wyko\u0144czony\u00a0 w po\u0142ysku i\u00a0 dodatki wykonane z forniru ,,jab\u0142o\u0144 indyjska\u201d lakierowane matowo. Walory estetyczne\u00a0 podnosi czarny, granitowy blat a o walory praktyczne zadba\u0142y firmy \u00a0HETTICH i PEKA\" \/>\n<meta property=\"og:url\" content=\"https:\/\/vikola.pl\/?page_id=286\" \/>\n<meta property=\"og:site_name\" content=\"meble-vikola\" \/>\n<meta property=\"article:modified_time\" content=\"2024-03-30T09:35:49+00:00\" \/>\n<meta property=\"og:image\" content=\"https:\/\/vikola.pl\/wp-content\/uploads\/2024\/03\/1_BIG-36-1024x685.jpg\" \/>\n<meta name=\"twitter:card\" content=\"summary_large_image\" \/>\n<meta name=\"twitter:label1\" content=\"Est. reading time\" \/>\n\t<meta name=\"twitter:data1\" content=\"3 minutes\" \/>\n<script type=\"application\/ld+json\" class=\"yoast-schema-graph\">{\"@context\":\"https:\/\/schema.org\",\"@graph\":[{\"@type\":\"WebPage\",\"@id\":\"https:\/\/vikola.pl\/?page_id=286\",\"url\":\"https:\/\/vikola.pl\/?page_id=286\",\"name\":\"kuchnia 10 - meble-vikola\",\"isPartOf\":{\"@id\":\"https:\/\/vikola.pl\/#website\"},\"primaryImageOfPage\":{\"@id\":\"https:\/\/vikola.pl\/?page_id=286#primaryimage\"},\"image\":{\"@id\":\"https:\/\/vikola.pl\/?page_id=286#primaryimage\"},\"thumbnailUrl\":\"https:\/\/vikola.pl\/wp-content\/uploads\/2024\/03\/1_BIG-36-1024x685.jpg\",\"datePublished\":\"2024-03-16T17:30:15+00:00\",\"dateModified\":\"2024-03-30T09:35:49+00:00\",\"breadcrumb\":{\"@id\":\"https:\/\/vikola.pl\/?page_id=286#breadcrumb\"},\"inLanguage\":\"en-US\",\"potentialAction\":[{\"@type\":\"ReadAction\",\"target\":[\"https:\/\/vikola.pl\/?page_id=286\"]}]},{\"@type\":\"ImageObject\",\"inLanguage\":\"en-US\",\"@id\":\"https:\/\/vikola.pl\/?page_id=286#primaryimage\",\"url\":\"https:\/\/vikola.pl\/wp-content\/uploads\/2024\/03\/1_BIG-36.jpg\",\"contentUrl\":\"https:\/\/vikola.pl\/wp-content\/uploads\/2024\/03\/1_BIG-36.jpg\",\"width\":1046,\"height\":700,\"caption\":\"SONY DSC\"},{\"@type\":\"BreadcrumbList\",\"@id\":\"https:\/\/vikola.pl\/?page_id=286#breadcrumb\",\"itemListElement\":[{\"@type\":\"ListItem\",\"position\":1,\"name\":\"Home\",\"item\":\"https:\/\/vikola.pl\/\"},{\"@type\":\"ListItem\",\"position\":2,\"name\":\"kuchnia 10\"}]},{\"@type\":\"WebSite\",\"@id\":\"https:\/\/vikola.pl\/#website\",\"url\":\"https:\/\/vikola.pl\/\",\"name\":\"meble-vikola\",\"description\":\"Rozwijamy si\u0119 w\u0142a\u015bnie dla was\",\"publisher\":{\"@id\":\"https:\/\/vikola.pl\/#organization\"},\"potentialAction\":[{\"@type\":\"SearchAction\",\"target\":{\"@type\":\"EntryPoint\",\"urlTemplate\":\"https:\/\/vikola.pl\/?s={search_term_string}\"},\"query-input\":\"required name=search_term_string\"}],\"inLanguage\":\"en-US\"},{\"@type\":\"Organization\",\"@id\":\"https:\/\/vikola.pl\/#organization\",\"name\":\"meble-vikola\",\"url\":\"https:\/\/vikola.pl\/\",\"logo\":{\"@type\":\"ImageObject\",\"inLanguage\":\"en-US\",\"@id\":\"https:\/\/vikola.pl\/#\/schema\/logo\/image\/\",\"url\":\"https:\/\/vikola.pl\/wp-content\/uploads\/2024\/03\/vikola-logo-bez.jpg\",\"contentUrl\":\"https:\/\/vikola.pl\/wp-content\/uploads\/2024\/03\/vikola-logo-bez.jpg\",\"width\":152,\"height\":129,\"caption\":\"meble-vikola\"},\"image\":{\"@id\":\"https:\/\/vikola.pl\/#\/schema\/logo\/image\/\"}}]}<\/script>\n<!-- \/ Yoast SEO plugin. -->","yoast_head_json":{"title":"kuchnia 10 - meble-vikola","robots":{"index":"index","follow":"follow","max-snippet":"max-snippet:-1","max-image-preview":"max-image-preview:large","max-video-preview":"max-video-preview:-1"},"canonical":"https:\/\/vikola.pl\/?page_id=286","og_locale":"en_US","og_type":"article","og_title":"kuchnia 10 - meble-vikola","og_description":"Mamy tu kolejn\u0105 kuchni\u0119 \u0142\u0105cz\u0105c\u0105 ze sob\u0105 dwa skrajnie r\u00f3\u017cne materia\u0142y-bia\u0142y lakierowany front wyko\u0144czony\u00a0 w po\u0142ysku i\u00a0 dodatki wykonane z forniru ,,jab\u0142o\u0144 indyjska\u201d lakierowane matowo. Walory estetyczne\u00a0 podnosi czarny, granitowy blat a o walory praktyczne zadba\u0142y firmy \u00a0HETTICH i PEKA","og_url":"https:\/\/vikola.pl\/?page_id=286","og_site_name":"meble-vikola","article_modified_time":"2024-03-30T09:35:49+00:00","og_image":[{"url":"https:\/\/vikola.pl\/wp-content\/uploads\/2024\/03\/1_BIG-36-1024x685.jpg"}],"twitter_card":"summary_large_image","twitter_misc":{"Est. reading time":"3 minutes"},"schema":{"@context":"https:\/\/schema.org","@graph":[{"@type":"WebPage","@id":"https:\/\/vikola.pl\/?page_id=286","url":"https:\/\/vikola.pl\/?page_id=286","name":"kuchnia 10 - meble-vikola","isPartOf":{"@id":"https:\/\/vikola.pl\/#website"},"primaryImageOfPage":{"@id":"https:\/\/vikola.pl\/?page_id=286#primaryimage"},"image":{"@id":"https:\/\/vikola.pl\/?page_id=286#primaryimage"},"thumbnailUrl":"https:\/\/vikola.pl\/wp-content\/uploads\/2024\/03\/1_BIG-36-1024x685.jpg","datePublished":"2024-03-16T17:30:15+00:00","dateModified":"2024-03-30T09:35:49+00:00","breadcrumb":{"@id":"https:\/\/vikola.pl\/?page_id=286#breadcrumb"},"inLanguage":"en-US","potentialAction":[{"@type":"ReadAction","target":["https:\/\/vikola.pl\/?page_id=286"]}]},{"@type":"ImageObject","inLanguage":"en-US","@id":"https:\/\/vikola.pl\/?page_id=286#primaryimage","url":"https:\/\/vikola.pl\/wp-content\/uploads\/2024\/03\/1_BIG-36.jpg","contentUrl":"https:\/\/vikola.pl\/wp-content\/uploads\/2024\/03\/1_BIG-36.jpg","width":1046,"height":700,"caption":"SONY DSC"},{"@type":"BreadcrumbList","@id":"https:\/\/vikola.pl\/?page_id=286#breadcrumb","itemListElement":[{"@type":"ListItem","position":1,"name":"Home","item":"https:\/\/vikola.pl\/"},{"@type":"ListItem","position":2,"name":"kuchnia 10"}]},{"@type":"WebSite","@id":"https:\/\/vikola.pl\/#website","url":"https:\/\/vikola.pl\/","name":"meble-vikola","description":"Rozwijamy si\u0119 w\u0142a\u015bnie dla was","publisher":{"@id":"https:\/\/vikola.pl\/#organization"},"potentialAction":[{"@type":"SearchAction","target":{"@type":"EntryPoint","urlTemplate":"https:\/\/vikola.pl\/?s={search_term_string}"},"query-input":"required name=search_term_string"}],"inLanguage":"en-US"},{"@type":"Organization","@id":"https:\/\/vikola.pl\/#organization","name":"meble-vikola","url":"https:\/\/vikola.pl\/","logo":{"@type":"ImageObject","inLanguage":"en-US","@id":"https:\/\/vikola.pl\/#\/schema\/logo\/image\/","url":"https:\/\/vikola.pl\/wp-content\/uploads\/2024\/03\/vikola-logo-bez.jpg","contentUrl":"https:\/\/vikola.pl\/wp-content\/uploads\/2024\/03\/vikola-logo-bez.jpg","width":152,"height":129,"caption":"meble-vikola"},"image":{"@id":"https:\/\/vikola.pl\/#\/schema\/logo\/image\/"}}]}},"_links":{"self":[{"href":"https:\/\/vikola.pl\/index.php?rest_route=\/wp\/v2\/pages\/286","targetHints":{"allow":["GET"]}}],"collection":[{"href":"https:\/\/vikola.pl\/index.php?rest_route=\/wp\/v2\/pages"}],"about":[{"href":"https:\/\/vikola.pl\/index.php?rest_route=\/wp\/v2\/types\/page"}],"author":[{"embeddable":true,"href":"https:\/\/vikola.pl\/index.php?rest_route=\/wp\/v2\/users\/1"}],"replies":[{"embeddable":true,"href":"https:\/\/vikola.pl\/index.php?rest_route=%2Fwp%2Fv2%2Fcomments&post=286"}],"version-history":[{"count":2,"href":"https:\/\/vikola.pl\/index.php?rest_route=\/wp\/v2\/pages\/286\/revisions"}],"predecessor-version":[{"id":571,"href":"https:\/\/vikola.pl\/index.php?rest_route=\/wp\/v2\/pages\/286\/revisions\/571"}],"wp:attachment":[{"href":"https:\/\/vikola.pl\/index.php?rest_route=%2Fwp%2Fv2%2Fmedia&parent=286"}],"curies":[{"name":"wp","href":"https:\/\/api.w.org\/{rel}","templated":true}]}}