{"id":299,"date":"2024-03-16T18:33:04","date_gmt":"2024-03-16T17:33:04","guid":{"rendered":"http:\/\/test.meble-vikola.pl\/?page_id=299"},"modified":"2024-03-30T10:36:27","modified_gmt":"2024-03-30T09:36:27","slug":"kuchnia-11","status":"publish","type":"page","link":"https:\/\/vikola.pl\/?page_id=299","title":{"rendered":"kuchnia 11"},"content":{"rendered":"\n<p>To jest propozycja kuchni dla os\u00f3b, kt\u00f3re nie mog\u0105 sobie pozwoli\u0107 na zbyt du\u017cy wydatek w celu umeblowania kuchni, czyli wersja ekonomiczna. Zestaw wykonany jest z p\u0142yty pokrytej laminatem w wysokim po\u0142ysku, to po\u0142\u0105czenie czerni i oliwki. Komfort codziennego u\u017cytkowania zapewniaj\u0105 szuflady i cargo firmy Hettich a o pasuj\u0105ce pod wzgl\u0119dem kszta\u0142tu i koloru uchwyty zadba\u0142a firma Union-Knopff.<\/p>\n\n\n\n<figure class=\"wp-block-gallery has-nested-images columns-default is-cropped wp-block-gallery-1 is-layout-flex wp-block-gallery-is-layout-flex\">\n<figure class=\"wp-block-image size-large\"><img fetchpriority=\"high\" decoding=\"async\" width=\"500\" height=\"700\" data-id=\"303\" src=\"https:\/\/vikola.pl\/wp-content\/uploads\/2024\/03\/1_big-38.jpg\" alt=\"\" class=\"wp-image-303\" srcset=\"https:\/\/vikola.pl\/wp-content\/uploads\/2024\/03\/1_big-38.jpg 500w, https:\/\/vikola.pl\/wp-content\/uploads\/2024\/03\/1_big-38-214x300.jpg 214w\" sizes=\"(max-width: 500px) 100vw, 500px\" \/><figcaption class=\"wp-element-caption\">SONY DSC<\/figcaption><\/figure>\n\n\n\n<figure class=\"wp-block-image size-large\"><img decoding=\"async\" width=\"500\" height=\"747\" data-id=\"300\" src=\"https:\/\/vikola.pl\/wp-content\/uploads\/2024\/03\/2_big-10.jpg\" alt=\"\" class=\"wp-image-300\" srcset=\"https:\/\/vikola.pl\/wp-content\/uploads\/2024\/03\/2_big-10.jpg 500w, https:\/\/vikola.pl\/wp-content\/uploads\/2024\/03\/2_big-10-201x300.jpg 201w\" sizes=\"(max-width: 500px) 100vw, 500px\" \/><figcaption class=\"wp-element-caption\">SONY DSC<\/figcaption><\/figure>\n\n\n\n<figure class=\"wp-block-image size-large\"><img decoding=\"async\" width=\"500\" height=\"747\" data-id=\"302\" src=\"https:\/\/vikola.pl\/wp-content\/uploads\/2024\/03\/3_big-10.jpg\" alt=\"\" class=\"wp-image-302\" srcset=\"https:\/\/vikola.pl\/wp-content\/uploads\/2024\/03\/3_big-10.jpg 500w, https:\/\/vikola.pl\/wp-content\/uploads\/2024\/03\/3_big-10-201x300.jpg 201w\" sizes=\"(max-width: 500px) 100vw, 500px\" \/><figcaption class=\"wp-element-caption\">SONY DSC<\/figcaption><\/figure>\n\n\n\n<figure class=\"wp-block-image size-large\"><img loading=\"lazy\" decoding=\"async\" width=\"500\" height=\"747\" data-id=\"301\" src=\"https:\/\/vikola.pl\/wp-content\/uploads\/2024\/03\/4_big-10.jpg\" alt=\"\" class=\"wp-image-301\" srcset=\"https:\/\/vikola.pl\/wp-content\/uploads\/2024\/03\/4_big-10.jpg 500w, https:\/\/vikola.pl\/wp-content\/uploads\/2024\/03\/4_big-10-201x300.jpg 201w\" sizes=\"(max-width: 500px) 100vw, 500px\" \/><figcaption class=\"wp-element-caption\">SONY DSC<\/figcaption><\/figure>\n\n\n\n<figure class=\"wp-block-image size-large\"><img loading=\"lazy\" decoding=\"async\" width=\"1024\" height=\"685\" data-id=\"305\" src=\"https:\/\/vikola.pl\/wp-content\/uploads\/2024\/03\/5_big-9-1024x685.jpg\" alt=\"\" class=\"wp-image-305\" srcset=\"https:\/\/vikola.pl\/wp-content\/uploads\/2024\/03\/5_big-9-1024x685.jpg 1024w, https:\/\/vikola.pl\/wp-content\/uploads\/2024\/03\/5_big-9-300x201.jpg 300w, https:\/\/vikola.pl\/wp-content\/uploads\/2024\/03\/5_big-9-768x514.jpg 768w, https:\/\/vikola.pl\/wp-content\/uploads\/2024\/03\/5_big-9.jpg 1046w\" sizes=\"(max-width: 1024px) 100vw, 1024px\" \/><figcaption class=\"wp-element-caption\">SONY DSC<\/figcaption><\/figure>\n\n\n\n<figure class=\"wp-block-image size-large\"><img loading=\"lazy\" decoding=\"async\" width=\"500\" height=\"747\" data-id=\"304\" src=\"https:\/\/vikola.pl\/wp-content\/uploads\/2024\/03\/6_big-8.jpg\" alt=\"\" class=\"wp-image-304\" srcset=\"https:\/\/vikola.pl\/wp-content\/uploads\/2024\/03\/6_big-8.jpg 500w, https:\/\/vikola.pl\/wp-content\/uploads\/2024\/03\/6_big-8-201x300.jpg 201w\" sizes=\"(max-width: 500px) 100vw, 500px\" \/><figcaption class=\"wp-element-caption\">SONY DSC<\/figcaption><\/figure>\n<\/figure>\n","protected":false},"excerpt":{"rendered":"<p>To jest propozycja kuchni dla os\u00f3b, kt\u00f3re nie mog\u0105 sobie pozwoli\u0107 na zbyt du\u017cy wydatek w celu umeblowania kuchni, czyli wersja ekonomiczna. Zestaw wykonany jest z p\u0142yty pokrytej laminatem w wysokim po\u0142ysku, to po\u0142\u0105czenie czerni i oliwki. Komfort codziennego u\u017cytkowania zapewniaj\u0105 szuflady i cargo firmy Hettich a o pasuj\u0105ce pod wzgl\u0119dem kszta\u0142tu i koloru uchwyty [&hellip;]<\/p>\n","protected":false},"author":1,"featured_media":0,"parent":0,"menu_order":0,"comment_status":"closed","ping_status":"closed","template":"","meta":{"footnotes":""},"class_list":["post-299","page","type-page","status-publish","hentry"],"yoast_head":"<!-- This site is optimized with the Yoast SEO plugin v22.2 - https:\/\/yoast.com\/wordpress\/plugins\/seo\/ -->\n<title>kuchnia 11 - meble-vikola<\/title>\n<meta name=\"robots\" content=\"index, follow, max-snippet:-1, max-image-preview:large, max-video-preview:-1\" \/>\n<link rel=\"canonical\" href=\"https:\/\/vikola.pl\/?page_id=299\" \/>\n<meta property=\"og:locale\" content=\"en_US\" \/>\n<meta property=\"og:type\" content=\"article\" \/>\n<meta property=\"og:title\" content=\"kuchnia 11 - meble-vikola\" \/>\n<meta property=\"og:description\" content=\"To jest propozycja kuchni dla os\u00f3b, kt\u00f3re nie mog\u0105 sobie pozwoli\u0107 na zbyt du\u017cy wydatek w celu umeblowania kuchni, czyli wersja ekonomiczna. Zestaw wykonany jest z p\u0142yty pokrytej laminatem w wysokim po\u0142ysku, to po\u0142\u0105czenie czerni i oliwki. Komfort codziennego u\u017cytkowania zapewniaj\u0105 szuflady i cargo firmy Hettich a o pasuj\u0105ce pod wzgl\u0119dem kszta\u0142tu i koloru uchwyty [&hellip;]\" \/>\n<meta property=\"og:url\" content=\"https:\/\/vikola.pl\/?page_id=299\" \/>\n<meta property=\"og:site_name\" content=\"meble-vikola\" \/>\n<meta property=\"article:modified_time\" content=\"2024-03-30T09:36:27+00:00\" \/>\n<meta property=\"og:image\" content=\"https:\/\/vikola.pl\/wp-content\/uploads\/2024\/03\/1_big-38.jpg\" \/>\n<meta name=\"twitter:card\" content=\"summary_large_image\" \/>\n<meta name=\"twitter:label1\" content=\"Est. reading time\" \/>\n\t<meta name=\"twitter:data1\" content=\"2 minutes\" \/>\n<script type=\"application\/ld+json\" class=\"yoast-schema-graph\">{\"@context\":\"https:\/\/schema.org\",\"@graph\":[{\"@type\":\"WebPage\",\"@id\":\"https:\/\/vikola.pl\/?page_id=299\",\"url\":\"https:\/\/vikola.pl\/?page_id=299\",\"name\":\"kuchnia 11 - meble-vikola\",\"isPartOf\":{\"@id\":\"https:\/\/vikola.pl\/#website\"},\"primaryImageOfPage\":{\"@id\":\"https:\/\/vikola.pl\/?page_id=299#primaryimage\"},\"image\":{\"@id\":\"https:\/\/vikola.pl\/?page_id=299#primaryimage\"},\"thumbnailUrl\":\"https:\/\/vikola.pl\/wp-content\/uploads\/2024\/03\/1_big-38.jpg\",\"datePublished\":\"2024-03-16T17:33:04+00:00\",\"dateModified\":\"2024-03-30T09:36:27+00:00\",\"breadcrumb\":{\"@id\":\"https:\/\/vikola.pl\/?page_id=299#breadcrumb\"},\"inLanguage\":\"en-US\",\"potentialAction\":[{\"@type\":\"ReadAction\",\"target\":[\"https:\/\/vikola.pl\/?page_id=299\"]}]},{\"@type\":\"ImageObject\",\"inLanguage\":\"en-US\",\"@id\":\"https:\/\/vikola.pl\/?page_id=299#primaryimage\",\"url\":\"https:\/\/vikola.pl\/wp-content\/uploads\/2024\/03\/1_big-38.jpg\",\"contentUrl\":\"https:\/\/vikola.pl\/wp-content\/uploads\/2024\/03\/1_big-38.jpg\",\"width\":500,\"height\":700,\"caption\":\"SONY DSC\"},{\"@type\":\"BreadcrumbList\",\"@id\":\"https:\/\/vikola.pl\/?page_id=299#breadcrumb\",\"itemListElement\":[{\"@type\":\"ListItem\",\"position\":1,\"name\":\"Home\",\"item\":\"https:\/\/vikola.pl\/\"},{\"@type\":\"ListItem\",\"position\":2,\"name\":\"kuchnia 11\"}]},{\"@type\":\"WebSite\",\"@id\":\"https:\/\/vikola.pl\/#website\",\"url\":\"https:\/\/vikola.pl\/\",\"name\":\"meble-vikola\",\"description\":\"Rozwijamy si\u0119 w\u0142a\u015bnie dla was\",\"publisher\":{\"@id\":\"https:\/\/vikola.pl\/#organization\"},\"potentialAction\":[{\"@type\":\"SearchAction\",\"target\":{\"@type\":\"EntryPoint\",\"urlTemplate\":\"https:\/\/vikola.pl\/?s={search_term_string}\"},\"query-input\":\"required name=search_term_string\"}],\"inLanguage\":\"en-US\"},{\"@type\":\"Organization\",\"@id\":\"https:\/\/vikola.pl\/#organization\",\"name\":\"meble-vikola\",\"url\":\"https:\/\/vikola.pl\/\",\"logo\":{\"@type\":\"ImageObject\",\"inLanguage\":\"en-US\",\"@id\":\"https:\/\/vikola.pl\/#\/schema\/logo\/image\/\",\"url\":\"https:\/\/vikola.pl\/wp-content\/uploads\/2024\/03\/vikola-logo-bez.jpg\",\"contentUrl\":\"https:\/\/vikola.pl\/wp-content\/uploads\/2024\/03\/vikola-logo-bez.jpg\",\"width\":152,\"height\":129,\"caption\":\"meble-vikola\"},\"image\":{\"@id\":\"https:\/\/vikola.pl\/#\/schema\/logo\/image\/\"}}]}<\/script>\n<!-- \/ Yoast SEO plugin. -->","yoast_head_json":{"title":"kuchnia 11 - meble-vikola","robots":{"index":"index","follow":"follow","max-snippet":"max-snippet:-1","max-image-preview":"max-image-preview:large","max-video-preview":"max-video-preview:-1"},"canonical":"https:\/\/vikola.pl\/?page_id=299","og_locale":"en_US","og_type":"article","og_title":"kuchnia 11 - meble-vikola","og_description":"To jest propozycja kuchni dla os\u00f3b, kt\u00f3re nie mog\u0105 sobie pozwoli\u0107 na zbyt du\u017cy wydatek w celu umeblowania kuchni, czyli wersja ekonomiczna. Zestaw wykonany jest z p\u0142yty pokrytej laminatem w wysokim po\u0142ysku, to po\u0142\u0105czenie czerni i oliwki. Komfort codziennego u\u017cytkowania zapewniaj\u0105 szuflady i cargo firmy Hettich a o pasuj\u0105ce pod wzgl\u0119dem kszta\u0142tu i koloru uchwyty [&hellip;]","og_url":"https:\/\/vikola.pl\/?page_id=299","og_site_name":"meble-vikola","article_modified_time":"2024-03-30T09:36:27+00:00","og_image":[{"url":"https:\/\/vikola.pl\/wp-content\/uploads\/2024\/03\/1_big-38.jpg"}],"twitter_card":"summary_large_image","twitter_misc":{"Est. reading time":"2 minutes"},"schema":{"@context":"https:\/\/schema.org","@graph":[{"@type":"WebPage","@id":"https:\/\/vikola.pl\/?page_id=299","url":"https:\/\/vikola.pl\/?page_id=299","name":"kuchnia 11 - meble-vikola","isPartOf":{"@id":"https:\/\/vikola.pl\/#website"},"primaryImageOfPage":{"@id":"https:\/\/vikola.pl\/?page_id=299#primaryimage"},"image":{"@id":"https:\/\/vikola.pl\/?page_id=299#primaryimage"},"thumbnailUrl":"https:\/\/vikola.pl\/wp-content\/uploads\/2024\/03\/1_big-38.jpg","datePublished":"2024-03-16T17:33:04+00:00","dateModified":"2024-03-30T09:36:27+00:00","breadcrumb":{"@id":"https:\/\/vikola.pl\/?page_id=299#breadcrumb"},"inLanguage":"en-US","potentialAction":[{"@type":"ReadAction","target":["https:\/\/vikola.pl\/?page_id=299"]}]},{"@type":"ImageObject","inLanguage":"en-US","@id":"https:\/\/vikola.pl\/?page_id=299#primaryimage","url":"https:\/\/vikola.pl\/wp-content\/uploads\/2024\/03\/1_big-38.jpg","contentUrl":"https:\/\/vikola.pl\/wp-content\/uploads\/2024\/03\/1_big-38.jpg","width":500,"height":700,"caption":"SONY DSC"},{"@type":"BreadcrumbList","@id":"https:\/\/vikola.pl\/?page_id=299#breadcrumb","itemListElement":[{"@type":"ListItem","position":1,"name":"Home","item":"https:\/\/vikola.pl\/"},{"@type":"ListItem","position":2,"name":"kuchnia 11"}]},{"@type":"WebSite","@id":"https:\/\/vikola.pl\/#website","url":"https:\/\/vikola.pl\/","name":"meble-vikola","description":"Rozwijamy si\u0119 w\u0142a\u015bnie dla was","publisher":{"@id":"https:\/\/vikola.pl\/#organization"},"potentialAction":[{"@type":"SearchAction","target":{"@type":"EntryPoint","urlTemplate":"https:\/\/vikola.pl\/?s={search_term_string}"},"query-input":"required name=search_term_string"}],"inLanguage":"en-US"},{"@type":"Organization","@id":"https:\/\/vikola.pl\/#organization","name":"meble-vikola","url":"https:\/\/vikola.pl\/","logo":{"@type":"ImageObject","inLanguage":"en-US","@id":"https:\/\/vikola.pl\/#\/schema\/logo\/image\/","url":"https:\/\/vikola.pl\/wp-content\/uploads\/2024\/03\/vikola-logo-bez.jpg","contentUrl":"https:\/\/vikola.pl\/wp-content\/uploads\/2024\/03\/vikola-logo-bez.jpg","width":152,"height":129,"caption":"meble-vikola"},"image":{"@id":"https:\/\/vikola.pl\/#\/schema\/logo\/image\/"}}]}},"_links":{"self":[{"href":"https:\/\/vikola.pl\/index.php?rest_route=\/wp\/v2\/pages\/299","targetHints":{"allow":["GET"]}}],"collection":[{"href":"https:\/\/vikola.pl\/index.php?rest_route=\/wp\/v2\/pages"}],"about":[{"href":"https:\/\/vikola.pl\/index.php?rest_route=\/wp\/v2\/types\/page"}],"author":[{"embeddable":true,"href":"https:\/\/vikola.pl\/index.php?rest_route=\/wp\/v2\/users\/1"}],"replies":[{"embeddable":true,"href":"https:\/\/vikola.pl\/index.php?rest_route=%2Fwp%2Fv2%2Fcomments&post=299"}],"version-history":[{"count":2,"href":"https:\/\/vikola.pl\/index.php?rest_route=\/wp\/v2\/pages\/299\/revisions"}],"predecessor-version":[{"id":572,"href":"https:\/\/vikola.pl\/index.php?rest_route=\/wp\/v2\/pages\/299\/revisions\/572"}],"wp:attachment":[{"href":"https:\/\/vikola.pl\/index.php?rest_route=%2Fwp%2Fv2%2Fmedia&parent=299"}],"curies":[{"name":"wp","href":"https:\/\/api.w.org\/{rel}","templated":true}]}}