{"id":308,"date":"2024-03-16T18:34:37","date_gmt":"2024-03-16T17:34:37","guid":{"rendered":"http:\/\/test.meble-vikola.pl\/?page_id=308"},"modified":"2024-03-30T10:38:16","modified_gmt":"2024-03-30T09:38:16","slug":"kuchnia-12","status":"publish","type":"page","link":"https:\/\/vikola.pl\/?page_id=308","title":{"rendered":"kuchnia 12"},"content":{"rendered":"\n<p>Po\u0142\u0105czenie dw\u00f3ch skrajnych kolor\u00f3w: ciemny niskiej zabudowy i jasny zabudowy wysokiej jak i dw\u00f3ch rodzaj\u00f3w materia\u0142u fornir \u201ewenge\u201d matowy i jasny lakier w po\u0142ysku jest przyjazny dla oka i daje poczucie estetyki i dobrego smaku. Jest to kuchnia skierowana do ludzi id\u0105cych z duchem czasu. Funkcjonalno\u015b\u0107 tej kuchni jest bezdyskusyjna a na uwag\u0119 zas\u0142uguje okucie cargo do samodzielnej aran\u017cacji wn\u0119trza. Mo\u017cna tam umie\u015bci\u0107 rzeczy bardzo potrzebne w kuchni, kt\u00f3re musz\u0105 by\u0107 pod r\u0119k\u0105, ale nie chcemy \u017ceby by\u0142y na widoku. W tym przypadku obok miot\u0142y i szufelki mamy latark\u0119, no\u017cyczki a nawet domofon, aby porozmawia\u0107 z go\u015bciem, kt\u00f3rego widzimy przez okno przy furtce. Fartuch na \u015bcianie ze szk\u0142a hartowanego i blat wykonany z granitu podnosz\u0105 jeszcze wy\u017cej atrakcyjno\u015b\u0107 wizualn\u0105 tej kuchni.<\/p>\n\n\n\n<figure class=\"wp-block-gallery has-nested-images columns-default is-cropped wp-block-gallery-1 is-layout-flex wp-block-gallery-is-layout-flex\">\n<figure class=\"wp-block-image size-large\"><img fetchpriority=\"high\" decoding=\"async\" width=\"1024\" height=\"685\" data-id=\"314\" src=\"https:\/\/vikola.pl\/wp-content\/uploads\/2024\/03\/1_big-39-1024x685.jpg\" alt=\"\" class=\"wp-image-314\" srcset=\"https:\/\/vikola.pl\/wp-content\/uploads\/2024\/03\/1_big-39-1024x685.jpg 1024w, https:\/\/vikola.pl\/wp-content\/uploads\/2024\/03\/1_big-39-300x201.jpg 300w, https:\/\/vikola.pl\/wp-content\/uploads\/2024\/03\/1_big-39-768x514.jpg 768w, https:\/\/vikola.pl\/wp-content\/uploads\/2024\/03\/1_big-39.jpg 1046w\" sizes=\"(max-width: 1024px) 100vw, 1024px\" \/><figcaption class=\"wp-element-caption\">SONY DSC<\/figcaption><\/figure>\n\n\n\n<figure class=\"wp-block-image size-large\"><img decoding=\"async\" width=\"1024\" height=\"685\" data-id=\"315\" src=\"https:\/\/vikola.pl\/wp-content\/uploads\/2024\/03\/2_big-11-1024x685.jpg\" alt=\"\" class=\"wp-image-315\" srcset=\"https:\/\/vikola.pl\/wp-content\/uploads\/2024\/03\/2_big-11-1024x685.jpg 1024w, https:\/\/vikola.pl\/wp-content\/uploads\/2024\/03\/2_big-11-300x201.jpg 300w, https:\/\/vikola.pl\/wp-content\/uploads\/2024\/03\/2_big-11-768x514.jpg 768w, https:\/\/vikola.pl\/wp-content\/uploads\/2024\/03\/2_big-11.jpg 1046w\" sizes=\"(max-width: 1024px) 100vw, 1024px\" \/><figcaption class=\"wp-element-caption\">SONY DSC<\/figcaption><\/figure>\n\n\n\n<figure class=\"wp-block-image size-large\"><img decoding=\"async\" width=\"500\" height=\"747\" data-id=\"309\" src=\"https:\/\/vikola.pl\/wp-content\/uploads\/2024\/03\/3_big-11.jpg\" alt=\"\" class=\"wp-image-309\" srcset=\"https:\/\/vikola.pl\/wp-content\/uploads\/2024\/03\/3_big-11.jpg 500w, https:\/\/vikola.pl\/wp-content\/uploads\/2024\/03\/3_big-11-201x300.jpg 201w\" sizes=\"(max-width: 500px) 100vw, 500px\" \/><figcaption class=\"wp-element-caption\">SONY DSC<\/figcaption><\/figure>\n\n\n\n<figure class=\"wp-block-image size-large\"><img loading=\"lazy\" decoding=\"async\" width=\"500\" height=\"747\" data-id=\"311\" src=\"https:\/\/vikola.pl\/wp-content\/uploads\/2024\/03\/4_big-11.jpg\" alt=\"\" class=\"wp-image-311\" srcset=\"https:\/\/vikola.pl\/wp-content\/uploads\/2024\/03\/4_big-11.jpg 500w, https:\/\/vikola.pl\/wp-content\/uploads\/2024\/03\/4_big-11-201x300.jpg 201w\" sizes=\"(max-width: 500px) 100vw, 500px\" \/><figcaption class=\"wp-element-caption\">SONY DSC<\/figcaption><\/figure>\n\n\n\n<figure class=\"wp-block-image size-large\"><img loading=\"lazy\" decoding=\"async\" width=\"500\" height=\"747\" data-id=\"312\" src=\"https:\/\/vikola.pl\/wp-content\/uploads\/2024\/03\/5_big-10.jpg\" alt=\"\" class=\"wp-image-312\" srcset=\"https:\/\/vikola.pl\/wp-content\/uploads\/2024\/03\/5_big-10.jpg 500w, https:\/\/vikola.pl\/wp-content\/uploads\/2024\/03\/5_big-10-201x300.jpg 201w\" sizes=\"(max-width: 500px) 100vw, 500px\" \/><figcaption class=\"wp-element-caption\">SONY DSC<\/figcaption><\/figure>\n\n\n\n<figure class=\"wp-block-image size-large\"><img loading=\"lazy\" decoding=\"async\" width=\"500\" height=\"747\" data-id=\"310\" src=\"https:\/\/vikola.pl\/wp-content\/uploads\/2024\/03\/6_big-9.jpg\" alt=\"\" class=\"wp-image-310\" srcset=\"https:\/\/vikola.pl\/wp-content\/uploads\/2024\/03\/6_big-9.jpg 500w, https:\/\/vikola.pl\/wp-content\/uploads\/2024\/03\/6_big-9-201x300.jpg 201w\" sizes=\"(max-width: 500px) 100vw, 500px\" \/><figcaption class=\"wp-element-caption\">SONY DSC<\/figcaption><\/figure>\n\n\n\n<figure class=\"wp-block-image size-large\"><img loading=\"lazy\" decoding=\"async\" width=\"500\" height=\"747\" data-id=\"316\" src=\"https:\/\/vikola.pl\/wp-content\/uploads\/2024\/03\/7_big-7.jpg\" alt=\"\" class=\"wp-image-316\" srcset=\"https:\/\/vikola.pl\/wp-content\/uploads\/2024\/03\/7_big-7.jpg 500w, https:\/\/vikola.pl\/wp-content\/uploads\/2024\/03\/7_big-7-201x300.jpg 201w\" sizes=\"(max-width: 500px) 100vw, 500px\" \/><figcaption class=\"wp-element-caption\">SONY DSC<\/figcaption><\/figure>\n\n\n\n<figure class=\"wp-block-image size-large\"><img loading=\"lazy\" decoding=\"async\" width=\"1024\" height=\"685\" data-id=\"313\" src=\"https:\/\/vikola.pl\/wp-content\/uploads\/2024\/03\/8_big-4-1024x685.jpg\" alt=\"\" class=\"wp-image-313\" srcset=\"https:\/\/vikola.pl\/wp-content\/uploads\/2024\/03\/8_big-4-1024x685.jpg 1024w, https:\/\/vikola.pl\/wp-content\/uploads\/2024\/03\/8_big-4-300x201.jpg 300w, https:\/\/vikola.pl\/wp-content\/uploads\/2024\/03\/8_big-4-768x514.jpg 768w, https:\/\/vikola.pl\/wp-content\/uploads\/2024\/03\/8_big-4.jpg 1046w\" sizes=\"(max-width: 1024px) 100vw, 1024px\" \/><figcaption class=\"wp-element-caption\">SONY DSC<\/figcaption><\/figure>\n<\/figure>\n","protected":false},"excerpt":{"rendered":"<p>Po\u0142\u0105czenie dw\u00f3ch skrajnych kolor\u00f3w: ciemny niskiej zabudowy i jasny zabudowy wysokiej jak i dw\u00f3ch rodzaj\u00f3w materia\u0142u fornir \u201ewenge\u201d matowy i jasny lakier w po\u0142ysku jest przyjazny dla oka i daje poczucie estetyki i dobrego smaku. Jest to kuchnia skierowana do ludzi id\u0105cych z duchem czasu. Funkcjonalno\u015b\u0107 tej kuchni jest bezdyskusyjna a na uwag\u0119 zas\u0142uguje okucie [&hellip;]<\/p>\n","protected":false},"author":1,"featured_media":0,"parent":0,"menu_order":0,"comment_status":"closed","ping_status":"closed","template":"","meta":{"footnotes":""},"class_list":["post-308","page","type-page","status-publish","hentry"],"yoast_head":"<!-- This site is optimized with the Yoast SEO plugin v22.2 - https:\/\/yoast.com\/wordpress\/plugins\/seo\/ -->\n<title>kuchnia 12 - meble-vikola<\/title>\n<meta name=\"robots\" content=\"index, follow, max-snippet:-1, max-image-preview:large, max-video-preview:-1\" \/>\n<link rel=\"canonical\" href=\"https:\/\/vikola.pl\/?page_id=308\" \/>\n<meta property=\"og:locale\" content=\"en_US\" \/>\n<meta property=\"og:type\" content=\"article\" \/>\n<meta property=\"og:title\" content=\"kuchnia 12 - meble-vikola\" \/>\n<meta property=\"og:description\" content=\"Po\u0142\u0105czenie dw\u00f3ch skrajnych kolor\u00f3w: ciemny niskiej zabudowy i jasny zabudowy wysokiej jak i dw\u00f3ch rodzaj\u00f3w materia\u0142u fornir \u201ewenge\u201d matowy i jasny lakier w po\u0142ysku jest przyjazny dla oka i daje poczucie estetyki i dobrego smaku. Jest to kuchnia skierowana do ludzi id\u0105cych z duchem czasu. Funkcjonalno\u015b\u0107 tej kuchni jest bezdyskusyjna a na uwag\u0119 zas\u0142uguje okucie [&hellip;]\" \/>\n<meta property=\"og:url\" content=\"https:\/\/vikola.pl\/?page_id=308\" \/>\n<meta property=\"og:site_name\" content=\"meble-vikola\" \/>\n<meta property=\"article:modified_time\" content=\"2024-03-30T09:38:16+00:00\" \/>\n<meta property=\"og:image\" content=\"https:\/\/vikola.pl\/wp-content\/uploads\/2024\/03\/1_big-39-1024x685.jpg\" \/>\n<meta name=\"twitter:card\" content=\"summary_large_image\" \/>\n<meta name=\"twitter:label1\" content=\"Est. reading time\" \/>\n\t<meta name=\"twitter:data1\" content=\"3 minutes\" \/>\n<script type=\"application\/ld+json\" class=\"yoast-schema-graph\">{\"@context\":\"https:\/\/schema.org\",\"@graph\":[{\"@type\":\"WebPage\",\"@id\":\"https:\/\/vikola.pl\/?page_id=308\",\"url\":\"https:\/\/vikola.pl\/?page_id=308\",\"name\":\"kuchnia 12 - meble-vikola\",\"isPartOf\":{\"@id\":\"https:\/\/vikola.pl\/#website\"},\"primaryImageOfPage\":{\"@id\":\"https:\/\/vikola.pl\/?page_id=308#primaryimage\"},\"image\":{\"@id\":\"https:\/\/vikola.pl\/?page_id=308#primaryimage\"},\"thumbnailUrl\":\"https:\/\/vikola.pl\/wp-content\/uploads\/2024\/03\/1_big-39-1024x685.jpg\",\"datePublished\":\"2024-03-16T17:34:37+00:00\",\"dateModified\":\"2024-03-30T09:38:16+00:00\",\"breadcrumb\":{\"@id\":\"https:\/\/vikola.pl\/?page_id=308#breadcrumb\"},\"inLanguage\":\"en-US\",\"potentialAction\":[{\"@type\":\"ReadAction\",\"target\":[\"https:\/\/vikola.pl\/?page_id=308\"]}]},{\"@type\":\"ImageObject\",\"inLanguage\":\"en-US\",\"@id\":\"https:\/\/vikola.pl\/?page_id=308#primaryimage\",\"url\":\"https:\/\/vikola.pl\/wp-content\/uploads\/2024\/03\/1_big-39.jpg\",\"contentUrl\":\"https:\/\/vikola.pl\/wp-content\/uploads\/2024\/03\/1_big-39.jpg\",\"width\":1046,\"height\":700,\"caption\":\"SONY DSC\"},{\"@type\":\"BreadcrumbList\",\"@id\":\"https:\/\/vikola.pl\/?page_id=308#breadcrumb\",\"itemListElement\":[{\"@type\":\"ListItem\",\"position\":1,\"name\":\"Home\",\"item\":\"https:\/\/vikola.pl\/\"},{\"@type\":\"ListItem\",\"position\":2,\"name\":\"kuchnia 12\"}]},{\"@type\":\"WebSite\",\"@id\":\"https:\/\/vikola.pl\/#website\",\"url\":\"https:\/\/vikola.pl\/\",\"name\":\"meble-vikola\",\"description\":\"Rozwijamy si\u0119 w\u0142a\u015bnie dla was\",\"publisher\":{\"@id\":\"https:\/\/vikola.pl\/#organization\"},\"potentialAction\":[{\"@type\":\"SearchAction\",\"target\":{\"@type\":\"EntryPoint\",\"urlTemplate\":\"https:\/\/vikola.pl\/?s={search_term_string}\"},\"query-input\":\"required name=search_term_string\"}],\"inLanguage\":\"en-US\"},{\"@type\":\"Organization\",\"@id\":\"https:\/\/vikola.pl\/#organization\",\"name\":\"meble-vikola\",\"url\":\"https:\/\/vikola.pl\/\",\"logo\":{\"@type\":\"ImageObject\",\"inLanguage\":\"en-US\",\"@id\":\"https:\/\/vikola.pl\/#\/schema\/logo\/image\/\",\"url\":\"https:\/\/vikola.pl\/wp-content\/uploads\/2024\/03\/vikola-logo-bez.jpg\",\"contentUrl\":\"https:\/\/vikola.pl\/wp-content\/uploads\/2024\/03\/vikola-logo-bez.jpg\",\"width\":152,\"height\":129,\"caption\":\"meble-vikola\"},\"image\":{\"@id\":\"https:\/\/vikola.pl\/#\/schema\/logo\/image\/\"}}]}<\/script>\n<!-- \/ Yoast SEO plugin. -->","yoast_head_json":{"title":"kuchnia 12 - meble-vikola","robots":{"index":"index","follow":"follow","max-snippet":"max-snippet:-1","max-image-preview":"max-image-preview:large","max-video-preview":"max-video-preview:-1"},"canonical":"https:\/\/vikola.pl\/?page_id=308","og_locale":"en_US","og_type":"article","og_title":"kuchnia 12 - meble-vikola","og_description":"Po\u0142\u0105czenie dw\u00f3ch skrajnych kolor\u00f3w: ciemny niskiej zabudowy i jasny zabudowy wysokiej jak i dw\u00f3ch rodzaj\u00f3w materia\u0142u fornir \u201ewenge\u201d matowy i jasny lakier w po\u0142ysku jest przyjazny dla oka i daje poczucie estetyki i dobrego smaku. Jest to kuchnia skierowana do ludzi id\u0105cych z duchem czasu. Funkcjonalno\u015b\u0107 tej kuchni jest bezdyskusyjna a na uwag\u0119 zas\u0142uguje okucie [&hellip;]","og_url":"https:\/\/vikola.pl\/?page_id=308","og_site_name":"meble-vikola","article_modified_time":"2024-03-30T09:38:16+00:00","og_image":[{"url":"https:\/\/vikola.pl\/wp-content\/uploads\/2024\/03\/1_big-39-1024x685.jpg"}],"twitter_card":"summary_large_image","twitter_misc":{"Est. reading time":"3 minutes"},"schema":{"@context":"https:\/\/schema.org","@graph":[{"@type":"WebPage","@id":"https:\/\/vikola.pl\/?page_id=308","url":"https:\/\/vikola.pl\/?page_id=308","name":"kuchnia 12 - meble-vikola","isPartOf":{"@id":"https:\/\/vikola.pl\/#website"},"primaryImageOfPage":{"@id":"https:\/\/vikola.pl\/?page_id=308#primaryimage"},"image":{"@id":"https:\/\/vikola.pl\/?page_id=308#primaryimage"},"thumbnailUrl":"https:\/\/vikola.pl\/wp-content\/uploads\/2024\/03\/1_big-39-1024x685.jpg","datePublished":"2024-03-16T17:34:37+00:00","dateModified":"2024-03-30T09:38:16+00:00","breadcrumb":{"@id":"https:\/\/vikola.pl\/?page_id=308#breadcrumb"},"inLanguage":"en-US","potentialAction":[{"@type":"ReadAction","target":["https:\/\/vikola.pl\/?page_id=308"]}]},{"@type":"ImageObject","inLanguage":"en-US","@id":"https:\/\/vikola.pl\/?page_id=308#primaryimage","url":"https:\/\/vikola.pl\/wp-content\/uploads\/2024\/03\/1_big-39.jpg","contentUrl":"https:\/\/vikola.pl\/wp-content\/uploads\/2024\/03\/1_big-39.jpg","width":1046,"height":700,"caption":"SONY DSC"},{"@type":"BreadcrumbList","@id":"https:\/\/vikola.pl\/?page_id=308#breadcrumb","itemListElement":[{"@type":"ListItem","position":1,"name":"Home","item":"https:\/\/vikola.pl\/"},{"@type":"ListItem","position":2,"name":"kuchnia 12"}]},{"@type":"WebSite","@id":"https:\/\/vikola.pl\/#website","url":"https:\/\/vikola.pl\/","name":"meble-vikola","description":"Rozwijamy si\u0119 w\u0142a\u015bnie dla was","publisher":{"@id":"https:\/\/vikola.pl\/#organization"},"potentialAction":[{"@type":"SearchAction","target":{"@type":"EntryPoint","urlTemplate":"https:\/\/vikola.pl\/?s={search_term_string}"},"query-input":"required name=search_term_string"}],"inLanguage":"en-US"},{"@type":"Organization","@id":"https:\/\/vikola.pl\/#organization","name":"meble-vikola","url":"https:\/\/vikola.pl\/","logo":{"@type":"ImageObject","inLanguage":"en-US","@id":"https:\/\/vikola.pl\/#\/schema\/logo\/image\/","url":"https:\/\/vikola.pl\/wp-content\/uploads\/2024\/03\/vikola-logo-bez.jpg","contentUrl":"https:\/\/vikola.pl\/wp-content\/uploads\/2024\/03\/vikola-logo-bez.jpg","width":152,"height":129,"caption":"meble-vikola"},"image":{"@id":"https:\/\/vikola.pl\/#\/schema\/logo\/image\/"}}]}},"_links":{"self":[{"href":"https:\/\/vikola.pl\/index.php?rest_route=\/wp\/v2\/pages\/308","targetHints":{"allow":["GET"]}}],"collection":[{"href":"https:\/\/vikola.pl\/index.php?rest_route=\/wp\/v2\/pages"}],"about":[{"href":"https:\/\/vikola.pl\/index.php?rest_route=\/wp\/v2\/types\/page"}],"author":[{"embeddable":true,"href":"https:\/\/vikola.pl\/index.php?rest_route=\/wp\/v2\/users\/1"}],"replies":[{"embeddable":true,"href":"https:\/\/vikola.pl\/index.php?rest_route=%2Fwp%2Fv2%2Fcomments&post=308"}],"version-history":[{"count":2,"href":"https:\/\/vikola.pl\/index.php?rest_route=\/wp\/v2\/pages\/308\/revisions"}],"predecessor-version":[{"id":574,"href":"https:\/\/vikola.pl\/index.php?rest_route=\/wp\/v2\/pages\/308\/revisions\/574"}],"wp:attachment":[{"href":"https:\/\/vikola.pl\/index.php?rest_route=%2Fwp%2Fv2%2Fmedia&parent=308"}],"curies":[{"name":"wp","href":"https:\/\/api.w.org\/{rel}","templated":true}]}}