{"id":349,"date":"2024-03-16T18:42:09","date_gmt":"2024-03-16T17:42:09","guid":{"rendered":"http:\/\/test.meble-vikola.pl\/?page_id=349"},"modified":"2024-03-30T10:40:38","modified_gmt":"2024-03-30T09:40:38","slug":"kuchnia-15","status":"publish","type":"page","link":"https:\/\/vikola.pl\/?page_id=349","title":{"rendered":"kuchnia 15"},"content":{"rendered":"\n<figure class=\"wp-block-gallery has-nested-images columns-default is-cropped wp-block-gallery-1 is-layout-flex wp-block-gallery-is-layout-flex\">\n<figure class=\"wp-block-image size-large\"><img fetchpriority=\"high\" decoding=\"async\" width=\"500\" height=\"700\" data-id=\"351\" src=\"http:\/\/test.meble-vikola.pl\/wp-content\/uploads\/2024\/03\/1_big-43.jpg\" alt=\"\" class=\"wp-image-351\" srcset=\"https:\/\/vikola.pl\/wp-content\/uploads\/2024\/03\/1_big-43.jpg 500w, https:\/\/vikola.pl\/wp-content\/uploads\/2024\/03\/1_big-43-214x300.jpg 214w\" sizes=\"(max-width: 500px) 100vw, 500px\" \/><figcaption class=\"wp-element-caption\">SONY DSC<\/figcaption><\/figure>\n\n\n\n<figure class=\"wp-block-image size-large\"><img decoding=\"async\" width=\"500\" height=\"700\" data-id=\"360\" src=\"https:\/\/vikola.pl\/wp-content\/uploads\/2024\/03\/2_big-15.jpg\" alt=\"\" class=\"wp-image-360\" srcset=\"https:\/\/vikola.pl\/wp-content\/uploads\/2024\/03\/2_big-15.jpg 500w, https:\/\/vikola.pl\/wp-content\/uploads\/2024\/03\/2_big-15-214x300.jpg 214w\" sizes=\"(max-width: 500px) 100vw, 500px\" \/><figcaption class=\"wp-element-caption\">SONY DSC<\/figcaption><\/figure>\n\n\n\n<figure class=\"wp-block-image size-large\"><img decoding=\"async\" width=\"500\" height=\"685\" data-id=\"353\" src=\"https:\/\/vikola.pl\/wp-content\/uploads\/2024\/03\/3_big-14.jpg\" alt=\"\" class=\"wp-image-353\" srcset=\"https:\/\/vikola.pl\/wp-content\/uploads\/2024\/03\/3_big-14.jpg 500w, https:\/\/vikola.pl\/wp-content\/uploads\/2024\/03\/3_big-14-219x300.jpg 219w\" sizes=\"(max-width: 500px) 100vw, 500px\" \/><figcaption class=\"wp-element-caption\">SONY DSC<\/figcaption><\/figure>\n\n\n\n<figure class=\"wp-block-image size-large\"><img loading=\"lazy\" decoding=\"async\" width=\"639\" height=\"533\" data-id=\"350\" src=\"https:\/\/vikola.pl\/wp-content\/uploads\/2024\/03\/4_big-14.jpg\" alt=\"\" class=\"wp-image-350\" srcset=\"https:\/\/vikola.pl\/wp-content\/uploads\/2024\/03\/4_big-14.jpg 639w, https:\/\/vikola.pl\/wp-content\/uploads\/2024\/03\/4_big-14-300x250.jpg 300w\" sizes=\"(max-width: 639px) 100vw, 639px\" \/><\/figure>\n\n\n\n<figure class=\"wp-block-image size-large\"><img loading=\"lazy\" decoding=\"async\" width=\"500\" height=\"700\" data-id=\"352\" src=\"https:\/\/vikola.pl\/wp-content\/uploads\/2024\/03\/5_big-13.jpg\" alt=\"\" class=\"wp-image-352\" srcset=\"https:\/\/vikola.pl\/wp-content\/uploads\/2024\/03\/5_big-13.jpg 500w, https:\/\/vikola.pl\/wp-content\/uploads\/2024\/03\/5_big-13-214x300.jpg 214w\" sizes=\"(max-width: 500px) 100vw, 500px\" \/><figcaption class=\"wp-element-caption\">SONY DSC<\/figcaption><\/figure>\n\n\n\n<figure class=\"wp-block-image size-large\"><img loading=\"lazy\" decoding=\"async\" width=\"700\" height=\"468\" data-id=\"355\" src=\"https:\/\/vikola.pl\/wp-content\/uploads\/2024\/03\/6_big-12.jpg\" alt=\"\" class=\"wp-image-355\" srcset=\"https:\/\/vikola.pl\/wp-content\/uploads\/2024\/03\/6_big-12.jpg 700w, https:\/\/vikola.pl\/wp-content\/uploads\/2024\/03\/6_big-12-300x201.jpg 300w\" sizes=\"(max-width: 700px) 100vw, 700px\" \/><figcaption class=\"wp-element-caption\">SONY DSC<\/figcaption><\/figure>\n\n\n\n<figure class=\"wp-block-image size-large\"><img loading=\"lazy\" decoding=\"async\" width=\"500\" height=\"747\" data-id=\"354\" src=\"https:\/\/vikola.pl\/wp-content\/uploads\/2024\/03\/7_big-10.jpg\" alt=\"\" class=\"wp-image-354\" srcset=\"https:\/\/vikola.pl\/wp-content\/uploads\/2024\/03\/7_big-10.jpg 500w, https:\/\/vikola.pl\/wp-content\/uploads\/2024\/03\/7_big-10-201x300.jpg 201w\" sizes=\"(max-width: 500px) 100vw, 500px\" \/><figcaption class=\"wp-element-caption\">SONY DSC<\/figcaption><\/figure>\n\n\n\n<figure class=\"wp-block-image size-large\"><img loading=\"lazy\" decoding=\"async\" width=\"640\" height=\"428\" data-id=\"356\" src=\"https:\/\/vikola.pl\/wp-content\/uploads\/2024\/03\/8_big-6.jpg\" alt=\"\" class=\"wp-image-356\" srcset=\"https:\/\/vikola.pl\/wp-content\/uploads\/2024\/03\/8_big-6.jpg 640w, https:\/\/vikola.pl\/wp-content\/uploads\/2024\/03\/8_big-6-300x201.jpg 300w\" sizes=\"(max-width: 640px) 100vw, 640px\" \/><figcaption class=\"wp-element-caption\">SONY DSC<\/figcaption><\/figure>\n\n\n\n<figure class=\"wp-block-image size-large\"><img loading=\"lazy\" decoding=\"async\" width=\"500\" height=\"700\" data-id=\"359\" src=\"https:\/\/vikola.pl\/wp-content\/uploads\/2024\/03\/9_big-3.jpg\" alt=\"\" class=\"wp-image-359\" srcset=\"https:\/\/vikola.pl\/wp-content\/uploads\/2024\/03\/9_big-3.jpg 500w, https:\/\/vikola.pl\/wp-content\/uploads\/2024\/03\/9_big-3-214x300.jpg 214w\" sizes=\"(max-width: 500px) 100vw, 500px\" \/><figcaption class=\"wp-element-caption\">SONY DSC<\/figcaption><\/figure>\n\n\n\n<figure class=\"wp-block-image size-large\"><img loading=\"lazy\" decoding=\"async\" width=\"500\" height=\"700\" data-id=\"358\" src=\"https:\/\/vikola.pl\/wp-content\/uploads\/2024\/03\/10_big-2.jpg\" alt=\"\" class=\"wp-image-358\" srcset=\"https:\/\/vikola.pl\/wp-content\/uploads\/2024\/03\/10_big-2.jpg 500w, https:\/\/vikola.pl\/wp-content\/uploads\/2024\/03\/10_big-2-214x300.jpg 214w\" sizes=\"(max-width: 500px) 100vw, 500px\" \/><figcaption class=\"wp-element-caption\">SONY DSC<\/figcaption><\/figure>\n\n\n\n<figure class=\"wp-block-image size-large\"><img loading=\"lazy\" decoding=\"async\" width=\"500\" height=\"700\" data-id=\"357\" src=\"https:\/\/vikola.pl\/wp-content\/uploads\/2024\/03\/11_big-2.jpg\" alt=\"\" class=\"wp-image-357\" srcset=\"https:\/\/vikola.pl\/wp-content\/uploads\/2024\/03\/11_big-2.jpg 500w, https:\/\/vikola.pl\/wp-content\/uploads\/2024\/03\/11_big-2-214x300.jpg 214w\" sizes=\"(max-width: 500px) 100vw, 500px\" \/><figcaption class=\"wp-element-caption\">SONY DSC<\/figcaption><\/figure>\n<\/figure>\n","protected":false},"excerpt":{"rendered":"","protected":false},"author":1,"featured_media":0,"parent":0,"menu_order":0,"comment_status":"closed","ping_status":"closed","template":"","meta":{"footnotes":""},"class_list":["post-349","page","type-page","status-publish","hentry"],"yoast_head":"<!-- This site is optimized with the Yoast SEO plugin v22.2 - https:\/\/yoast.com\/wordpress\/plugins\/seo\/ -->\n<title>kuchnia 15 - meble-vikola<\/title>\n<meta name=\"robots\" content=\"index, follow, max-snippet:-1, max-image-preview:large, max-video-preview:-1\" \/>\n<link rel=\"canonical\" href=\"https:\/\/vikola.pl\/?page_id=349\" \/>\n<meta property=\"og:locale\" content=\"en_US\" \/>\n<meta property=\"og:type\" content=\"article\" \/>\n<meta property=\"og:title\" content=\"kuchnia 15 - meble-vikola\" \/>\n<meta property=\"og:url\" content=\"https:\/\/vikola.pl\/?page_id=349\" \/>\n<meta property=\"og:site_name\" content=\"meble-vikola\" \/>\n<meta property=\"article:modified_time\" content=\"2024-03-30T09:40:38+00:00\" \/>\n<meta property=\"og:image\" content=\"http:\/\/test.meble-vikola.pl\/wp-content\/uploads\/2024\/03\/1_big-43.jpg\" \/>\n<meta name=\"twitter:card\" content=\"summary_large_image\" \/>\n<meta name=\"twitter:label1\" content=\"Est. reading time\" \/>\n\t<meta name=\"twitter:data1\" content=\"3 minutes\" \/>\n<script type=\"application\/ld+json\" class=\"yoast-schema-graph\">{\"@context\":\"https:\/\/schema.org\",\"@graph\":[{\"@type\":\"WebPage\",\"@id\":\"https:\/\/vikola.pl\/?page_id=349\",\"url\":\"https:\/\/vikola.pl\/?page_id=349\",\"name\":\"kuchnia 15 - meble-vikola\",\"isPartOf\":{\"@id\":\"https:\/\/vikola.pl\/#website\"},\"primaryImageOfPage\":{\"@id\":\"https:\/\/vikola.pl\/?page_id=349#primaryimage\"},\"image\":{\"@id\":\"https:\/\/vikola.pl\/?page_id=349#primaryimage\"},\"thumbnailUrl\":\"http:\/\/test.meble-vikola.pl\/wp-content\/uploads\/2024\/03\/1_big-43.jpg\",\"datePublished\":\"2024-03-16T17:42:09+00:00\",\"dateModified\":\"2024-03-30T09:40:38+00:00\",\"breadcrumb\":{\"@id\":\"https:\/\/vikola.pl\/?page_id=349#breadcrumb\"},\"inLanguage\":\"en-US\",\"potentialAction\":[{\"@type\":\"ReadAction\",\"target\":[\"https:\/\/vikola.pl\/?page_id=349\"]}]},{\"@type\":\"ImageObject\",\"inLanguage\":\"en-US\",\"@id\":\"https:\/\/vikola.pl\/?page_id=349#primaryimage\",\"url\":\"https:\/\/vikola.pl\/wp-content\/uploads\/2024\/03\/1_big-43.jpg\",\"contentUrl\":\"https:\/\/vikola.pl\/wp-content\/uploads\/2024\/03\/1_big-43.jpg\",\"width\":500,\"height\":700,\"caption\":\"SONY DSC\"},{\"@type\":\"BreadcrumbList\",\"@id\":\"https:\/\/vikola.pl\/?page_id=349#breadcrumb\",\"itemListElement\":[{\"@type\":\"ListItem\",\"position\":1,\"name\":\"Home\",\"item\":\"https:\/\/vikola.pl\/\"},{\"@type\":\"ListItem\",\"position\":2,\"name\":\"kuchnia 15\"}]},{\"@type\":\"WebSite\",\"@id\":\"https:\/\/vikola.pl\/#website\",\"url\":\"https:\/\/vikola.pl\/\",\"name\":\"meble-vikola\",\"description\":\"Rozwijamy si\u0119 w\u0142a\u015bnie dla was\",\"publisher\":{\"@id\":\"https:\/\/vikola.pl\/#organization\"},\"potentialAction\":[{\"@type\":\"SearchAction\",\"target\":{\"@type\":\"EntryPoint\",\"urlTemplate\":\"https:\/\/vikola.pl\/?s={search_term_string}\"},\"query-input\":\"required name=search_term_string\"}],\"inLanguage\":\"en-US\"},{\"@type\":\"Organization\",\"@id\":\"https:\/\/vikola.pl\/#organization\",\"name\":\"meble-vikola\",\"url\":\"https:\/\/vikola.pl\/\",\"logo\":{\"@type\":\"ImageObject\",\"inLanguage\":\"en-US\",\"@id\":\"https:\/\/vikola.pl\/#\/schema\/logo\/image\/\",\"url\":\"https:\/\/vikola.pl\/wp-content\/uploads\/2024\/03\/vikola-logo-bez.jpg\",\"contentUrl\":\"https:\/\/vikola.pl\/wp-content\/uploads\/2024\/03\/vikola-logo-bez.jpg\",\"width\":152,\"height\":129,\"caption\":\"meble-vikola\"},\"image\":{\"@id\":\"https:\/\/vikola.pl\/#\/schema\/logo\/image\/\"}}]}<\/script>\n<!-- \/ Yoast SEO plugin. -->","yoast_head_json":{"title":"kuchnia 15 - meble-vikola","robots":{"index":"index","follow":"follow","max-snippet":"max-snippet:-1","max-image-preview":"max-image-preview:large","max-video-preview":"max-video-preview:-1"},"canonical":"https:\/\/vikola.pl\/?page_id=349","og_locale":"en_US","og_type":"article","og_title":"kuchnia 15 - meble-vikola","og_url":"https:\/\/vikola.pl\/?page_id=349","og_site_name":"meble-vikola","article_modified_time":"2024-03-30T09:40:38+00:00","og_image":[{"url":"http:\/\/test.meble-vikola.pl\/wp-content\/uploads\/2024\/03\/1_big-43.jpg"}],"twitter_card":"summary_large_image","twitter_misc":{"Est. reading time":"3 minutes"},"schema":{"@context":"https:\/\/schema.org","@graph":[{"@type":"WebPage","@id":"https:\/\/vikola.pl\/?page_id=349","url":"https:\/\/vikola.pl\/?page_id=349","name":"kuchnia 15 - meble-vikola","isPartOf":{"@id":"https:\/\/vikola.pl\/#website"},"primaryImageOfPage":{"@id":"https:\/\/vikola.pl\/?page_id=349#primaryimage"},"image":{"@id":"https:\/\/vikola.pl\/?page_id=349#primaryimage"},"thumbnailUrl":"http:\/\/test.meble-vikola.pl\/wp-content\/uploads\/2024\/03\/1_big-43.jpg","datePublished":"2024-03-16T17:42:09+00:00","dateModified":"2024-03-30T09:40:38+00:00","breadcrumb":{"@id":"https:\/\/vikola.pl\/?page_id=349#breadcrumb"},"inLanguage":"en-US","potentialAction":[{"@type":"ReadAction","target":["https:\/\/vikola.pl\/?page_id=349"]}]},{"@type":"ImageObject","inLanguage":"en-US","@id":"https:\/\/vikola.pl\/?page_id=349#primaryimage","url":"https:\/\/vikola.pl\/wp-content\/uploads\/2024\/03\/1_big-43.jpg","contentUrl":"https:\/\/vikola.pl\/wp-content\/uploads\/2024\/03\/1_big-43.jpg","width":500,"height":700,"caption":"SONY DSC"},{"@type":"BreadcrumbList","@id":"https:\/\/vikola.pl\/?page_id=349#breadcrumb","itemListElement":[{"@type":"ListItem","position":1,"name":"Home","item":"https:\/\/vikola.pl\/"},{"@type":"ListItem","position":2,"name":"kuchnia 15"}]},{"@type":"WebSite","@id":"https:\/\/vikola.pl\/#website","url":"https:\/\/vikola.pl\/","name":"meble-vikola","description":"Rozwijamy si\u0119 w\u0142a\u015bnie dla was","publisher":{"@id":"https:\/\/vikola.pl\/#organization"},"potentialAction":[{"@type":"SearchAction","target":{"@type":"EntryPoint","urlTemplate":"https:\/\/vikola.pl\/?s={search_term_string}"},"query-input":"required name=search_term_string"}],"inLanguage":"en-US"},{"@type":"Organization","@id":"https:\/\/vikola.pl\/#organization","name":"meble-vikola","url":"https:\/\/vikola.pl\/","logo":{"@type":"ImageObject","inLanguage":"en-US","@id":"https:\/\/vikola.pl\/#\/schema\/logo\/image\/","url":"https:\/\/vikola.pl\/wp-content\/uploads\/2024\/03\/vikola-logo-bez.jpg","contentUrl":"https:\/\/vikola.pl\/wp-content\/uploads\/2024\/03\/vikola-logo-bez.jpg","width":152,"height":129,"caption":"meble-vikola"},"image":{"@id":"https:\/\/vikola.pl\/#\/schema\/logo\/image\/"}}]}},"_links":{"self":[{"href":"https:\/\/vikola.pl\/index.php?rest_route=\/wp\/v2\/pages\/349","targetHints":{"allow":["GET"]}}],"collection":[{"href":"https:\/\/vikola.pl\/index.php?rest_route=\/wp\/v2\/pages"}],"about":[{"href":"https:\/\/vikola.pl\/index.php?rest_route=\/wp\/v2\/types\/page"}],"author":[{"embeddable":true,"href":"https:\/\/vikola.pl\/index.php?rest_route=\/wp\/v2\/users\/1"}],"replies":[{"embeddable":true,"href":"https:\/\/vikola.pl\/index.php?rest_route=%2Fwp%2Fv2%2Fcomments&post=349"}],"version-history":[{"count":2,"href":"https:\/\/vikola.pl\/index.php?rest_route=\/wp\/v2\/pages\/349\/revisions"}],"predecessor-version":[{"id":577,"href":"https:\/\/vikola.pl\/index.php?rest_route=\/wp\/v2\/pages\/349\/revisions\/577"}],"wp:attachment":[{"href":"https:\/\/vikola.pl\/index.php?rest_route=%2Fwp%2Fv2%2Fmedia&parent=349"}],"curies":[{"name":"wp","href":"https:\/\/api.w.org\/{rel}","templated":true}]}}