{"id":407,"date":"2024-03-16T18:52:21","date_gmt":"2024-03-16T17:52:21","guid":{"rendered":"http:\/\/test.meble-vikola.pl\/?page_id=407"},"modified":"2024-03-30T10:57:01","modified_gmt":"2024-03-30T09:57:01","slug":"lazienka-4","status":"publish","type":"page","link":"https:\/\/vikola.pl\/?page_id=407","title":{"rendered":"\u0141azienka 4"},"content":{"rendered":"\n<figure class=\"wp-block-gallery has-nested-images columns-default is-cropped wp-block-gallery-1 is-layout-flex wp-block-gallery-is-layout-flex\">\n<figure class=\"wp-block-image size-large\"><img fetchpriority=\"high\" decoding=\"async\" width=\"1024\" height=\"685\" data-id=\"408\" src=\"https:\/\/vikola.pl\/wp-content\/uploads\/2024\/03\/1_big-51-1024x685.jpg\" alt=\"\" class=\"wp-image-408\" srcset=\"https:\/\/vikola.pl\/wp-content\/uploads\/2024\/03\/1_big-51-1024x685.jpg 1024w, https:\/\/vikola.pl\/wp-content\/uploads\/2024\/03\/1_big-51-300x201.jpg 300w, https:\/\/vikola.pl\/wp-content\/uploads\/2024\/03\/1_big-51-768x514.jpg 768w, https:\/\/vikola.pl\/wp-content\/uploads\/2024\/03\/1_big-51.jpg 1046w\" sizes=\"(max-width: 1024px) 100vw, 1024px\" \/><figcaption class=\"wp-element-caption\">SONY DSC<\/figcaption><\/figure>\n\n\n\n<figure class=\"wp-block-image size-large\"><img decoding=\"async\" width=\"1024\" height=\"685\" data-id=\"409\" src=\"https:\/\/vikola.pl\/wp-content\/uploads\/2024\/03\/2_big-21-1024x685.jpg\" alt=\"\" class=\"wp-image-409\" srcset=\"https:\/\/vikola.pl\/wp-content\/uploads\/2024\/03\/2_big-21-1024x685.jpg 1024w, https:\/\/vikola.pl\/wp-content\/uploads\/2024\/03\/2_big-21-300x201.jpg 300w, https:\/\/vikola.pl\/wp-content\/uploads\/2024\/03\/2_big-21-768x514.jpg 768w, https:\/\/vikola.pl\/wp-content\/uploads\/2024\/03\/2_big-21.jpg 1046w\" sizes=\"(max-width: 1024px) 100vw, 1024px\" \/><figcaption class=\"wp-element-caption\">SONY DSC<\/figcaption><\/figure>\n\n\n\n<figure class=\"wp-block-image size-large\"><img decoding=\"async\" width=\"1024\" height=\"685\" data-id=\"410\" src=\"https:\/\/vikola.pl\/wp-content\/uploads\/2024\/03\/3_big-20-1024x685.jpg\" alt=\"\" class=\"wp-image-410\" srcset=\"https:\/\/vikola.pl\/wp-content\/uploads\/2024\/03\/3_big-20-1024x685.jpg 1024w, https:\/\/vikola.pl\/wp-content\/uploads\/2024\/03\/3_big-20-300x201.jpg 300w, https:\/\/vikola.pl\/wp-content\/uploads\/2024\/03\/3_big-20-768x514.jpg 768w, https:\/\/vikola.pl\/wp-content\/uploads\/2024\/03\/3_big-20.jpg 1046w\" sizes=\"(max-width: 1024px) 100vw, 1024px\" \/><figcaption class=\"wp-element-caption\">SONY DSC<\/figcaption><\/figure>\n\n\n\n<figure class=\"wp-block-image size-large\"><img loading=\"lazy\" decoding=\"async\" width=\"1024\" height=\"685\" data-id=\"411\" src=\"https:\/\/vikola.pl\/wp-content\/uploads\/2024\/03\/4_big-20-1024x685.jpg\" alt=\"\" class=\"wp-image-411\" srcset=\"https:\/\/vikola.pl\/wp-content\/uploads\/2024\/03\/4_big-20-1024x685.jpg 1024w, https:\/\/vikola.pl\/wp-content\/uploads\/2024\/03\/4_big-20-300x201.jpg 300w, https:\/\/vikola.pl\/wp-content\/uploads\/2024\/03\/4_big-20-768x514.jpg 768w, https:\/\/vikola.pl\/wp-content\/uploads\/2024\/03\/4_big-20.jpg 1046w\" sizes=\"(max-width: 1024px) 100vw, 1024px\" \/><figcaption class=\"wp-element-caption\">SONY DSC<\/figcaption><\/figure>\n<\/figure>\n","protected":false},"excerpt":{"rendered":"","protected":false},"author":1,"featured_media":0,"parent":0,"menu_order":0,"comment_status":"closed","ping_status":"closed","template":"","meta":{"footnotes":""},"class_list":["post-407","page","type-page","status-publish","hentry"],"yoast_head":"<!-- This site is optimized with the Yoast SEO plugin v22.2 - https:\/\/yoast.com\/wordpress\/plugins\/seo\/ -->\n<title>\u0141azienka 4 - meble-vikola<\/title>\n<meta name=\"robots\" content=\"index, follow, max-snippet:-1, max-image-preview:large, max-video-preview:-1\" \/>\n<link rel=\"canonical\" href=\"https:\/\/vikola.pl\/?page_id=407\" \/>\n<meta property=\"og:locale\" content=\"en_US\" \/>\n<meta property=\"og:type\" content=\"article\" \/>\n<meta property=\"og:title\" content=\"\u0141azienka 4 - meble-vikola\" \/>\n<meta property=\"og:url\" content=\"https:\/\/vikola.pl\/?page_id=407\" \/>\n<meta property=\"og:site_name\" content=\"meble-vikola\" \/>\n<meta property=\"article:modified_time\" content=\"2024-03-30T09:57:01+00:00\" \/>\n<meta property=\"og:image\" content=\"https:\/\/vikola.pl\/wp-content\/uploads\/2024\/03\/1_big-51-1024x685.jpg\" \/>\n<meta name=\"twitter:card\" content=\"summary_large_image\" \/>\n<meta name=\"twitter:label1\" content=\"Est. reading time\" \/>\n\t<meta name=\"twitter:data1\" content=\"1 minute\" \/>\n<script type=\"application\/ld+json\" class=\"yoast-schema-graph\">{\"@context\":\"https:\/\/schema.org\",\"@graph\":[{\"@type\":\"WebPage\",\"@id\":\"https:\/\/vikola.pl\/?page_id=407\",\"url\":\"https:\/\/vikola.pl\/?page_id=407\",\"name\":\"\u0141azienka 4 - meble-vikola\",\"isPartOf\":{\"@id\":\"https:\/\/vikola.pl\/#website\"},\"primaryImageOfPage\":{\"@id\":\"https:\/\/vikola.pl\/?page_id=407#primaryimage\"},\"image\":{\"@id\":\"https:\/\/vikola.pl\/?page_id=407#primaryimage\"},\"thumbnailUrl\":\"https:\/\/vikola.pl\/wp-content\/uploads\/2024\/03\/1_big-51-1024x685.jpg\",\"datePublished\":\"2024-03-16T17:52:21+00:00\",\"dateModified\":\"2024-03-30T09:57:01+00:00\",\"breadcrumb\":{\"@id\":\"https:\/\/vikola.pl\/?page_id=407#breadcrumb\"},\"inLanguage\":\"en-US\",\"potentialAction\":[{\"@type\":\"ReadAction\",\"target\":[\"https:\/\/vikola.pl\/?page_id=407\"]}]},{\"@type\":\"ImageObject\",\"inLanguage\":\"en-US\",\"@id\":\"https:\/\/vikola.pl\/?page_id=407#primaryimage\",\"url\":\"https:\/\/vikola.pl\/wp-content\/uploads\/2024\/03\/1_big-51.jpg\",\"contentUrl\":\"https:\/\/vikola.pl\/wp-content\/uploads\/2024\/03\/1_big-51.jpg\",\"width\":1046,\"height\":700,\"caption\":\"SONY DSC\"},{\"@type\":\"BreadcrumbList\",\"@id\":\"https:\/\/vikola.pl\/?page_id=407#breadcrumb\",\"itemListElement\":[{\"@type\":\"ListItem\",\"position\":1,\"name\":\"Home\",\"item\":\"https:\/\/vikola.pl\/\"},{\"@type\":\"ListItem\",\"position\":2,\"name\":\"\u0141azienka 4\"}]},{\"@type\":\"WebSite\",\"@id\":\"https:\/\/vikola.pl\/#website\",\"url\":\"https:\/\/vikola.pl\/\",\"name\":\"meble-vikola\",\"description\":\"Rozwijamy si\u0119 w\u0142a\u015bnie dla was\",\"publisher\":{\"@id\":\"https:\/\/vikola.pl\/#organization\"},\"potentialAction\":[{\"@type\":\"SearchAction\",\"target\":{\"@type\":\"EntryPoint\",\"urlTemplate\":\"https:\/\/vikola.pl\/?s={search_term_string}\"},\"query-input\":\"required name=search_term_string\"}],\"inLanguage\":\"en-US\"},{\"@type\":\"Organization\",\"@id\":\"https:\/\/vikola.pl\/#organization\",\"name\":\"meble-vikola\",\"url\":\"https:\/\/vikola.pl\/\",\"logo\":{\"@type\":\"ImageObject\",\"inLanguage\":\"en-US\",\"@id\":\"https:\/\/vikola.pl\/#\/schema\/logo\/image\/\",\"url\":\"https:\/\/vikola.pl\/wp-content\/uploads\/2024\/03\/vikola-logo-bez.jpg\",\"contentUrl\":\"https:\/\/vikola.pl\/wp-content\/uploads\/2024\/03\/vikola-logo-bez.jpg\",\"width\":152,\"height\":129,\"caption\":\"meble-vikola\"},\"image\":{\"@id\":\"https:\/\/vikola.pl\/#\/schema\/logo\/image\/\"}}]}<\/script>\n<!-- \/ Yoast SEO plugin. -->","yoast_head_json":{"title":"\u0141azienka 4 - meble-vikola","robots":{"index":"index","follow":"follow","max-snippet":"max-snippet:-1","max-image-preview":"max-image-preview:large","max-video-preview":"max-video-preview:-1"},"canonical":"https:\/\/vikola.pl\/?page_id=407","og_locale":"en_US","og_type":"article","og_title":"\u0141azienka 4 - meble-vikola","og_url":"https:\/\/vikola.pl\/?page_id=407","og_site_name":"meble-vikola","article_modified_time":"2024-03-30T09:57:01+00:00","og_image":[{"url":"https:\/\/vikola.pl\/wp-content\/uploads\/2024\/03\/1_big-51-1024x685.jpg"}],"twitter_card":"summary_large_image","twitter_misc":{"Est. reading time":"1 minute"},"schema":{"@context":"https:\/\/schema.org","@graph":[{"@type":"WebPage","@id":"https:\/\/vikola.pl\/?page_id=407","url":"https:\/\/vikola.pl\/?page_id=407","name":"\u0141azienka 4 - meble-vikola","isPartOf":{"@id":"https:\/\/vikola.pl\/#website"},"primaryImageOfPage":{"@id":"https:\/\/vikola.pl\/?page_id=407#primaryimage"},"image":{"@id":"https:\/\/vikola.pl\/?page_id=407#primaryimage"},"thumbnailUrl":"https:\/\/vikola.pl\/wp-content\/uploads\/2024\/03\/1_big-51-1024x685.jpg","datePublished":"2024-03-16T17:52:21+00:00","dateModified":"2024-03-30T09:57:01+00:00","breadcrumb":{"@id":"https:\/\/vikola.pl\/?page_id=407#breadcrumb"},"inLanguage":"en-US","potentialAction":[{"@type":"ReadAction","target":["https:\/\/vikola.pl\/?page_id=407"]}]},{"@type":"ImageObject","inLanguage":"en-US","@id":"https:\/\/vikola.pl\/?page_id=407#primaryimage","url":"https:\/\/vikola.pl\/wp-content\/uploads\/2024\/03\/1_big-51.jpg","contentUrl":"https:\/\/vikola.pl\/wp-content\/uploads\/2024\/03\/1_big-51.jpg","width":1046,"height":700,"caption":"SONY DSC"},{"@type":"BreadcrumbList","@id":"https:\/\/vikola.pl\/?page_id=407#breadcrumb","itemListElement":[{"@type":"ListItem","position":1,"name":"Home","item":"https:\/\/vikola.pl\/"},{"@type":"ListItem","position":2,"name":"\u0141azienka 4"}]},{"@type":"WebSite","@id":"https:\/\/vikola.pl\/#website","url":"https:\/\/vikola.pl\/","name":"meble-vikola","description":"Rozwijamy si\u0119 w\u0142a\u015bnie dla was","publisher":{"@id":"https:\/\/vikola.pl\/#organization"},"potentialAction":[{"@type":"SearchAction","target":{"@type":"EntryPoint","urlTemplate":"https:\/\/vikola.pl\/?s={search_term_string}"},"query-input":"required name=search_term_string"}],"inLanguage":"en-US"},{"@type":"Organization","@id":"https:\/\/vikola.pl\/#organization","name":"meble-vikola","url":"https:\/\/vikola.pl\/","logo":{"@type":"ImageObject","inLanguage":"en-US","@id":"https:\/\/vikola.pl\/#\/schema\/logo\/image\/","url":"https:\/\/vikola.pl\/wp-content\/uploads\/2024\/03\/vikola-logo-bez.jpg","contentUrl":"https:\/\/vikola.pl\/wp-content\/uploads\/2024\/03\/vikola-logo-bez.jpg","width":152,"height":129,"caption":"meble-vikola"},"image":{"@id":"https:\/\/vikola.pl\/#\/schema\/logo\/image\/"}}]}},"_links":{"self":[{"href":"https:\/\/vikola.pl\/index.php?rest_route=\/wp\/v2\/pages\/407","targetHints":{"allow":["GET"]}}],"collection":[{"href":"https:\/\/vikola.pl\/index.php?rest_route=\/wp\/v2\/pages"}],"about":[{"href":"https:\/\/vikola.pl\/index.php?rest_route=\/wp\/v2\/types\/page"}],"author":[{"embeddable":true,"href":"https:\/\/vikola.pl\/index.php?rest_route=\/wp\/v2\/users\/1"}],"replies":[{"embeddable":true,"href":"https:\/\/vikola.pl\/index.php?rest_route=%2Fwp%2Fv2%2Fcomments&post=407"}],"version-history":[{"count":2,"href":"https:\/\/vikola.pl\/index.php?rest_route=\/wp\/v2\/pages\/407\/revisions"}],"predecessor-version":[{"id":596,"href":"https:\/\/vikola.pl\/index.php?rest_route=\/wp\/v2\/pages\/407\/revisions\/596"}],"wp:attachment":[{"href":"https:\/\/vikola.pl\/index.php?rest_route=%2Fwp%2Fv2%2Fmedia&parent=407"}],"curies":[{"name":"wp","href":"https:\/\/api.w.org\/{rel}","templated":true}]}}