{"id":447,"date":"2024-03-16T18:59:30","date_gmt":"2024-03-16T17:59:30","guid":{"rendered":"http:\/\/test.meble-vikola.pl\/?page_id=447"},"modified":"2024-03-30T11:04:14","modified_gmt":"2024-03-30T10:04:14","slug":"szafy","status":"publish","type":"page","link":"https:\/\/vikola.pl\/?page_id=447","title":{"rendered":"Szafy"},"content":{"rendered":"\n<figure class=\"wp-block-gallery has-nested-images columns-default is-cropped wp-block-gallery-1 is-layout-flex wp-block-gallery-is-layout-flex\">\n<figure class=\"wp-block-image size-large\"><a href=\"http:\/\/test.meble-vikola.pl\/?page_id=459\"><img fetchpriority=\"high\" decoding=\"async\" width=\"500\" height=\"700\" data-id=\"452\" src=\"https:\/\/vikola.pl\/wp-content\/uploads\/2024\/03\/1_big-61.jpg\" alt=\"\" class=\"wp-image-452\" srcset=\"https:\/\/vikola.pl\/wp-content\/uploads\/2024\/03\/1_big-61.jpg 500w, https:\/\/vikola.pl\/wp-content\/uploads\/2024\/03\/1_big-61-214x300.jpg 214w\" sizes=\"(max-width: 500px) 100vw, 500px\" \/><\/a><figcaption class=\"wp-element-caption\">SONY DSC<\/figcaption><\/figure>\n\n\n\n<figure class=\"wp-block-image size-large\"><a href=\"http:\/\/test.meble-vikola.pl\/?page_id=467\"><img decoding=\"async\" width=\"500\" height=\"747\" data-id=\"453\" src=\"https:\/\/vikola.pl\/wp-content\/uploads\/2024\/03\/1_big-62.jpg\" alt=\"\" class=\"wp-image-453\" srcset=\"https:\/\/vikola.pl\/wp-content\/uploads\/2024\/03\/1_big-62.jpg 500w, https:\/\/vikola.pl\/wp-content\/uploads\/2024\/03\/1_big-62-201x300.jpg 201w\" sizes=\"(max-width: 500px) 100vw, 500px\" \/><\/a><figcaption class=\"wp-element-caption\">SONY DSC<\/figcaption><\/figure>\n\n\n\n<figure class=\"wp-block-image size-large\"><a href=\"http:\/\/test.meble-vikola.pl\/?page_id=474\"><img decoding=\"async\" width=\"1024\" height=\"685\" data-id=\"454\" src=\"https:\/\/vikola.pl\/wp-content\/uploads\/2024\/03\/1_big-63-1024x685.jpg\" alt=\"\" class=\"wp-image-454\" srcset=\"https:\/\/vikola.pl\/wp-content\/uploads\/2024\/03\/1_big-63-1024x685.jpg 1024w, https:\/\/vikola.pl\/wp-content\/uploads\/2024\/03\/1_big-63-300x201.jpg 300w, https:\/\/vikola.pl\/wp-content\/uploads\/2024\/03\/1_big-63-768x514.jpg 768w, https:\/\/vikola.pl\/wp-content\/uploads\/2024\/03\/1_big-63.jpg 1046w\" sizes=\"(max-width: 1024px) 100vw, 1024px\" \/><\/a><figcaption class=\"wp-element-caption\">SONY DSC<\/figcaption><\/figure>\n\n\n\n<figure class=\"wp-block-image size-large\"><a href=\"http:\/\/test.meble-vikola.pl\/?page_id=481\"><img loading=\"lazy\" decoding=\"async\" width=\"469\" height=\"700\" data-id=\"455\" src=\"https:\/\/vikola.pl\/wp-content\/uploads\/2024\/03\/1_big-64.jpg\" alt=\"\" class=\"wp-image-455\" srcset=\"https:\/\/vikola.pl\/wp-content\/uploads\/2024\/03\/1_big-64.jpg 469w, https:\/\/vikola.pl\/wp-content\/uploads\/2024\/03\/1_big-64-201x300.jpg 201w\" sizes=\"(max-width: 469px) 100vw, 469px\" \/><\/a><figcaption class=\"wp-element-caption\">SONY DSC<\/figcaption><\/figure>\n\n\n\n<figure class=\"wp-block-image size-large\"><a href=\"http:\/\/test.meble-vikola.pl\/?page_id=490\"><img loading=\"lazy\" decoding=\"async\" width=\"949\" height=\"500\" data-id=\"456\" src=\"https:\/\/vikola.pl\/wp-content\/uploads\/2024\/03\/1_big-65.jpg\" alt=\"\" class=\"wp-image-456\" srcset=\"https:\/\/vikola.pl\/wp-content\/uploads\/2024\/03\/1_big-65.jpg 949w, https:\/\/vikola.pl\/wp-content\/uploads\/2024\/03\/1_big-65-300x158.jpg 300w, https:\/\/vikola.pl\/wp-content\/uploads\/2024\/03\/1_big-65-768x405.jpg 768w\" sizes=\"(max-width: 949px) 100vw, 949px\" \/><\/a><\/figure>\n<\/figure>\n","protected":false},"excerpt":{"rendered":"","protected":false},"author":1,"featured_media":0,"parent":0,"menu_order":0,"comment_status":"closed","ping_status":"closed","template":"","meta":{"footnotes":""},"class_list":["post-447","page","type-page","status-publish","hentry"],"yoast_head":"<!-- This site is optimized with the Yoast SEO plugin v22.2 - https:\/\/yoast.com\/wordpress\/plugins\/seo\/ -->\n<title>Szafy - meble-vikola<\/title>\n<meta name=\"robots\" content=\"index, follow, max-snippet:-1, max-image-preview:large, max-video-preview:-1\" \/>\n<link rel=\"canonical\" href=\"https:\/\/vikola.pl\/?page_id=447\" \/>\n<meta property=\"og:locale\" content=\"en_US\" \/>\n<meta property=\"og:type\" content=\"article\" \/>\n<meta property=\"og:title\" content=\"Szafy - meble-vikola\" \/>\n<meta property=\"og:url\" content=\"https:\/\/vikola.pl\/?page_id=447\" \/>\n<meta property=\"og:site_name\" content=\"meble-vikola\" \/>\n<meta property=\"article:modified_time\" content=\"2024-03-30T10:04:14+00:00\" \/>\n<meta property=\"og:image\" content=\"https:\/\/vikola.pl\/wp-content\/uploads\/2024\/03\/1_big-61.jpg\" \/>\n<meta name=\"twitter:card\" content=\"summary_large_image\" \/>\n<meta name=\"twitter:label1\" content=\"Est. reading time\" \/>\n\t<meta name=\"twitter:data1\" content=\"2 minutes\" \/>\n<script type=\"application\/ld+json\" class=\"yoast-schema-graph\">{\"@context\":\"https:\/\/schema.org\",\"@graph\":[{\"@type\":\"WebPage\",\"@id\":\"https:\/\/vikola.pl\/?page_id=447\",\"url\":\"https:\/\/vikola.pl\/?page_id=447\",\"name\":\"Szafy - meble-vikola\",\"isPartOf\":{\"@id\":\"https:\/\/vikola.pl\/#website\"},\"primaryImageOfPage\":{\"@id\":\"https:\/\/vikola.pl\/?page_id=447#primaryimage\"},\"image\":{\"@id\":\"https:\/\/vikola.pl\/?page_id=447#primaryimage\"},\"thumbnailUrl\":\"https:\/\/vikola.pl\/wp-content\/uploads\/2024\/03\/1_big-61.jpg\",\"datePublished\":\"2024-03-16T17:59:30+00:00\",\"dateModified\":\"2024-03-30T10:04:14+00:00\",\"breadcrumb\":{\"@id\":\"https:\/\/vikola.pl\/?page_id=447#breadcrumb\"},\"inLanguage\":\"en-US\",\"potentialAction\":[{\"@type\":\"ReadAction\",\"target\":[\"https:\/\/vikola.pl\/?page_id=447\"]}]},{\"@type\":\"ImageObject\",\"inLanguage\":\"en-US\",\"@id\":\"https:\/\/vikola.pl\/?page_id=447#primaryimage\",\"url\":\"https:\/\/vikola.pl\/wp-content\/uploads\/2024\/03\/1_big-61.jpg\",\"contentUrl\":\"https:\/\/vikola.pl\/wp-content\/uploads\/2024\/03\/1_big-61.jpg\",\"width\":500,\"height\":700,\"caption\":\"SONY DSC\"},{\"@type\":\"BreadcrumbList\",\"@id\":\"https:\/\/vikola.pl\/?page_id=447#breadcrumb\",\"itemListElement\":[{\"@type\":\"ListItem\",\"position\":1,\"name\":\"Home\",\"item\":\"https:\/\/vikola.pl\/\"},{\"@type\":\"ListItem\",\"position\":2,\"name\":\"Szafy\"}]},{\"@type\":\"WebSite\",\"@id\":\"https:\/\/vikola.pl\/#website\",\"url\":\"https:\/\/vikola.pl\/\",\"name\":\"meble-vikola\",\"description\":\"Rozwijamy si\u0119 w\u0142a\u015bnie dla was\",\"publisher\":{\"@id\":\"https:\/\/vikola.pl\/#organization\"},\"potentialAction\":[{\"@type\":\"SearchAction\",\"target\":{\"@type\":\"EntryPoint\",\"urlTemplate\":\"https:\/\/vikola.pl\/?s={search_term_string}\"},\"query-input\":\"required name=search_term_string\"}],\"inLanguage\":\"en-US\"},{\"@type\":\"Organization\",\"@id\":\"https:\/\/vikola.pl\/#organization\",\"name\":\"meble-vikola\",\"url\":\"https:\/\/vikola.pl\/\",\"logo\":{\"@type\":\"ImageObject\",\"inLanguage\":\"en-US\",\"@id\":\"https:\/\/vikola.pl\/#\/schema\/logo\/image\/\",\"url\":\"https:\/\/vikola.pl\/wp-content\/uploads\/2024\/03\/vikola-logo-bez.jpg\",\"contentUrl\":\"https:\/\/vikola.pl\/wp-content\/uploads\/2024\/03\/vikola-logo-bez.jpg\",\"width\":152,\"height\":129,\"caption\":\"meble-vikola\"},\"image\":{\"@id\":\"https:\/\/vikola.pl\/#\/schema\/logo\/image\/\"}}]}<\/script>\n<!-- \/ Yoast SEO plugin. -->","yoast_head_json":{"title":"Szafy - meble-vikola","robots":{"index":"index","follow":"follow","max-snippet":"max-snippet:-1","max-image-preview":"max-image-preview:large","max-video-preview":"max-video-preview:-1"},"canonical":"https:\/\/vikola.pl\/?page_id=447","og_locale":"en_US","og_type":"article","og_title":"Szafy - meble-vikola","og_url":"https:\/\/vikola.pl\/?page_id=447","og_site_name":"meble-vikola","article_modified_time":"2024-03-30T10:04:14+00:00","og_image":[{"url":"https:\/\/vikola.pl\/wp-content\/uploads\/2024\/03\/1_big-61.jpg"}],"twitter_card":"summary_large_image","twitter_misc":{"Est. reading time":"2 minutes"},"schema":{"@context":"https:\/\/schema.org","@graph":[{"@type":"WebPage","@id":"https:\/\/vikola.pl\/?page_id=447","url":"https:\/\/vikola.pl\/?page_id=447","name":"Szafy - meble-vikola","isPartOf":{"@id":"https:\/\/vikola.pl\/#website"},"primaryImageOfPage":{"@id":"https:\/\/vikola.pl\/?page_id=447#primaryimage"},"image":{"@id":"https:\/\/vikola.pl\/?page_id=447#primaryimage"},"thumbnailUrl":"https:\/\/vikola.pl\/wp-content\/uploads\/2024\/03\/1_big-61.jpg","datePublished":"2024-03-16T17:59:30+00:00","dateModified":"2024-03-30T10:04:14+00:00","breadcrumb":{"@id":"https:\/\/vikola.pl\/?page_id=447#breadcrumb"},"inLanguage":"en-US","potentialAction":[{"@type":"ReadAction","target":["https:\/\/vikola.pl\/?page_id=447"]}]},{"@type":"ImageObject","inLanguage":"en-US","@id":"https:\/\/vikola.pl\/?page_id=447#primaryimage","url":"https:\/\/vikola.pl\/wp-content\/uploads\/2024\/03\/1_big-61.jpg","contentUrl":"https:\/\/vikola.pl\/wp-content\/uploads\/2024\/03\/1_big-61.jpg","width":500,"height":700,"caption":"SONY DSC"},{"@type":"BreadcrumbList","@id":"https:\/\/vikola.pl\/?page_id=447#breadcrumb","itemListElement":[{"@type":"ListItem","position":1,"name":"Home","item":"https:\/\/vikola.pl\/"},{"@type":"ListItem","position":2,"name":"Szafy"}]},{"@type":"WebSite","@id":"https:\/\/vikola.pl\/#website","url":"https:\/\/vikola.pl\/","name":"meble-vikola","description":"Rozwijamy si\u0119 w\u0142a\u015bnie dla was","publisher":{"@id":"https:\/\/vikola.pl\/#organization"},"potentialAction":[{"@type":"SearchAction","target":{"@type":"EntryPoint","urlTemplate":"https:\/\/vikola.pl\/?s={search_term_string}"},"query-input":"required name=search_term_string"}],"inLanguage":"en-US"},{"@type":"Organization","@id":"https:\/\/vikola.pl\/#organization","name":"meble-vikola","url":"https:\/\/vikola.pl\/","logo":{"@type":"ImageObject","inLanguage":"en-US","@id":"https:\/\/vikola.pl\/#\/schema\/logo\/image\/","url":"https:\/\/vikola.pl\/wp-content\/uploads\/2024\/03\/vikola-logo-bez.jpg","contentUrl":"https:\/\/vikola.pl\/wp-content\/uploads\/2024\/03\/vikola-logo-bez.jpg","width":152,"height":129,"caption":"meble-vikola"},"image":{"@id":"https:\/\/vikola.pl\/#\/schema\/logo\/image\/"}}]}},"_links":{"self":[{"href":"https:\/\/vikola.pl\/index.php?rest_route=\/wp\/v2\/pages\/447","targetHints":{"allow":["GET"]}}],"collection":[{"href":"https:\/\/vikola.pl\/index.php?rest_route=\/wp\/v2\/pages"}],"about":[{"href":"https:\/\/vikola.pl\/index.php?rest_route=\/wp\/v2\/types\/page"}],"author":[{"embeddable":true,"href":"https:\/\/vikola.pl\/index.php?rest_route=\/wp\/v2\/users\/1"}],"replies":[{"embeddable":true,"href":"https:\/\/vikola.pl\/index.php?rest_route=%2Fwp%2Fv2%2Fcomments&post=447"}],"version-history":[{"count":8,"href":"https:\/\/vikola.pl\/index.php?rest_route=\/wp\/v2\/pages\/447\/revisions"}],"predecessor-version":[{"id":609,"href":"https:\/\/vikola.pl\/index.php?rest_route=\/wp\/v2\/pages\/447\/revisions\/609"}],"wp:attachment":[{"href":"https:\/\/vikola.pl\/index.php?rest_route=%2Fwp%2Fv2%2Fmedia&parent=447"}],"curies":[{"name":"wp","href":"https:\/\/api.w.org\/{rel}","templated":true}]}}