{"id":525,"date":"2024-03-16T19:12:24","date_gmt":"2024-03-16T18:12:24","guid":{"rendered":"http:\/\/test.meble-vikola.pl\/?page_id=525"},"modified":"2024-03-30T11:05:03","modified_gmt":"2024-03-30T10:05:03","slug":"zabudowa-prosta","status":"publish","type":"page","link":"https:\/\/vikola.pl\/?page_id=525","title":{"rendered":"Zabudowa prosta"},"content":{"rendered":"\n<figure class=\"wp-block-gallery has-nested-images columns-default is-cropped wp-block-gallery-1 is-layout-flex wp-block-gallery-is-layout-flex\">\n<figure class=\"wp-block-image size-large\"><img fetchpriority=\"high\" decoding=\"async\" width=\"700\" height=\"469\" data-id=\"528\" src=\"https:\/\/vikola.pl\/wp-content\/uploads\/2024\/03\/1_big-74.jpg\" alt=\"\" class=\"wp-image-528\" srcset=\"https:\/\/vikola.pl\/wp-content\/uploads\/2024\/03\/1_big-74.jpg 700w, https:\/\/vikola.pl\/wp-content\/uploads\/2024\/03\/1_big-74-300x201.jpg 300w\" sizes=\"(max-width: 700px) 100vw, 700px\" \/><figcaption class=\"wp-element-caption\">SONY DSC<\/figcaption><\/figure>\n\n\n\n<figure class=\"wp-block-image size-large\"><img decoding=\"async\" width=\"700\" height=\"469\" data-id=\"533\" src=\"https:\/\/vikola.pl\/wp-content\/uploads\/2024\/03\/2_big-33.jpg\" alt=\"\" class=\"wp-image-533\" srcset=\"https:\/\/vikola.pl\/wp-content\/uploads\/2024\/03\/2_big-33.jpg 700w, https:\/\/vikola.pl\/wp-content\/uploads\/2024\/03\/2_big-33-300x201.jpg 300w\" sizes=\"(max-width: 700px) 100vw, 700px\" \/><figcaption class=\"wp-element-caption\">SONY DSC<\/figcaption><\/figure>\n\n\n\n<figure class=\"wp-block-image size-large\"><img decoding=\"async\" width=\"469\" height=\"700\" data-id=\"531\" src=\"https:\/\/vikola.pl\/wp-content\/uploads\/2024\/03\/3_big-32.jpg\" alt=\"\" class=\"wp-image-531\" srcset=\"https:\/\/vikola.pl\/wp-content\/uploads\/2024\/03\/3_big-32.jpg 469w, https:\/\/vikola.pl\/wp-content\/uploads\/2024\/03\/3_big-32-201x300.jpg 201w\" sizes=\"(max-width: 469px) 100vw, 469px\" \/><figcaption class=\"wp-element-caption\">SONY DSC<\/figcaption><\/figure>\n\n\n\n<figure class=\"wp-block-image size-large\"><img loading=\"lazy\" decoding=\"async\" width=\"700\" height=\"513\" data-id=\"526\" src=\"https:\/\/vikola.pl\/wp-content\/uploads\/2024\/03\/4_big-30.jpg\" alt=\"\" class=\"wp-image-526\" srcset=\"https:\/\/vikola.pl\/wp-content\/uploads\/2024\/03\/4_big-30.jpg 700w, https:\/\/vikola.pl\/wp-content\/uploads\/2024\/03\/4_big-30-300x220.jpg 300w\" sizes=\"(max-width: 700px) 100vw, 700px\" \/><figcaption class=\"wp-element-caption\">SONY DSC<\/figcaption><\/figure>\n\n\n\n<figure class=\"wp-block-image size-large\"><img loading=\"lazy\" decoding=\"async\" width=\"469\" height=\"700\" data-id=\"532\" src=\"https:\/\/vikola.pl\/wp-content\/uploads\/2024\/03\/5_big-22.jpg\" alt=\"\" class=\"wp-image-532\" srcset=\"https:\/\/vikola.pl\/wp-content\/uploads\/2024\/03\/5_big-22.jpg 469w, https:\/\/vikola.pl\/wp-content\/uploads\/2024\/03\/5_big-22-201x300.jpg 201w\" sizes=\"(max-width: 469px) 100vw, 469px\" \/><figcaption class=\"wp-element-caption\">SONY DSC<\/figcaption><\/figure>\n\n\n\n<figure class=\"wp-block-image size-large\"><img loading=\"lazy\" decoding=\"async\" width=\"469\" height=\"656\" data-id=\"530\" src=\"https:\/\/vikola.pl\/wp-content\/uploads\/2024\/03\/6_big-18.jpg\" alt=\"\" class=\"wp-image-530\" srcset=\"https:\/\/vikola.pl\/wp-content\/uploads\/2024\/03\/6_big-18.jpg 469w, https:\/\/vikola.pl\/wp-content\/uploads\/2024\/03\/6_big-18-214x300.jpg 214w\" sizes=\"(max-width: 469px) 100vw, 469px\" \/><figcaption class=\"wp-element-caption\">SONY DSC<\/figcaption><\/figure>\n\n\n\n<figure class=\"wp-block-image size-large\"><img loading=\"lazy\" decoding=\"async\" width=\"500\" height=\"747\" data-id=\"527\" src=\"https:\/\/vikola.pl\/wp-content\/uploads\/2024\/03\/7_big-15.jpg\" alt=\"\" class=\"wp-image-527\" srcset=\"https:\/\/vikola.pl\/wp-content\/uploads\/2024\/03\/7_big-15.jpg 500w, https:\/\/vikola.pl\/wp-content\/uploads\/2024\/03\/7_big-15-201x300.jpg 201w\" sizes=\"(max-width: 500px) 100vw, 500px\" \/><figcaption class=\"wp-element-caption\">SONY DSC<\/figcaption><\/figure>\n\n\n\n<figure class=\"wp-block-image size-large\"><img loading=\"lazy\" decoding=\"async\" width=\"500\" height=\"700\" data-id=\"529\" src=\"https:\/\/vikola.pl\/wp-content\/uploads\/2024\/03\/8_big-8.jpg\" alt=\"\" class=\"wp-image-529\" srcset=\"https:\/\/vikola.pl\/wp-content\/uploads\/2024\/03\/8_big-8.jpg 500w, https:\/\/vikola.pl\/wp-content\/uploads\/2024\/03\/8_big-8-214x300.jpg 214w\" sizes=\"(max-width: 500px) 100vw, 500px\" \/><figcaption class=\"wp-element-caption\">SONY DSC<\/figcaption><\/figure>\n<\/figure>\n","protected":false},"excerpt":{"rendered":"","protected":false},"author":1,"featured_media":0,"parent":0,"menu_order":0,"comment_status":"closed","ping_status":"closed","template":"","meta":{"footnotes":""},"class_list":["post-525","page","type-page","status-publish","hentry"],"yoast_head":"<!-- This site is optimized with the Yoast SEO plugin v22.2 - https:\/\/yoast.com\/wordpress\/plugins\/seo\/ -->\n<title>Zabudowa prosta - meble-vikola<\/title>\n<meta name=\"robots\" content=\"index, follow, max-snippet:-1, max-image-preview:large, max-video-preview:-1\" \/>\n<link rel=\"canonical\" href=\"https:\/\/vikola.pl\/?page_id=525\" \/>\n<meta property=\"og:locale\" content=\"en_US\" \/>\n<meta property=\"og:type\" content=\"article\" \/>\n<meta property=\"og:title\" content=\"Zabudowa prosta - meble-vikola\" \/>\n<meta property=\"og:url\" content=\"https:\/\/vikola.pl\/?page_id=525\" \/>\n<meta property=\"og:site_name\" content=\"meble-vikola\" \/>\n<meta property=\"article:modified_time\" content=\"2024-03-30T10:05:03+00:00\" \/>\n<meta property=\"og:image\" content=\"https:\/\/vikola.pl\/wp-content\/uploads\/2024\/03\/1_big-74.jpg\" \/>\n<meta name=\"twitter:card\" content=\"summary_large_image\" \/>\n<meta name=\"twitter:label1\" content=\"Est. reading time\" \/>\n\t<meta name=\"twitter:data1\" content=\"2 minutes\" \/>\n<script type=\"application\/ld+json\" class=\"yoast-schema-graph\">{\"@context\":\"https:\/\/schema.org\",\"@graph\":[{\"@type\":\"WebPage\",\"@id\":\"https:\/\/vikola.pl\/?page_id=525\",\"url\":\"https:\/\/vikola.pl\/?page_id=525\",\"name\":\"Zabudowa prosta - meble-vikola\",\"isPartOf\":{\"@id\":\"https:\/\/vikola.pl\/#website\"},\"primaryImageOfPage\":{\"@id\":\"https:\/\/vikola.pl\/?page_id=525#primaryimage\"},\"image\":{\"@id\":\"https:\/\/vikola.pl\/?page_id=525#primaryimage\"},\"thumbnailUrl\":\"https:\/\/vikola.pl\/wp-content\/uploads\/2024\/03\/1_big-74.jpg\",\"datePublished\":\"2024-03-16T18:12:24+00:00\",\"dateModified\":\"2024-03-30T10:05:03+00:00\",\"breadcrumb\":{\"@id\":\"https:\/\/vikola.pl\/?page_id=525#breadcrumb\"},\"inLanguage\":\"en-US\",\"potentialAction\":[{\"@type\":\"ReadAction\",\"target\":[\"https:\/\/vikola.pl\/?page_id=525\"]}]},{\"@type\":\"ImageObject\",\"inLanguage\":\"en-US\",\"@id\":\"https:\/\/vikola.pl\/?page_id=525#primaryimage\",\"url\":\"https:\/\/vikola.pl\/wp-content\/uploads\/2024\/03\/1_big-74.jpg\",\"contentUrl\":\"https:\/\/vikola.pl\/wp-content\/uploads\/2024\/03\/1_big-74.jpg\",\"width\":700,\"height\":469,\"caption\":\"SONY DSC\"},{\"@type\":\"BreadcrumbList\",\"@id\":\"https:\/\/vikola.pl\/?page_id=525#breadcrumb\",\"itemListElement\":[{\"@type\":\"ListItem\",\"position\":1,\"name\":\"Home\",\"item\":\"https:\/\/vikola.pl\/\"},{\"@type\":\"ListItem\",\"position\":2,\"name\":\"Zabudowa prosta\"}]},{\"@type\":\"WebSite\",\"@id\":\"https:\/\/vikola.pl\/#website\",\"url\":\"https:\/\/vikola.pl\/\",\"name\":\"meble-vikola\",\"description\":\"Rozwijamy si\u0119 w\u0142a\u015bnie dla was\",\"publisher\":{\"@id\":\"https:\/\/vikola.pl\/#organization\"},\"potentialAction\":[{\"@type\":\"SearchAction\",\"target\":{\"@type\":\"EntryPoint\",\"urlTemplate\":\"https:\/\/vikola.pl\/?s={search_term_string}\"},\"query-input\":\"required name=search_term_string\"}],\"inLanguage\":\"en-US\"},{\"@type\":\"Organization\",\"@id\":\"https:\/\/vikola.pl\/#organization\",\"name\":\"meble-vikola\",\"url\":\"https:\/\/vikola.pl\/\",\"logo\":{\"@type\":\"ImageObject\",\"inLanguage\":\"en-US\",\"@id\":\"https:\/\/vikola.pl\/#\/schema\/logo\/image\/\",\"url\":\"https:\/\/vikola.pl\/wp-content\/uploads\/2024\/03\/vikola-logo-bez.jpg\",\"contentUrl\":\"https:\/\/vikola.pl\/wp-content\/uploads\/2024\/03\/vikola-logo-bez.jpg\",\"width\":152,\"height\":129,\"caption\":\"meble-vikola\"},\"image\":{\"@id\":\"https:\/\/vikola.pl\/#\/schema\/logo\/image\/\"}}]}<\/script>\n<!-- \/ Yoast SEO plugin. -->","yoast_head_json":{"title":"Zabudowa prosta - meble-vikola","robots":{"index":"index","follow":"follow","max-snippet":"max-snippet:-1","max-image-preview":"max-image-preview:large","max-video-preview":"max-video-preview:-1"},"canonical":"https:\/\/vikola.pl\/?page_id=525","og_locale":"en_US","og_type":"article","og_title":"Zabudowa prosta - meble-vikola","og_url":"https:\/\/vikola.pl\/?page_id=525","og_site_name":"meble-vikola","article_modified_time":"2024-03-30T10:05:03+00:00","og_image":[{"url":"https:\/\/vikola.pl\/wp-content\/uploads\/2024\/03\/1_big-74.jpg"}],"twitter_card":"summary_large_image","twitter_misc":{"Est. reading time":"2 minutes"},"schema":{"@context":"https:\/\/schema.org","@graph":[{"@type":"WebPage","@id":"https:\/\/vikola.pl\/?page_id=525","url":"https:\/\/vikola.pl\/?page_id=525","name":"Zabudowa prosta - meble-vikola","isPartOf":{"@id":"https:\/\/vikola.pl\/#website"},"primaryImageOfPage":{"@id":"https:\/\/vikola.pl\/?page_id=525#primaryimage"},"image":{"@id":"https:\/\/vikola.pl\/?page_id=525#primaryimage"},"thumbnailUrl":"https:\/\/vikola.pl\/wp-content\/uploads\/2024\/03\/1_big-74.jpg","datePublished":"2024-03-16T18:12:24+00:00","dateModified":"2024-03-30T10:05:03+00:00","breadcrumb":{"@id":"https:\/\/vikola.pl\/?page_id=525#breadcrumb"},"inLanguage":"en-US","potentialAction":[{"@type":"ReadAction","target":["https:\/\/vikola.pl\/?page_id=525"]}]},{"@type":"ImageObject","inLanguage":"en-US","@id":"https:\/\/vikola.pl\/?page_id=525#primaryimage","url":"https:\/\/vikola.pl\/wp-content\/uploads\/2024\/03\/1_big-74.jpg","contentUrl":"https:\/\/vikola.pl\/wp-content\/uploads\/2024\/03\/1_big-74.jpg","width":700,"height":469,"caption":"SONY DSC"},{"@type":"BreadcrumbList","@id":"https:\/\/vikola.pl\/?page_id=525#breadcrumb","itemListElement":[{"@type":"ListItem","position":1,"name":"Home","item":"https:\/\/vikola.pl\/"},{"@type":"ListItem","position":2,"name":"Zabudowa prosta"}]},{"@type":"WebSite","@id":"https:\/\/vikola.pl\/#website","url":"https:\/\/vikola.pl\/","name":"meble-vikola","description":"Rozwijamy si\u0119 w\u0142a\u015bnie dla was","publisher":{"@id":"https:\/\/vikola.pl\/#organization"},"potentialAction":[{"@type":"SearchAction","target":{"@type":"EntryPoint","urlTemplate":"https:\/\/vikola.pl\/?s={search_term_string}"},"query-input":"required name=search_term_string"}],"inLanguage":"en-US"},{"@type":"Organization","@id":"https:\/\/vikola.pl\/#organization","name":"meble-vikola","url":"https:\/\/vikola.pl\/","logo":{"@type":"ImageObject","inLanguage":"en-US","@id":"https:\/\/vikola.pl\/#\/schema\/logo\/image\/","url":"https:\/\/vikola.pl\/wp-content\/uploads\/2024\/03\/vikola-logo-bez.jpg","contentUrl":"https:\/\/vikola.pl\/wp-content\/uploads\/2024\/03\/vikola-logo-bez.jpg","width":152,"height":129,"caption":"meble-vikola"},"image":{"@id":"https:\/\/vikola.pl\/#\/schema\/logo\/image\/"}}]}},"_links":{"self":[{"href":"https:\/\/vikola.pl\/index.php?rest_route=\/wp\/v2\/pages\/525","targetHints":{"allow":["GET"]}}],"collection":[{"href":"https:\/\/vikola.pl\/index.php?rest_route=\/wp\/v2\/pages"}],"about":[{"href":"https:\/\/vikola.pl\/index.php?rest_route=\/wp\/v2\/types\/page"}],"author":[{"embeddable":true,"href":"https:\/\/vikola.pl\/index.php?rest_route=\/wp\/v2\/users\/1"}],"replies":[{"embeddable":true,"href":"https:\/\/vikola.pl\/index.php?rest_route=%2Fwp%2Fv2%2Fcomments&post=525"}],"version-history":[{"count":2,"href":"https:\/\/vikola.pl\/index.php?rest_route=\/wp\/v2\/pages\/525\/revisions"}],"predecessor-version":[{"id":610,"href":"https:\/\/vikola.pl\/index.php?rest_route=\/wp\/v2\/pages\/525\/revisions\/610"}],"wp:attachment":[{"href":"https:\/\/vikola.pl\/index.php?rest_route=%2Fwp%2Fv2%2Fmedia&parent=525"}],"curies":[{"name":"wp","href":"https:\/\/api.w.org\/{rel}","templated":true}]}}